{"id":161,"date":"2024-11-05T08:48:06","date_gmt":"2024-11-05T08:48:06","guid":{"rendered":"https:\/\/3dprinter.vn\/?page_id=161"},"modified":"2024-11-05T13:00:56","modified_gmt":"2024-11-05T13:00:56","slug":"ve-chung-toi","status":"publish","type":"page","link":"https:\/\/3dprinter.vn\/en\/ve-chung-toi\/","title":{"rendered":"About Us"},"content":{"rendered":"<h1 class=\"wp-block-heading alignwide has-text-align-center has-x-large-font-size\" style=\"line-height:1.2\"><strong>Ti\u00ean phong trong ng\u00e0nh c\u00f4ng ngh\u1ec7 in 3D t\u1ea1i Vi\u1ec7t Nam<\/strong><\/h1>\n\n\n\n<div style=\"height:29px\" aria-hidden=\"true\" class=\"wp-block-spacer\"><\/div>\n\n\n\n<p>H\u01a1n 10 n\u0103m tr\u01b0\u1edbc, ch\u00fang t\u00f4i l\u00e0 m\u1ed9t trong nh\u1eefng c\u00f4ng ty \u0111\u1ea7u ti\u00ean t\u1ea1i Vi\u1ec7t Nam d\u1ea5n th\u00e2n v\u00e0o th\u1ecb tr\u01b0\u1eddng in 3D. T\u1eeb nh\u1eefng chi\u1ebfc m\u00e1y in 3D \u0111\u1ec3 b\u00e0n ph\u1ee5c v\u1ee5 c\u00e1c nh\u00e0 s\u00e1ng t\u1ea1o, k\u1ef9 s\u01b0 v\u00e0 nh\u00e0 s\u1ea3n xu\u1ea5t, ch\u00fang t\u00f4i \u0111\u00e3 g\u00f3p ph\u1ea7n ph\u00e1t tri\u1ec3n c\u00f4ng ngh\u1ec7 in 3D th\u00e0nh m\u1ed9t c\u00f4ng c\u1ee5 quan tr\u1ecdng trong s\u1ea3n xu\u1ea5t.<\/p>\n\n\n\n<p><strong>B\u01b0\u1edbc ph\u00e1t tri\u1ec3n m\u1edbi &#8211; Ch\u1ebf t\u1ea1o v\u00e0 chuy\u1ec3n giao c\u00f4ng ngh\u1ec7 in 3D c\u00f4ng nghi\u1ec7p<\/strong><\/p>\n\n\n\n<p>V\u1edbi ni\u1ec1m \u0111am m\u00ea v\u00e0 kinh nghi\u1ec7m d\u00e0y d\u1eb7n, ch\u00fang t\u00f4i \u0111\u00e3 m\u1edf r\u1ed9ng quy m\u00f4 s\u1ea3n xu\u1ea5t, t\u1eeb c\u00e1c d\u00f2ng m\u00e1y in 3D \u0111\u1ec3 b\u00e0n nh\u1ecf g\u1ecdn sang nh\u1eefng m\u00e1y in 3D kh\u1ed5ng l\u1ed3, s\u1eb5n s\u00e0ng \u1ee9ng d\u1ee5ng v\u00e0o x\u00e2y d\u1ef1ng v\u00e0 s\u1ea3n xu\u1ea5t c\u00f4ng nghi\u1ec7p. Hi\u1ec7n nay, ch\u00fang t\u00f4i kh\u00f4ng ch\u1ec9 cung c\u1ea5p c\u00e1c m\u00e1y in 3D b\u00ea t\u00f4ng v\u00e0 composite quy m\u00f4 l\u1edbn m\u00e0 c\u00f2n chuy\u00ean \u0111\u00e0o t\u1ea1o v\u00e0 chuy\u1ec3n giao c\u00f4ng ngh\u1ec7 in 3D ti\u00ean ti\u1ebfn n\u00e0y cho \u0111\u1ed1i t\u00e1c.<\/p>\n\n\n\n<p><strong>D\u1ef1 \u00e1n ch\u1ebf t\u1ea1o m\u00e1y in b\u00ea t\u00f4ng kh\u1ed5ng l\u1ed3 t\u1ea1i Vi\u1ec7t Nam<\/strong><\/p>\n\n\n\n<p>N\u0103m 2022, ch\u00fang t\u00f4i tham gia v\u00e0o d\u1ef1 \u00e1n nghi\u00ean c\u1ee9u v\u00e0 ph\u00e1t tri\u1ec3n m\u00e1y in b\u00ea t\u00f4ng kh\u1ed5ng l\u1ed3 \u0111\u1ea7u ti\u00ean t\u1ea1i Vi\u1ec7t Nam, h\u1ee3p t\u00e1c v\u1edbi S\u1edf Khoa h\u1ecdc C\u00f4ng ngh\u1ec7 TP.HCM v\u00e0 \u0110\u1ea1i h\u1ecdc B\u00e1ch Khoa TP.HCM. V\u1edbi k\u00edch th\u01b0\u1edbc x\u00e2y d\u1ef1ng l\u00ean \u0111\u1ebfn 10m x 30m x 4m, m\u00e1y in n\u00e0y \u0111\u00e3 \u0111\u01b0\u1ee3c th\u1eed nghi\u1ec7m th\u00e0nh c\u00f4ng trong vi\u1ec7c in c\u00e1c c\u0103n nh\u00e0 b\u00ea t\u00f4ng v\u1edbi di\u1ec7n t\u00edch l\u1edbn. Nh\u1eefng c\u00f4ng tr\u00ecnh n\u00e0y kh\u00f4ng ch\u1ec9 \u0111\u00e1p \u1ee9ng c\u00e1c ti\u00eau chu\u1ea9n b\u1ec1n v\u1eefng m\u00e0 c\u00f2n m\u1edf ra ti\u1ec1m n\u0103ng \u1ee9ng d\u1ee5ng r\u1ed9ng r\u00e3i trong l\u0129nh v\u1ef1c x\u00e2y d\u1ef1ng.<\/p>\n\n\n\n<p><strong>Ph\u00e1t tri\u1ec3n m\u00e1y in 3D composite kh\u1ed5ng l\u1ed3<\/strong><\/p>\n\n\n\n<p>N\u0103m 2023, ch\u00fang t\u00f4i ti\u1ebfp t\u1ee5c ti\u00ean phong khi ph\u00e1t tri\u1ec3n v\u00e0 \u0111\u01b0a v\u00e0o khai th\u00e1c \u1ed5n \u0111\u1ecbnh m\u00e1y in 3D composite kh\u1ed5ng l\u1ed3 \u0111\u1ea7u ti\u00ean t\u1ea1i Vi\u1ec7t Nam v\u00e0 th\u1ee9 hai tr\u00ean th\u1ebf gi\u1edbi sau \u0110\u1ea1i h\u1ecdc Maine (Hoa K\u1ef3). M\u00e1y in n\u00e0y c\u00f3 k\u00edch th\u01b0\u1edbc l\u00e0m vi\u1ec7c t\u1ed1i \u0111a 6m x 9m x 3.5m, cho ph\u00e9p t\u1ea1o ra c\u00e1c s\u1ea3n ph\u1ea9m l\u1edbn v\u1edbi \u0111\u1ed9 ch\u00ednh x\u00e1c v\u00e0 ch\u1ea5t l\u01b0\u1ee3ng cao, \u0111\u00e1p \u1ee9ng nhu c\u1ea7u s\u1ea3n xu\u1ea5t c\u00e1c c\u1ea5u tr\u00fac composite cho x\u00e2y d\u1ef1ng v\u00e0 n\u1ed9i th\u1ea5t.<\/p>\n\n\n\n<p><strong>Cam k\u1ebft v\u00e0 t\u1ea7m nh\u00ecn<\/strong><\/p>\n\n\n\n<p>Ch\u00fang t\u00f4i cam k\u1ebft mang \u0111\u1ebfn c\u00e1c s\u1ea3n ph\u1ea9m m\u00e1y in 3D b\u00ea t\u00f4ng v\u00e0 composite \u0111\u1ea1t ti\u00eau chu\u1ea9n cao, \u0111\u1ed3ng th\u1eddi cung c\u1ea5p d\u1ecbch v\u1ee5 chuy\u1ec3n giao c\u00f4ng ngh\u1ec7 to\u00e0n di\u1ec7n. T\u1eeb l\u1eafp \u0111\u1eb7t \u0111\u1ebfn \u0111\u00e0o t\u1ea1o v\u1eadn h\u00e0nh, \u0111\u1ed9i ng\u0169 k\u1ef9 thu\u1eadt c\u1ee7a ch\u00fang t\u00f4i lu\u00f4n s\u1eb5n s\u00e0ng h\u1ed7 tr\u1ee3 kh\u00e1ch h\u00e0ng m\u1ed9t c\u00e1ch t\u1eadn t\u00e2m. V\u1edbi tinh th\u1ea7n s\u00e1ng t\u1ea1o v\u00e0 tr\u00e1ch nhi\u1ec7m, ch\u00fang t\u00f4i h\u01b0\u1edbng \u0111\u1ebfn vi\u1ec7c tr\u1edf th\u00e0nh \u0111\u1ed1i t\u00e1c tin c\u1eady, c\u00f9ng kh\u00e1ch h\u00e0ng x\u00e2y d\u1ef1ng nh\u1eefng gi\u1ea3i ph\u00e1p nh\u00e0 \u1edf v\u00e0 c\u00f4ng tr\u00ecnh hi\u1ec7n \u0111\u1ea1i, b\u1ec1n v\u1eefng trong t\u01b0\u01a1ng lai.<\/p>","protected":false},"excerpt":{"rendered":"<p>Ti\u00ean phong trong ng\u00e0nh c\u00f4ng ngh\u1ec7 in 3D t\u1ea1i Vi\u1ec7t Nam H\u01a1n 10 n\u0103m tr\u01b0\u1edbc, ch\u00fang t\u00f4i l\u00e0 m\u1ed9t trong nh\u1eefng c\u00f4ng ty \u0111\u1ea7u ti\u00ean t\u1ea1i Vi\u1ec7t Nam d\u1ea5n th\u00e2n v\u00e0o th\u1ecb tr\u01b0\u1eddng in 3D. T\u1eeb nh\u1eefng chi\u1ebfc m\u00e1y in 3D \u0111\u1ec3 b\u00e0n ph\u1ee5c v\u1ee5 c\u00e1c nh\u00e0 s\u00e1ng t\u1ea1o, k\u1ef9 s\u01b0 v\u00e0 nh\u00e0 s\u1ea3n xu\u1ea5t, [&hellip;]<\/p>","protected":false},"author":1,"featured_media":0,"parent":0,"menu_order":0,"comment_status":"closed","ping_status":"closed","template":"","meta":{"footnotes":""},"class_list":["post-161","page","type-page","status-publish","hentry"],"_links":{"self":[{"href":"https:\/\/3dprinter.vn\/en\/wp-json\/wp\/v2\/pages\/161","targetHints":{"allow":["GET"]}}],"collection":[{"href":"https:\/\/3dprinter.vn\/en\/wp-json\/wp\/v2\/pages"}],"about":[{"href":"https:\/\/3dprinter.vn\/en\/wp-json\/wp\/v2\/types\/page"}],"author":[{"embeddable":true,"href":"https:\/\/3dprinter.vn\/en\/wp-json\/wp\/v2\/users\/1"}],"replies":[{"embeddable":true,"href":"https:\/\/3dprinter.vn\/en\/wp-json\/wp\/v2\/comments?post=161"}],"version-history":[{"count":10,"href":"https:\/\/3dprinter.vn\/en\/wp-json\/wp\/v2\/pages\/161\/revisions"}],"predecessor-version":[{"id":195,"href":"https:\/\/3dprinter.vn\/en\/wp-json\/wp\/v2\/pages\/161\/revisions\/195"}],"wp:attachment":[{"href":"https:\/\/3dprinter.vn\/en\/wp-json\/wp\/v2\/media?parent=161"}],"curies":[{"name":"wp","href":"https:\/\/api.w.org\/{rel}","templated":true}]}}