{"id":477,"date":"2025-06-25T14:38:42","date_gmt":"2025-06-25T14:38:42","guid":{"rendered":"https:\/\/3dprinter.vn\/?page_id=477"},"modified":"2025-06-26T07:30:05","modified_gmt":"2025-06-26T07:30:05","slug":"may-in-3d-cong-nghiep","status":"publish","type":"page","link":"https:\/\/3dprinter.vn\/en\/may-in-3d-cong-nghiep\/","title":{"rendered":"M\u00e1y In 3D C\u00f4ng Nghi\u1ec7p \u2013 Gi\u1ea3i Ph\u00e1p Hi\u1ec7n \u0110\u1ea1i Cho Doanh Nghi\u1ec7p S\u1ea3n Xu\u1ea5t"},"content":{"rendered":"<hr class=\"wp-block-separator has-alpha-channel-opacity\"\/>\n\n\n\n<figure class=\"wp-block-image size-large\"><img loading=\"lazy\" decoding=\"async\" width=\"1024\" height=\"576\" src=\"https:\/\/3dprinter.vn\/wp-content\/uploads\/2024\/11\/20200818_064048-1024x576.jpg\" alt=\"may-in-3d-cong-nghiep-mat-truoc\" class=\"wp-image-476\" title=\"\" srcset=\"https:\/\/3dprinter.vn\/wp-content\/uploads\/2024\/11\/20200818_064048-1024x576.jpg 1024w, https:\/\/3dprinter.vn\/wp-content\/uploads\/2024\/11\/20200818_064048-300x169.jpg 300w, https:\/\/3dprinter.vn\/wp-content\/uploads\/2024\/11\/20200818_064048-768x432.jpg 768w, https:\/\/3dprinter.vn\/wp-content\/uploads\/2024\/11\/20200818_064048-1536x864.jpg 1536w, https:\/\/3dprinter.vn\/wp-content\/uploads\/2024\/11\/20200818_064048-2048x1152.jpg 2048w, https:\/\/3dprinter.vn\/wp-content\/uploads\/2024\/11\/20200818_064048-18x10.jpg 18w, https:\/\/3dprinter.vn\/wp-content\/uploads\/2024\/11\/20200818_064048-600x338.jpg 600w\" sizes=\"auto, (max-width: 1024px) 100vw, 1024px\" \/><figcaption class=\"wp-element-caption\">m\u00e1y in 3D chu\u1ea9n c\u00f4ng nghi\u1ec7p<\/figcaption><\/figure>\n\n\n\n<h3 class=\"wp-block-heading\">&#x1f4cc; M\u00e1y In 3D C\u00f4ng Nghi\u1ec7p ch\u00fang t\u00f4i s\u1ea3n xu\u1ea5t c\u00f3 g\u00ec \u0111\u1eb7c bi\u1ec7t?<\/h3>\n\n\n\n<blockquote class=\"wp-block-quote is-layout-flow wp-block-quote-is-layout-flow\">\n<p><strong>M\u00e1y in 3D c\u00f4ng nghi\u1ec7p<\/strong> <strong>AK<\/strong> c\u00f3 kh\u1ea3 n\u0103ng in c\u00e1c chi ti\u1ebft, m\u00f4 h\u00ecnh ho\u1eb7c khu\u00f4n c\u00f3 k\u00edch th\u01b0\u1edbc l\u1edbn t\u1eeb 0.8m \u0111\u1ebfn 3m.<br>\u0110\u00e2y l\u00e0 m\u00e1y in 3D FDM \u0111a s\u1ee3i nh\u1ef1a c\u00f9ng l\u00fac ho\u1eb7c \u0111\u1ea7u \u0111\u00f9n pellet, d\u00f2ng m\u00e1y n\u00e0y cho ph\u00e9p doanh nghi\u1ec7p t\u1ea1o m\u1eabu nhanh, gia c\u00f4ng tr\u1ef1c ti\u1ebfp v\u1edbi chi ph\u00ed th\u1ea5p v\u00e0 hi\u1ec7u su\u1ea5t cao.<\/p>\n<\/blockquote>\n\n\n\n<hr class=\"wp-block-separator has-alpha-channel-opacity\"\/>\n\n\n\n<h4 class=\"wp-block-heading\">&#x1f3af; C\u1ea7n in 3D kh\u1ed5 l\u1edbn cho s\u1ea3n xu\u1ea5t nh\u01b0ng gi\u00e1 h\u1ee3p l\u00fd, d\u1ec5 b\u1ea3o tr\u00ec?<\/h4>\n\n\n\n<p><strong>3DPrinter.vn<\/strong> gi\u1edbi thi\u1ec7u d\u00f2ng m\u00e1y in 3D c\u00f4ng nghi\u1ec7p FDM &amp; Pellet, \u0111\u01b0\u1ee3c thi\u1ebft k\u1ebf \u0111\u1eb7c bi\u1ec7t cho c\u00e1c x\u01b0\u1edfng s\u1ea3n xu\u1ea5t v\u1eeba v\u00e0 l\u1edbn t\u1ea1i Vi\u1ec7t Nam. Kh\u1ea3 n\u0103ng l\u00e0m vi\u1ec7c c\u1ee7a m\u00e1y t\u01b0\u01a1ng t\u1ef1 nh\u01b0 <a href=\"https:\/\/bigrep.com\/3d-printers\/\" data-type=\"link\" data-id=\"https:\/\/bigrep.com\/3d-printers\/\" target=\"_blank\" rel=\"noopener\">m\u00e1y in 3D Bigrep<\/a> nh\u1eadp kh\u1ea9u nh\u01b0ng \u0111\u00e3 \u0111\u01b0\u1ee3c t\u1ed1i \u01b0u ph\u00f9 h\u1ee3p \u0111i\u1ec1u ki\u1ec7n v\u1eadt li\u1ec7u, v\u1eadt t\u01b0 ti\u00eau hao v\u00e0 \u0111i\u1ec1u ki\u1ec7n v\u1eadn h\u00e0nh t\u1ea1i Vi\u1ec7t Nam<br>Ph\u00f9 h\u1ee3p cho:<\/p>\n\n\n\n<ul class=\"wp-block-list\">\n<li>In khu\u00f4n m\u1eabu, t\u01b0\u1ee3ng, m\u00f4 h\u00ecnh k\u00edch th\u01b0\u1edbc l\u1edbn<\/li>\n\n\n\n<li>Thi\u1ebft k\u1ebf body kit \u00f4 t\u00f4, n\u1ed9i th\u1ea5t \u2013 ngo\u1ea1i th\u1ea5t<\/li>\n\n\n\n<li>S\u1ea3n xu\u1ea5t h\u00e0ng h\u00f3a m\u1eabu ho\u1eb7c s\u1ea3n xu\u1ea5t b\u00e1n c\u00f4ng nghi\u1ec7p<\/li>\n<\/ul>\n\n\n\n<hr class=\"wp-block-separator has-alpha-channel-opacity\"\/>\n\n\n\n<h3 class=\"wp-block-heading\">&#x2705; V\u00ec Sao Doanh Nghi\u1ec7p Ch\u1ecdn M\u00e1y In 3D C\u00f4ng Nghi\u1ec7p C\u1ee7a Ch\u00fang T\u00f4i?<\/h3>\n\n\n\n<figure class=\"wp-block-table\"><table class=\"has-fixed-layout\"><thead><tr><th>\u01afu \u0111i\u1ec3m<\/th><th>L\u1ee3i \u00edch cho doanh nghi\u1ec7p<\/th><\/tr><\/thead><tbody><tr><td>&#x1f1fb;&#x1f1f3; <strong>S\u1ea3n xu\u1ea5t t\u1ea1i Vi\u1ec7t Nam<\/strong><\/td><td>Ch\u1ee7 \u0111\u1ed9ng k\u1ef9 thu\u1eadt, linh ki\u1ec7n d\u1ec5 thay th\u1ebf<\/td><\/tr><tr><td>&#x2699;&#xfe0f; <strong>T\u00f9y ch\u1ec9nh theo ng\u00e0nh ngh\u1ec1<\/strong><\/td><td>D\u1ec5 t\u00edch h\u1ee3p v\u1edbi quy tr\u00ecnh s\u1ea3n xu\u1ea5t c\u00f3 s\u1eb5n<\/td><\/tr><tr><td>&#x1f527; <strong>Kh\u1ed5 in l\u1edbn 0.8 \u2013 3 m\u00e9t<\/strong><\/td><td>Ph\u00f9 h\u1ee3p \u0111a s\u1ed1 \u1ee9ng d\u1ee5ng s\u1ea3n xu\u1ea5t t\u1ea1i Vi\u1ec7t Nam<\/td><\/tr><tr><td>&#x26a1; <strong>T\u1ed1c \u0111\u1ed9 cao<\/strong><\/td><td>Gi\u1ea3m th\u1eddi gian ho\u00e0n thi\u1ec7n s\u1ea3n ph\u1ea9m<\/td><\/tr><tr><td>&#x1f9f5; <strong>Ch\u1ea1y s\u1ee3i 1.75mm ho\u1eb7c nh\u1ef1a h\u1ea1t<\/strong><\/td><td>Linh ho\u1ea1t v\u1eadt li\u1ec7u, t\u1ed1i \u01b0u chi ph\u00ed<\/td><\/tr><\/tbody><\/table><\/figure>\n\n\n\n<hr class=\"wp-block-separator has-alpha-channel-opacity\"\/>\n\n\n\n<h3 class=\"wp-block-heading\">&#x1f300; C\u1ea5u H\u00ecnh M\u00e1y Ph\u1ed5 Bi\u1ebfn \u2013 T\u00f9y Ch\u1ecdn Theo \u1ee8ng D\u1ee5ng<\/h3>\n\n\n\n<figure class=\"wp-block-table\"><table class=\"has-fixed-layout\"><thead><tr><th>Model<\/th><th>Kh\u1ed5 in<\/th><th>V\u1eadt li\u1ec7u<\/th><th>T\u1ed1c \u0111\u1ed9<\/th><th>Ph\u00f9 h\u1ee3p v\u1edbi<\/th><\/tr><\/thead><tbody><tr><td>AK Industrial X1<\/td><td>0.8m-1.5m<\/td><td>1 S\u1ee3i 1.75mm<\/td><td>100\u2013200g\/h<\/td><td>C\u01a1 kh\u00ed, s\u1ea3n ph\u1ea9m nh\u1ecf<\/td><\/tr><tr><td>AK Industrial X3<\/td><td>1.5m-2m<\/td><td>3 S\u1ee3i 1.75mm<\/td><td>300\u2013500g\/h<\/td><td>M\u00f4 h\u00ecnh, t\u01b0\u1ee3ng v\u1eeba<\/td><\/tr><tr><td>AK Industrial X5<\/td><td>2m\u20133m<\/td><td>5 S\u1ee3i 1.75mm<\/td><td>500-1000g\/h<\/td><td>Khu\u00f4n m\u1eabu, body kit, n\u1ed9i th\u1ea5t<\/td><\/tr><tr><td>AK Industrial Pellet<\/td><td>1.5m\u20133m<\/td><td>H\u1ea1t nh\u1ef1a<\/td><td>2\u20135kg\/h<\/td><td>\u0110\u1ed3 n\u1ed9i th\u1ea5t, ngo\u1ea1i th\u1ea5t, t\u01b0\u1ee3ng<\/td><\/tr><\/tbody><\/table><\/figure>\n\n\n\n<hr class=\"wp-block-separator has-alpha-channel-opacity\"\/>\n\n\n\n<p>T\u1eeb m\u00e1y in 3D \u0111a s\u1ee3i nh\u1ef1a g\u1ed9p d\u00f2ng ch\u1ea3y cho \u0111\u1ebfn <a href=\"https:\/\/3dprinter.vn\/en\/product\/may-in-3d-cho-do-xe\/\" data-type=\"link\" data-id=\"https:\/\/3dprinter.vn\/product\/may-in-3d-cho-do-xe\/\">m\u00e1y in 3D h\u1ea1t nh\u1ef1a<\/a> ch\u00fang t\u00f4i \u0111\u1ec1u c\u00f3 th\u1ec3 s\u1ea3n xu\u1ea5t t\u00f9y bi\u1ebfn theo \u0111\u1eb7t h\u00e0ng.<\/p>\n\n\n\n<h3 class=\"wp-block-heading\">&#x1f4a1; \u1ee8ng D\u1ee5ng R\u1ed9ng R\u00e3i Trong C\u00f4ng Nghi\u1ec7p<\/h3>\n\n\n\n<ul class=\"wp-block-list\">\n<li>&#x1f9f1; <strong>Khu\u00f4n \u0111\u00fac composite, khu\u00f4n xi m\u0103ng<\/strong><\/li>\n\n\n\n<li>&#x1f5ff; <strong>T\u01b0\u1ee3ng ngh\u1ec7 thu\u1eadt, t\u01b0\u1ee3ng Ph\u1eadt, \u0111i\u00eau kh\u1eafc<\/strong><\/li>\n\n\n\n<li>&#x1f6e0;&#xfe0f; <strong>B\u1ed9 ph\u1eadn k\u1ef9 thu\u1eadt, \u0111\u1ed3 g\u00e1, khu\u00f4n t\u1ea1m<\/strong><\/li>\n\n\n\n<li>&#x1f697; <strong>Th\u00e2n v\u1ecf \u00f4 t\u00f4 (Body Kit)<\/strong><\/li>\n\n\n\n<li>&#x1f3e2; <strong>M\u00f4 h\u00ecnh tri\u1ec3n l\u00e3m \u2013 bi\u1ec3n qu\u1ea3ng c\u00e1o<\/strong><\/li>\n<\/ul>\n\n\n\n<hr class=\"wp-block-separator has-alpha-channel-opacity\"\/>\n\n\n\n<h3 class=\"wp-block-heading\">&#x2699;&#xfe0f; Th\u00f4ng S\u1ed1 K\u1ef9 Thu\u1eadt T\u00f9y Bi\u1ebfn<\/h3>\n\n\n\n<ul class=\"wp-block-list\">\n<li><strong>Kh\u1ed5 in<\/strong>: t\u1eeb 800mm \u0111\u1ebfn 3000mm<\/li>\n\n\n\n<li><strong>Nozzle<\/strong>: t\u1eeb 0.8mm \u0111\u1ebfn 6.0mm<\/li>\n\n\n\n<li><strong>T\u1ed1c \u0111\u1ed9 in<\/strong>: 40\u2013200 mm\/s<\/li>\n\n\n\n<li><strong>H\u1ed7 tr\u1ee3 v\u1eadt li\u1ec7u<\/strong>: PLA, PETG, ABS, TPU, nh\u1ef1a h\u1ea1t<\/li>\n\n\n\n<li><strong>Khung<\/strong>: Th\u00e9p CNC \u2013 ray tr\u01b0\u1ee3t \u0111\u00f4i<\/li>\n\n\n\n<li><strong>Truy\u1ec1n \u0111\u1ed9ng<\/strong>: CoreXY ho\u1eb7c Gantry \u2013 n\u00e2ng tr\u1ee5c Z b\u1eb1ng v\u00edt bi ho\u1eb7c belt<\/li>\n<\/ul>\n\n\n\n<hr class=\"wp-block-separator has-alpha-channel-opacity\"\/>\n\n\n\n<h3 class=\"wp-block-heading\">&#x1f4e6; H\u1ed7 Tr\u1ee3 Tr\u1ecdn G\u00f3i Cho Doanh Nghi\u1ec7p<\/h3>\n\n\n\n<figure class=\"wp-block-table\"><table class=\"has-fixed-layout\"><thead><tr><th>H\u1ed7 tr\u1ee3<\/th><th>N\u1ed9i dung<\/th><\/tr><\/thead><tbody><tr><td>&#x1f69a; Giao h\u00e0ng t\u1eadn n\u01a1i<\/td><td>To\u00e0n qu\u1ed1c<\/td><\/tr><tr><td>&#x1f527; L\u1eafp \u0111\u1eb7t \u2013 h\u01b0\u1edbng d\u1eabn mi\u1ec5n ph\u00ed<\/td><td>T\u1ea1i x\u01b0\u1edfng<\/td><\/tr><tr><td>&#x1f6e0;&#xfe0f; B\u1ea3o h\u00e0nh 12 th\u00e1ng<\/td><td>H\u1ed7 tr\u1ee3 k\u1ef9 thu\u1eadt tr\u1ecdn \u0111\u1eddi<\/td><\/tr><tr><td>&#x1f501; T\u00f9y ch\u1ec9nh theo y\u00eau c\u1ea7u<\/td><td>\u0110\u1ea7u \u0111\u00f9n, b\u00e0n in, c\u1ea5p li\u1ec7u<\/td><\/tr><\/tbody><\/table><\/figure>\n\n\n\n<hr class=\"wp-block-separator has-alpha-channel-opacity\"\/>\n\n\n\n<h3 class=\"wp-block-heading\">&#x1f4ac; Kh\u00e1ch h\u00e0ng n\u00f3i g\u00ec?<\/h3>\n\n\n\n<blockquote class=\"wp-block-quote is-layout-flow wp-block-quote-is-layout-flow\">\n<p>\u201cM\u00e1y in n\u00e0y \u0111\u01b0\u1ee3c t\u00f9y ch\u1ec9nh theo \u0111\u00fang nhu c\u1ea7u ng\u00e0nh c\u1ee7a t\u00f4i \u2013 kh\u00f4ng ph\u1ea3i m\u1eabu nh\u1eadp kh\u1ea9u n\u1eb7ng n\u1ec1 v\u00e0 kh\u00f4ng t\u01b0\u01a1ng th\u00edch.\u201d<br>\u2013 Anh Quang, x\u01b0\u1edfng c\u01a1 kh\u00ed \u0111\u00fac khu\u00f4n<\/p>\n\n\n\n<p>\u201cD\u00f2ng m\u00e1y in 3D c\u00f4ng nghi\u1ec7p n\u00e0y ph\u00f9 h\u1ee3p ho\u00e0n h\u1ea3o v\u1edbi d\u00e2y chuy\u1ec1n t\u00f4i \u2013 v\u1eeba nhanh, v\u1eeba d\u1ec5 thay th\u1ebf v\u1eadt t\u01b0.\u201d<br>\u2013 A. Ho\u00e0ng, x\u01b0\u1edfng body kit HCM<\/p>\n\n\n\n<p>\u201cGi\u00e1 \u0111\u1ea7u t\u01b0 h\u1ee3p l\u00fd, kh\u00f4ng ph\u1ee5 thu\u1ed9c linh ki\u1ec7n n\u01b0\u1edbc ngo\u00e0i, \u0111\u1ed9i h\u1ed7 tr\u1ee3 k\u1ef9 thu\u1eadt t\u1ed1t.\u201d<br>\u2013 Cty m\u00f4 h\u00ecnh ki\u1ebfn tr\u00fac H\u00e0 N\u1ed9i<\/p>\n<\/blockquote>\n\n\n\n<hr class=\"wp-block-separator has-alpha-channel-opacity\"\/>\n\n\n\n<h3 class=\"wp-block-heading\">&#x1f4de; Li\u00ean h\u1ec7 t\u01b0 v\u1ea5n &amp; b\u00e1o gi\u00e1<\/h3>\n\n\n\n<p>&#x260e;&#xfe0f;&nbsp;<strong>Hotline\/Zalo<\/strong>: 090 292 7599<\/p>\n\n\n\n<p>&#x1f4e7;&nbsp;<strong>Email<\/strong>:&nbsp;<a>3dprinter.vn@gmail.com<\/a><\/p>\n\n\n\n<p>&#x1f3e0;&nbsp;<strong>\u0110\u1ecba ch\u1ec9<\/strong>: 1000 Nguy\u1ec5n Duy Trinh (Valencia Riverside), P.Ph\u00fa H\u1eefu, TP.Th\u1ee7 \u0110\u1ee9c, TP.HCM<\/p>\n\n\n\n<hr class=\"wp-block-separator has-alpha-channel-opacity\"\/>\n\n\n\n<h2 class=\"wp-block-heading\">M\u00e1y in 3D  kh\u1ed5 l\u1edbn 1 &#8211; 3 m\u00e9t<\/h2>\n\n\n\n<blockquote class=\"wp-block-quote is-layout-flow wp-block-quote-is-layout-flow\">\n<p>&#x1f517; B\u1ea1n c\u1ea7n m\u00e1y in chuy\u00ean in chi ti\u1ebft l\u1edbn t\u1eeb 1- 3M?<br>&#x1f449; <a href=\"https:\/\/3dprinter.vn\/en\/product\/may-in-3d-kho-lon\/\">Xem d\u00f2ng m\u00e1y in 3D kh\u1ed5 l\u1edbn 1\u20133m t\u1ea1i \u0111\u00e2y<\/a><\/p>\n<\/blockquote>\n\n\n\n<hr class=\"wp-block-separator has-alpha-channel-opacity\"\/>\n\n\n\n<h2 class=\"wp-block-heading\">M\u00e1y in 3D c\u00f4ng nghi\u1ec7p kh\u1ed5 l\u1edbn tr\u00ean 3 m\u00e9t<\/h2>\n\n\n\n<blockquote class=\"wp-block-quote is-layout-flow wp-block-quote-is-layout-flow\">\n<p>&#x1f517; B\u1ea1n c\u1ea7n m\u00e1y in chuy\u00ean in m\u00f4 h\u00ecnh l\u1edbn, t\u01b0\u1ee3ng, body kit?<br>&#x1f449; <a href=\"https:\/\/3dprinter.vn\/en\/product\/may-in-3d-cong-nghiep\/\">Xem d\u00f2ng m\u00e1y in 3D c\u00f4ng nghi\u1ec7p tr\u00ean 3M t\u1ea1i \u0111\u00e2y<\/a><\/p>\n<\/blockquote>","protected":false},"excerpt":{"rendered":"<p>&#x1f4cc; M\u00e1y In 3D C\u00f4ng Nghi\u1ec7p ch\u00fang t\u00f4i s\u1ea3n xu\u1ea5t c\u00f3 g\u00ec \u0111\u1eb7c bi\u1ec7t? M\u00e1y in 3D c\u00f4ng nghi\u1ec7p AK c\u00f3 kh\u1ea3 n\u0103ng in c\u00e1c chi ti\u1ebft, m\u00f4 h\u00ecnh ho\u1eb7c khu\u00f4n c\u00f3 k\u00edch th\u01b0\u1edbc l\u1edbn t\u1eeb 0.8m \u0111\u1ebfn 3m.\u0110\u00e2y l\u00e0 m\u00e1y in 3D FDM \u0111a s\u1ee3i nh\u1ef1a c\u00f9ng l\u00fac ho\u1eb7c \u0111\u1ea7u \u0111\u00f9n pellet, d\u00f2ng m\u00e1y [&hellip;]<\/p>","protected":false},"author":1,"featured_media":474,"parent":0,"menu_order":0,"comment_status":"closed","ping_status":"closed","template":"","meta":{"footnotes":""},"class_list":["post-477","page","type-page","status-publish","has-post-thumbnail","hentry"],"_links":{"self":[{"href":"https:\/\/3dprinter.vn\/en\/wp-json\/wp\/v2\/pages\/477","targetHints":{"allow":["GET"]}}],"collection":[{"href":"https:\/\/3dprinter.vn\/en\/wp-json\/wp\/v2\/pages"}],"about":[{"href":"https:\/\/3dprinter.vn\/en\/wp-json\/wp\/v2\/types\/page"}],"author":[{"embeddable":true,"href":"https:\/\/3dprinter.vn\/en\/wp-json\/wp\/v2\/users\/1"}],"replies":[{"embeddable":true,"href":"https:\/\/3dprinter.vn\/en\/wp-json\/wp\/v2\/comments?post=477"}],"version-history":[{"count":4,"href":"https:\/\/3dprinter.vn\/en\/wp-json\/wp\/v2\/pages\/477\/revisions"}],"predecessor-version":[{"id":484,"href":"https:\/\/3dprinter.vn\/en\/wp-json\/wp\/v2\/pages\/477\/revisions\/484"}],"wp:featuredmedia":[{"embeddable":true,"href":"https:\/\/3dprinter.vn\/en\/wp-json\/wp\/v2\/media\/474"}],"wp:attachment":[{"href":"https:\/\/3dprinter.vn\/en\/wp-json\/wp\/v2\/media?parent=477"}],"curies":[{"name":"wp","href":"https:\/\/api.w.org\/{rel}","templated":true}]}}