{"id":249,"date":"2024-11-11T09:58:53","date_gmt":"2024-11-11T09:58:53","guid":{"rendered":"https:\/\/3dprinter.vn\/?post_type=product&#038;p=249"},"modified":"2025-10-05T09:04:36","modified_gmt":"2025-10-05T09:04:36","slug":"may-in-tuong-3d","status":"publish","type":"product","link":"https:\/\/3dprinter.vn\/en\/product\/may-in-tuong-3d\/","title":{"rendered":"Ma\u0301y in t\u01b0\u01a1\u0323ng 3D &#8211; Ma\u0301y la\u0300m t\u01b0\u01a1\u0323ng 3D &#8211; Ma\u0301y in 3D t\u01b0\u01a1\u0323ng &#8211; T\u00f4\u0301c \u0111\u00f4\u0323 cao &#8211; V\u00e2\u0323t li\u00ea\u0323u h\u1ea1t nh\u1ef1a Composite"},"content":{"rendered":"<p>&nbsp;<\/p>\n<figure id=\"attachment_412\" aria-describedby=\"caption-attachment-412\" style=\"width: 1024px\" class=\"wp-caption alignnone\"><img loading=\"lazy\" decoding=\"async\" class=\"wp-image-412 size-full\" src=\"https:\/\/3dprinter.vn\/wp-content\/uploads\/2024\/11\/may-in-3d-tuong.png\" alt=\"Ma\u0301y in t\u01b0\u01a1\u0323ng 3D - M\u00e1y l\u00e0m t\u01b0\u1ee3ng - m\u00e1y \u0111\u1ee5c t\u01b0\u1ee3ng\" width=\"1024\" height=\"768\" title=\"\"><figcaption id=\"caption-attachment-412\" class=\"wp-caption-text\">Ma\u0301y in t\u01b0\u01a1\u0323ng 3D<\/figcaption><\/figure>\n<p><img loading=\"lazy\" decoding=\"async\" class=\"wp-image-404 alignnone\" src=\"https:\/\/3dprinter.vn\/wp-content\/uploads\/2024\/11\/z6168467563384_d252822a50deec16e68501b87b2a04fc.jpg\" alt=\"T\u01b0\u1ee3ng ph\u1eadt in 3D\" width=\"1024\" height=\"1366\" title=\"\"><\/p>\n<h3><strong>Ma\u0301y in t\u01b0\u01a1\u0323ng 3D &#8211; Ma\u0301y la\u0300m t\u01b0\u01a1\u0323ng 3D t\u00f4\u0301c \u0111\u00f4\u0323 cao &#8211; Gia\u0309i pha\u0301p cho sa\u0309n xu\u00e2\u0301t t\u01b0\u01a1\u0323ng ng\u01b0\u01a1\u0300i &#8211; T\u01b0\u01a1\u0323ng sa\u0301p &#8211; T\u01b0\u01a1\u0323ng \u0111\u00e2\u0301t se\u0301t<\/strong><\/h3>\n<p>Ma\u0301y in t\u01b0\u01a1\u0323ng 3D Composite chu\u0301ng t\u00f4i cung c\u00e2\u0301p s\u01b0\u0323 v\u01b0\u01a1\u0323t tr\u00f4\u0323i v\u00ea\u0300 ky\u0303 thu\u00e2\u0323t v\u01a1\u0301i vu\u0300ng la\u0300m vi\u00ea\u0323c l\u01a1\u0301n, t\u00f4\u0301c \u0111\u00f4\u0323 in nhanh, gia\u0301 tha\u0300nh ca\u0323nh tranh. V\u01a1\u0301i kha\u0309 n\u0103ng in t\u01b0\u01a1\u0323ng \u0111\u00ea\u0301n ki\u0301ch th\u01b0\u01a1\u0301c 3 me\u0301t, thi\u00ea\u0301t bi\u0323 phu\u0300 h\u01a1\u0323p cho ca\u0301c x\u01b0\u01a1\u0309ng in ngh\u00ea\u0323 thu\u00e2\u0323t l\u01a1\u0301n va\u0300 nho\u0309, sa\u0309n xu\u00e2\u0301t t\u01b0\u01a1\u0323ng trang tri\u0301, t\u01b0\u01a1\u0323ng ch\u00e2n dung hay ca\u0301c ta\u0301c ph\u00e2\u0309m \u0111i\u00eau kh\u0103\u0301c ph\u01b0\u0301c ta\u0323p kha\u0301c. \u0110\u00e2y chi\u0301nh la\u0300 gia\u0309i pha\u0301p hoa\u0300n ha\u0309o cho ai \u0111ang ti\u0300m ki\u00ea\u0301m ma\u0301y in t\u01b0\u01a1\u0323ng 3D, ma\u0301y in 3D t\u01b0\u01a1\u0323ng ng\u01b0\u01a1\u0300i ho\u0103\u0323c ca\u0301c sa\u0309n ph\u00e2\u0309m tu\u0300y chi\u0309nh b\u0103\u0300ng c\u00f4ng ngh\u00ea\u0323 in 3D.<\/p>\n<p>Ma\u0301y in t\u01b0\u01a1\u0323ng 3D kh\u00f4\u0309 l\u01a1\u0301n cu\u0309a chu\u0301ng t\u00f4i t\u01b0\u01a1ng t\u01b0\u0323 <a href=\"https:\/\/www.thermwood.com\/lsam_home.htm\" target=\"_blank\" rel=\"noopener\">ma\u0301y in 3D FDM kh\u00f4\u0309 l\u01a1\u0301n<\/a>\u00a0tr\u00ean th\u00ea\u0301 gi\u01a1\u0301i nh\u01b0 LSAM Thermwood nh\u01b0ng chi phi\u0301 pha\u0309i ch\u0103ng h\u01a1n va\u0300 cu\u0303ng t\u01b0\u01a1ng t\u01b0\u0323\u00a0<a href=\"https:\/\/3dprinter.vn\/en\/product\/may-in-3d-kho-lon\/\">Ma\u0301y in 3D kh\u00f4\u0309 l\u01a1\u0301n<\/a>,\u00a0<a href=\"https:\/\/3dprinter.vn\/en\/product\/may-in-khuon-3d\/\">Ma\u0301y in khu\u00f4n 3D kh\u00f4\u0309 l\u01a1\u0301n<\/a>\u00a0kha\u0301c ma\u0300 chu\u0301ng t\u00f4i sa\u0309n xu\u00e2\u0301t.<\/p>\n<h3>\u01afu \u0111i\u00ea\u0309m cu\u0309a Ma\u0301y in t\u01b0\u01a1\u0323ng 3D &#8211; Ma\u0301y la\u0300m t\u01b0\u01a1\u0323ng 3D s\u01b0\u0309 du\u0323ng v\u00e2\u0323t li\u00ea\u0323u Composite<\/h3>\n<ol>\n<li><strong>Vu\u0300ng la\u0300m vi\u00ea\u0323c l\u01a1\u0301n t\u01b0\u0300 1 \u0111\u00ea\u0301n 3 me\u0301t<\/strong><br \/>\nMa\u0301y in 3D t\u01b0\u01a1\u0323ng chu\u0301ng t\u00f4i \u0111\u01b0\u01a1\u0323c thi\u00ea\u0301t k\u00ea\u0301 \u0111\u00ea\u0309 \u0111a\u0301p \u01b0\u0301ng ca\u0301c nhu c\u00e2\u0300u in t\u01b0\u01a1\u0323ng v\u01a1\u0301i vu\u0300ng la\u0300m vi\u00ea\u0323c linh hoa\u0323t t\u01b0\u0300 1-3 me\u0301t, cho phe\u0301p ng\u01b0\u01a1\u0300i du\u0300ng in t\u01b0\u0300 ca\u0301c t\u01b0\u01a1\u0323ng nho\u0309 \u0111\u00ea\u0301n l\u01a1\u0301n ma\u0300 v\u00e2\u0303n gi\u01b0\u0303 \u0111\u01b0\u01a1\u0323c chi ti\u00ea\u0301t. \u0110\u00e2y la\u0300 l\u01b0\u0323a cho\u0323n t\u00f4\u0301t cho ca\u0301c d\u01b0\u0323 a\u0301n ngh\u00ea\u0323 thu\u00e2\u0323t y\u00eau c\u00e2\u0300u s\u01b0\u0323 s\u0103\u0301c sa\u0309o va\u0300 \u0111\u00f4\u0323 chi\u0301nh xa\u0301c cao.<\/li>\n<li><strong>Chi phi\u0301 v\u00e2\u0323t li\u00ea\u0323u Composite th\u00e2\u0301p h\u01a1n nhi\u00ea\u0300u l\u00e2\u0300n<\/strong><br \/>\nVi\u00ea\u0323c s\u01b0\u0309 du\u0323ng v\u00e2\u0323t li\u00ea\u0323u composite cho phe\u0301p chu\u0301ng t\u00f4i gia\u0309m \u0111a\u0301ng k\u00ea\u0309 chi phi\u0301 v\u00e2\u0323t t\u01b0 ma\u0300 v\u00e2\u0303n \u0111a\u0309m ba\u0309o ch\u00e2\u0301t l\u01b0\u01a1\u0323ng in. V\u00e2\u0323t li\u00ea\u0323u na\u0300y kh\u00f4ng chi\u0309 d\u00ea\u0303 da\u0300ng x\u01b0\u0309 ly\u0301, d\u00ea\u0303 \u0111i\u00ea\u0300u chi\u0309nh \u0111\u00ea\u0309 phu\u0300 h\u01a1\u0323p v\u01a1\u0301i t\u01b0\u0300ng ta\u0301c ph\u00e2\u0309m ma\u0300 co\u0300n gia\u0309m a\u0301p l\u01b0\u0323c v\u00ea\u0300 chi phi\u0301. V\u01a1\u0301i \u01b0u \u0111i\u00ea\u0309m na\u0300y, ma\u0301y in t\u01b0\u01a1\u0323ng sa\u0301p va\u0300 ma\u0301y in 3d \u0111\u00e2\u0301t se\u0301t \u0111\u01b0\u01a1\u0323c \u01b0a chu\u00f4\u0323ng trong nga\u0300nh c\u00f4ng nghi\u00ea\u0323p sa\u0309n xu\u00e2\u0301t t\u01b0\u01a1\u0323ng hi\u00ea\u0323n \u0111a\u0323i.<\/li>\n<li><strong>T\u00f4\u0301c \u0111\u00f4\u0323 in t\u01b0\u01a1\u0323ng v\u01b0\u01a1\u0323t tr\u00f4\u0323i, \u0111a\u0323t 2kg\/gi\u01a1\u0300 tr\u01a1\u0309 l\u00ean<\/strong><br \/>\nSo v\u01a1\u0301i ca\u0301c loa\u0323i ma\u0301y in 3D th\u00f4ng th\u01b0\u01a1\u0300ng, thi\u00ea\u0301t bi\u0323 cu\u0309a chu\u0301ng t\u00f4i co\u0301 t\u00f4\u0301c \u0111\u00f4\u0323 in cao h\u01a1n, cho phe\u0301p in t\u01b0\u0300 2kg v\u00e2\u0323t li\u00ea\u0323u m\u00f4\u0303i gi\u01a1\u0300 tr\u01a1\u0309 l\u00ean, \u0111a\u0301p \u01b0\u0301ng nh\u01b0\u0303ng y\u00eau c\u00e2\u0300u sa\u0309n xu\u00e2\u0301t nhanh trong ca\u0301c d\u01b0\u0323 a\u0301n l\u01a1\u0301n. T\u00f4\u0301c \u0111\u00f4\u0323 in nhanh nh\u01b0ng v\u00e2\u0303n \u0111a\u0309m ba\u0309o chi ti\u00ea\u0301t, giu\u0301p n\u00e2ng cao hi\u00ea\u0323u su\u00e2\u0301t la\u0300m vi\u00ea\u0323c va\u0300 ti\u00ea\u0301t ki\u00ea\u0323m th\u01a1\u0300i gian.<\/li>\n<\/ol>\n<h3>Ma\u0301y in t\u01b0\u01a1\u0323ng 3D &#8211; Ma\u0301y in 3D t\u01b0\u01a1\u0323ng v\u01a1\u0301i chi phi\u0301 v\u00e2\u0323t li\u00ea\u0323u c\u01b0\u0323c ky\u0300 pha\u0309i ch\u0103ng<\/h3>\n<p>Ngoa\u0300i \u01b0u \u0111i\u00ea\u0309m v\u00ea\u0300 chi phi\u0301 v\u00e2\u0323t li\u00ea\u0323u, <a href=\"https:\/\/3dprinter.vn\/en\/product\/may-in-3d-kho-lon\/\">ma\u0301y in 3D kh\u00f4\u0309 l\u01a1\u0301n<\/a> Composite co\u0300n s\u01a1\u0309 h\u01b0\u0303u nhi\u00ea\u0300u ti\u0301nh n\u0103ng v\u01b0\u01a1\u0323t tr\u00f4\u0323i nh\u01b0 kha\u0309 n\u0103ng ta\u0323o kh\u00f4\u0301i c\u00e2\u0301u tru\u0301c ph\u01b0\u0301c ta\u0323p va\u0300 hi\u0300nh ho\u0323c s\u0103\u0301c ne\u0301t. Thi\u00ea\u0301t k\u00ea\u0301 ma\u0301y \u0111\u01b0\u01a1\u0323c t\u00f4\u0301i \u01b0u ho\u0301a \u0111\u00ea\u0309 phu\u0323c vu\u0323 cho sa\u0309n xu\u00e2\u0301t ngh\u00ea\u0323 thu\u00e2\u0323t, giu\u0301p ca\u0301c ngh\u00ea\u0323 nh\u00e2n, nha\u0300 thi\u00ea\u0301t k\u00ea\u0301 tha\u0300nh c\u00f4ng trong ca\u0301c ta\u0301c ph\u00e2\u0309m \u0111i\u00eau kh\u0103\u0301c quy m\u00f4 l\u01a1\u0301n.<\/p>\n<p>Ba\u0323n co\u0301 th\u00ea\u0309 y\u00ean t\u00e2m v\u00ea\u0300 \u0111\u00f4\u0323 chi\u0301nh xa\u0301c cu\u0309a ma\u0301y, kh\u00f4ng chi\u0309 phu\u0300 h\u01a1\u0323p \u0111\u00ea\u0309 in t\u01b0\u01a1\u0323ng trang tri\u0301 trong nha\u0300 ma\u0300 co\u0300n \u0111a\u0301p \u01b0\u0301ng t\u00f4\u0301t ca\u0301c y\u00eau c\u00e2\u0300u cao c\u00e2\u0301p cho nh\u01b0\u0303ng ta\u0301c ph\u00e2\u0309m c\u00e2\u0300n \u0111\u00f4\u0323 s\u0103\u0301c sa\u0309o. Kha\u0309 n\u0103ng in 3D v\u01b0\u01a1\u0323t tr\u00f4\u0323i v\u01a1\u0301i vu\u0300ng la\u0300m vi\u00ea\u0323c l\u01a1\u0301n va\u0300 chi phi\u0301 pha\u0309i ch\u0103ng khi\u00ea\u0301n ma\u0301y tr\u01a1\u0309 tha\u0300nh l\u01b0\u0323a cho\u0323n ly\u0301 t\u01b0\u01a1\u0309ng cho nga\u0300nh in t\u01b0\u01a1\u0323ng 3D.<\/p>\n<h3>Ma\u0301y in t\u01b0\u01a1\u0323ng 3D &#8211; ma\u0301y la\u0300m t\u01b0\u01a1\u0323ng 3D \u01b0\u0301ng du\u0323ng sa\u0309n xu\u00e2\u0301t t\u01b0\u01a1\u0323ng ph\u00e2\u0323t, t\u01b0\u01a1\u0323ng chu\u0301a, t\u01b0\u01a1\u0323ng ngh\u00ea\u0323 thu\u00e2\u0323t la\u0300 gia\u0309i pha\u0301p hi\u00ea\u0323u qua\u0309<\/h3>\n<p>V\u01a1\u0301i ca\u0301c ti\u0301nh n\u0103ng n\u00f4\u0309i tr\u00f4\u0323i, ma\u0301y in 3D t\u01b0\u01a1\u0323ng chu\u0301ng t\u00f4i co\u0301 gia\u0301 ca\u0323nh tranh, phu\u0300 h\u01a1\u0323p cho nhi\u00ea\u0300u quy m\u00f4 doanh nghi\u00ea\u0323p. N\u00ea\u0301u ba\u0323n quan t\u00e2m \u0111\u00ea\u0301n ma\u0301y in 3D t\u01b0\u01a1\u0323ng ng\u01b0\u01a1\u0300i ho\u0103\u0323c ma\u0301y in t\u01b0\u01a1\u0323ng sa\u0301p, ha\u0303y li\u00ean h\u00ea\u0323 ngay \u0111\u00ea\u0309 \u0111\u01b0\u01a1\u0323c t\u01b0 v\u00e2\u0301n va\u0300 nh\u00e2\u0323n ba\u0301o gia\u0301 t\u00f4\u0301t nh\u00e2\u0301t. Ch\u00fang t\u00f4i cam k\u00ea\u0301t h\u00f4\u0303 tr\u01a1\u0323 ca\u0301c gia\u0309i pha\u0301p thi\u0301ch h\u01a1\u0323p va\u0300 h\u01b0\u01a1\u0301ng d\u00e2\u0303n chi ti\u00ea\u0301t cho ca\u0301c kha\u0301ch ha\u0300ng m\u01a1\u0301i \u0111\u00e2\u0300u t\u01b0 ma\u0301y in t\u01b0\u01a1\u0323ng 3D.<\/p>\n<p>\u0110\u00e2y la\u0300 gia\u0309i pha\u0301p hoa\u0300n ha\u0309o cho b\u00e2\u0301t ky\u0300 ai c\u00e2\u0300n gia\u0301 ma\u0301y in t\u01b0\u01a1\u0323ng 3D phu\u0300 h\u01a1\u0323p va\u0300 t\u00f4\u0301c \u0111\u00f4\u0323 in nhanh. Ma\u0301y in 3D composite cu\u0309a chu\u0301ng t\u00f4i se\u0303 giu\u0301p n\u00e2ng cao hi\u00ea\u0323u qua\u0309 va\u0300 ti\u00ea\u0301t ki\u00ea\u0323m chi phi\u0301 trong qua\u0301 tri\u0300nh sa\u0309n xu\u00e2\u0301t!<\/p>\n<p>&nbsp;<\/p>\n<hr data-start=\"3820\" data-end=\"3823\" \/>\n<h2 data-start=\"3929\" data-end=\"3968\">&#x1f91d; Th\u00f4ng s\u1ed1 k\u1ef9 thu\u1eadt v\u00e0 gi\u00e1 b\u00e1n m\u00e1y in 3D kh\u1ed5 l\u1edbn 1-3 M t\u1ea1i \u0111\u00e2y<\/h2>\n<blockquote data-start=\"3969\" data-end=\"4124\">\n<p data-start=\"3971\" data-end=\"4124\">&#x1f517; Ph\u1ee5c v\u1ee5 chuy\u00ean in chuy\u00ean in s\u1ea3n ph\u1ea9m c\u00f3 k\u00edch th\u01b0\u1edbc l\u1edbn tr\u00ean 1M?<br data-start=\"4028\" data-end=\"4031\" \/>&#x1f449; <a class=\"\" href=\"https:\/\/3dprinter.vn\/en\/product\/may-in-3d-kho-lon\/\" target=\"_new\" rel=\"noopener\" data-start=\"4034\" data-end=\"4124\">Xem d\u00f2ng m\u00e1y in 3D kh\u1ed5 l\u1edbn 1\u20133M<\/a><\/p>\n<\/blockquote>\n<hr data-start=\"3820\" data-end=\"3823\" \/>\n<h2 data-start=\"3929\" data-end=\"3968\">&#x1f91d; Th\u00f4ng s\u1ed1 k\u1ef9 thu\u1eadt v\u00e0 gi\u00e1 b\u00e1n m\u00e1y in 3D c\u00f4ng nghi\u1ec7p 1-3 M t\u1ea1i \u0111\u00e2y<\/h2>\n<blockquote data-start=\"3969\" data-end=\"4124\">\n<p data-start=\"3971\" data-end=\"4124\">&#x1f517; Ph\u1ee5c v\u1ee5 chuy\u00ean in chuy\u00ean in m\u00f4 h\u00ecnh l\u1edbn, n\u1ed9i th\u1ea5t, t\u01b0\u1ee3ng, body kit?<br data-start=\"4028\" data-end=\"4031\" \/>&#x1f449; <a class=\"\" href=\"https:\/\/3dprinter.vn\/en\/may-in-3d-cong-nghiep\/\" target=\"_new\" rel=\"noopener\" data-start=\"4034\" data-end=\"4124\">Xem d\u00f2ng m\u00e1y in 3D c\u00f4ng nghi\u1ec7p 1\u20133M<\/a><\/p>\n<\/blockquote>\n<hr data-start=\"3820\" data-end=\"3823\" \/>\n<h2 data-start=\"3929\" data-end=\"3968\">&#x1f91d; Th\u00f4ng s\u1ed1 k\u1ef9 thu\u1eadt v\u00e0 gi\u00e1 b\u00e1n m\u00e1y in 3D c\u00f4ng nghi\u1ec7p tr\u00ean 3M t\u1ea1i \u0111\u00e2y<\/h2>\n<blockquote data-start=\"3969\" data-end=\"4124\">\n<p data-start=\"3971\" data-end=\"4124\">&#x1f517; Ph\u1ee5c v\u1ee5 chuy\u00ean in m\u00f4 h\u00ecnh l\u1edbn, t\u01b0\u1ee3ng l\u1edbn, n\u1ed9i th\u1ea5t l\u1edbn, ngo\u1ea1i th\u1ea5t l\u1edbn, t\u00e0u thuy\u1ec1n,&#8230;?<br data-start=\"4028\" data-end=\"4031\" \/>&#x1f449; <a class=\"\" href=\"https:\/\/3dprinter.vn\/en\/product\/may-in-3d-cong-nghiep\/\" target=\"_new\" rel=\"noopener\" data-start=\"4034\" data-end=\"4124\">Xem d\u00f2ng m\u00e1y in 3D c\u00f4ng nghi\u1ec7p tr\u00ean 3M<\/a><\/p>\n<\/blockquote>\n<hr data-start=\"3924\" data-end=\"3927\" \/>\n<blockquote data-start=\"3969\" data-end=\"4124\">\n<h2 data-start=\"3553\" data-end=\"3583\">&#x1f4de; Li\u00ean h\u1ec7 t\u01b0 v\u1ea5n &amp; b\u00e1o gi\u00e1<\/h2>\n<ul data-start=\"3585\" data-end=\"3755\">\n<li data-start=\"3585\" data-end=\"3622\">\n<p data-start=\"3587\" data-end=\"3622\">&#x260e;&#xfe0f;\u00a0<strong data-start=\"3590\" data-end=\"3606\">Hotline\/Zalo<\/strong>: 090 292 7599<\/p>\n<\/li>\n<li data-start=\"3623\" data-end=\"3663\">\n<p data-start=\"3625\" data-end=\"3663\">&#x1f4e7;\u00a0<strong data-start=\"3628\" data-end=\"3637\">Email<\/strong>:\u00a0<a class=\"cursor-pointer\" rel=\"noopener\" data-start=\"3639\" data-end=\"3661\">3dprinter.vn@gmail.com<\/a><\/p>\n<\/li>\n<li data-start=\"3664\" data-end=\"3755\">\n<p data-start=\"3666\" data-end=\"3755\">&#x1f3e0;\u00a0<strong data-start=\"3669\" data-end=\"3680\">\u0110\u1ecba ch\u1ec9<\/strong>: 1000 Nguy\u1ec5n Duy Trinh (Valencia Riverside), P.Ph\u00fa H\u1eefu, TP.Th\u1ee7 \u0110\u1ee9c, TP.HCM<\/p>\n<\/li>\n<\/ul>\n<\/blockquote>\n<p><iframe loading=\"lazy\" title=\"M\u00e1y l\u00e0m t\u01b0\u1ee3ng 3D k\u00edch th\u01b0\u1edbc l\u1edbn.\" width=\"500\" height=\"281\" src=\"https:\/\/www.youtube.com\/embed\/GqLJh-9VvRk?feature=oembed\" frameborder=\"0\" allow=\"accelerometer; autoplay; clipboard-write; encrypted-media; gyroscope; picture-in-picture; web-share\" referrerpolicy=\"strict-origin-when-cross-origin\" allowfullscreen><\/iframe><\/p>\n<p>&nbsp;<\/p>","protected":false},"excerpt":{"rendered":"<p>Ma\u0301y in t\u01b0\u01a1\u0323ng 3D &#8211; Ma\u0301y la\u0300m t\u01b0\u01a1\u0323ng 3D &#8211; Ma\u0301y in 3D t\u01b0\u01a1\u0323ng Hi\u00ea\u0323u qua\u0309 h\u01a1n CNC, K\u00edch th\u01b0\u1edbc l\u1edbn, T\u00f4\u0301c \u0111\u00f4\u0323 cao, Chi phi\u0301 v\u00e2\u0323t li\u00ea\u0323u th\u00e2\u0301p. M\u00e1y in t\u01b0\u1ee3ng 3D c\u1ee7a ch\u00fang t\u00f4i n\u1ed5i b\u1eadt v\u1edbi t\u1ed1c \u0111\u1ed9 l\u00e0m vi\u1ec7c cao (ho\u00e0n th\u00e0nh t\u01b0\u1ee3ng cao 1m ch\u1ec9 trong 12 gi\u1edd), k\u00edch th\u01b0\u1edbc in l\u1edbn linh ho\u1ea1t, v\u00e0 chi ph\u00ed v\u1eadt li\u1ec7u th\u1ea5p h\u01a1n nhi\u1ec1u so v\u1edbi c\u00e1c d\u00f2ng m\u00e1y 3D kh\u00e1c tr\u00ean th\u1ecb tr\u01b0\u1eddng. \u0110\u00e2y l\u00e0 l\u1ef1a ch\u1ecdn t\u1ed1i \u01b0u cho nh\u1eefng ai c\u1ea7n s\u1ea3n xu\u1ea5t nhanh ch\u00f3ng, ti\u1ebft ki\u1ec7m v\u00e0 hi\u1ec7u qu\u1ea3.<\/p>","protected":false},"featured_media":412,"template":"","meta":[],"product_brand":[],"product_cat":[32,30],"product_tag":[],"class_list":{"0":"post-249","1":"product","2":"type-product","3":"status-publish","4":"has-post-thumbnail","6":"product_cat-may-in-3d-composite","7":"product_cat-may-in-3d-kho-lon","9":"first","10":"instock","11":"shipping-taxable","12":"product-type-simple"},"_links":{"self":[{"href":"https:\/\/3dprinter.vn\/en\/wp-json\/wp\/v2\/product\/249","targetHints":{"allow":["GET"]}}],"collection":[{"href":"https:\/\/3dprinter.vn\/en\/wp-json\/wp\/v2\/product"}],"about":[{"href":"https:\/\/3dprinter.vn\/en\/wp-json\/wp\/v2\/types\/product"}],"wp:featuredmedia":[{"embeddable":true,"href":"https:\/\/3dprinter.vn\/en\/wp-json\/wp\/v2\/media\/412"}],"wp:attachment":[{"href":"https:\/\/3dprinter.vn\/en\/wp-json\/wp\/v2\/media?parent=249"}],"wp:term":[{"taxonomy":"product_brand","embeddable":true,"href":"https:\/\/3dprinter.vn\/en\/wp-json\/wp\/v2\/product_brand?post=249"},{"taxonomy":"product_cat","embeddable":true,"href":"https:\/\/3dprinter.vn\/en\/wp-json\/wp\/v2\/product_cat?post=249"},{"taxonomy":"product_tag","embeddable":true,"href":"https:\/\/3dprinter.vn\/en\/wp-json\/wp\/v2\/product_tag?post=249"}],"curies":[{"name":"wp","href":"https:\/\/api.w.org\/{rel}","templated":true}]}}