{"id":251,"date":"2024-11-11T10:34:08","date_gmt":"2024-11-11T10:34:08","guid":{"rendered":"https:\/\/3dprinter.vn\/?post_type=product&#038;p=251"},"modified":"2025-10-05T06:17:39","modified_gmt":"2025-10-05T06:17:39","slug":"may-in-khuon-3d","status":"publish","type":"product","link":"https:\/\/3dprinter.vn\/en\/product\/may-in-khuon-3d\/","title":{"rendered":"M\u00e1y In 3D Khu\u00f4n \u0110\u00fac Kh\u1ed5 L\u1edbn \u2013 Gi\u1ea3i Ph\u00e1p T\u1ed1i \u01afu Cho Ng\u00e0nh Khu\u00f4n \u0110\u00fac C\u00f4ng Nghi\u1ec7p"},"content":{"rendered":"<p><img loading=\"lazy\" decoding=\"async\" class=\"alignnone wp-image-540 size-large\" src=\"https:\/\/3dprinter.vn\/wp-content\/uploads\/2024\/11\/may-lam-khuon-duc-3d-kich-thuoc-lon-1024x675.jpg\" alt=\"m\u00e1y l\u00e0m khu\u00f4n \u0111\u00fac 3D k\u00edch th\u01b0\u1edbc l\u1edbn\" width=\"1024\" height=\"675\" title=\"\" srcset=\"https:\/\/3dprinter.vn\/wp-content\/uploads\/2024\/11\/may-lam-khuon-duc-3d-kich-thuoc-lon-1024x675.jpg 1024w, https:\/\/3dprinter.vn\/wp-content\/uploads\/2024\/11\/may-lam-khuon-duc-3d-kich-thuoc-lon-300x198.jpg 300w, https:\/\/3dprinter.vn\/wp-content\/uploads\/2024\/11\/may-lam-khuon-duc-3d-kich-thuoc-lon-768x507.jpg 768w, https:\/\/3dprinter.vn\/wp-content\/uploads\/2024\/11\/may-lam-khuon-duc-3d-kich-thuoc-lon-18x12.jpg 18w, https:\/\/3dprinter.vn\/wp-content\/uploads\/2024\/11\/may-lam-khuon-duc-3d-kich-thuoc-lon-600x396.jpg 600w, https:\/\/3dprinter.vn\/wp-content\/uploads\/2024\/11\/may-lam-khuon-duc-3d-kich-thuoc-lon.jpg 1369w\" sizes=\"auto, (max-width: 1024px) 100vw, 1024px\" \/><\/p>\n<h3><strong>Ma\u0301y in khu\u00f4n 3D &#8211; Ma\u0301y in 3D khu\u00f4n &#8211; Gi\u1ea3i Ph\u00e1p T\u1ed1i \u01afu Cho Khu\u00f4n \u0110\u00fac C\u00f4ng Nghi\u1ec7p, Kh\u1ed5 L\u1edbn V\u00e0 T\u1ed1c \u0110\u1ed9 Cao<\/strong><\/h3>\n<p>M\u00e1y in khu\u00f4n 3D c\u1ee7a ch\u00fang t\u00f4i mang \u0111\u1ebfn c\u00f4ng ngh\u1ec7 ti\u00ean ti\u1ebfn cho nhu c\u1ea7u s\u1ea3n xu\u1ea5t khu\u00f4n \u0111\u00fac trong ng\u00e0nh c\u00f4ng nghi\u1ec7p, t\u1eeb s\u1ea3n xu\u1ea5t s\u1ed1 l\u01b0\u1ee3ng l\u1edbn \u0111\u1ebfn c\u00e1c d\u1ef1 \u00e1n t\u00f9y ch\u1ec9nh. V\u1edbi kh\u1ea3 n\u0103ng in khu\u00f4n \u0111\u00fac kh\u1ed5 l\u1edbn, t\u1ed1c \u0111\u1ed9 in nhanh v\u00e0 chi ph\u00ed v\u1eadt li\u1ec7u th\u1ea5p, <strong>m\u00e1y in 3D khu\u00f4n<\/strong> c\u1ee7a ch\u00fang t\u00f4i l\u00e0 l\u1ef1a ch\u1ecdn ho\u00e0n h\u1ea3o \u0111\u1ec3 t\u1ed1i \u01b0u h\u00f3a quy tr\u00ecnh s\u1ea3n xu\u1ea5t, gi\u1ea3m thi\u1ec3u th\u1eddi gian v\u00e0 chi ph\u00ed.<\/p>\n<p>Ma\u0301y in khu\u00f4n 3D cu\u0309a chu\u0301ng t\u00f4i t\u01b0\u01a1ng t\u01b0\u0323 <a href=\"https:\/\/www.thermwood.com\/lsam_home.htm\" target=\"_blank\" rel=\"noopener\">ma\u0301y in khu\u00f4n 3D<\/a> kh\u00f4\u0309 l\u01a1\u0301n tr\u00ean th\u00ea\u0301 gi\u01a1\u0301i nh\u01b0 LSAM Thermwood nh\u01b0ng chi phi\u0301 pha\u0309i ch\u0103ng h\u01a1n va\u0300 cu\u0303ng t\u01b0\u01a1ng t\u01b0\u0323 <a href=\"https:\/\/3dprinter.vn\/en\/product\/may-in-tuong-3d\/\">Ma\u0301y in t\u01b0\u01a1\u0323ng 3D<\/a>, <a href=\"https:\/\/3dprinter.vn\/en\/product\/\">Ma\u0301y in 3D kh\u00f4\u0309 l\u01a1\u0301n<\/a> kha\u0301c ma\u0300 chu\u0301ng t\u00f4i sa\u0309n xu\u00e2\u0301t.<\/p>\n<h3 data-start=\"761\" data-end=\"797\">L\u1ee3i \u00cdch N\u1ed5i B\u1eadt C\u1ee7a In Khu\u00f4n 3D:<\/h3>\n<ul data-start=\"799\" data-end=\"1353\">\n<li data-start=\"799\" data-end=\"915\">\n<p data-start=\"801\" data-end=\"915\">&#x1f680; <strong data-start=\"804\" data-end=\"829\">T\u1ed1c \u0111\u1ed9 s\u1ea3n xu\u1ea5t nhanh<\/strong>: In li\u00ean t\u1ee5c 24\/7, r\u00fat ng\u1eafn th\u1eddi gian ch\u1ebf t\u1ea1o khu\u00f4n t\u1eeb 3\u20135 ng\u00e0y xu\u1ed1ng ch\u1ec9 c\u00f2n 1 ng\u00e0y.<\/p>\n<\/li>\n<li data-start=\"916\" data-end=\"1035\">\n<p data-start=\"918\" data-end=\"1035\">&#x1f4b0; <strong data-start=\"921\" data-end=\"942\">Ti\u1ebft ki\u1ec7m chi ph\u00ed<\/strong>: Gi\u1ea3m \u0111\u00e1ng k\u1ec3 chi ph\u00ed v\u1eadt t\u01b0 nh\u1edd s\u1eed d\u1ee5ng nh\u1ef1a h\u1ea1t, gi\u1ea3m nh\u00e2n c\u00f4ng v\u00e0 kh\u00f4ng c\u1ea7n gia c\u00f4ng l\u1ea1i.<\/p>\n<\/li>\n<li data-start=\"1036\" data-end=\"1140\">\n<p data-start=\"1038\" data-end=\"1140\">&#x1f501; <strong data-start=\"1041\" data-end=\"1067\">L\u00e0m khu\u00f4n linh ho\u1ea1t<\/strong>: D\u1ec5 d\u00e0ng t\u1ea1o khu\u00f4n t\u00f9y bi\u1ebfn h\u00ecnh d\u1ea1ng, ph\u1ee9c t\u1ea1p, kh\u00f4ng c\u1ea7n l\u00e0m khu\u00f4n m\u1eb9.<\/p>\n<\/li>\n<li data-start=\"1141\" data-end=\"1260\">\n<p data-start=\"1143\" data-end=\"1260\">&#x1f9f1; <strong data-start=\"1146\" data-end=\"1174\">Th\u00edch h\u1ee3p nhi\u1ec1u v\u1eadt li\u1ec7u<\/strong>: In tr\u1ef1c ti\u1ebfp b\u1eb1ng PETG, PLA, ABS,.. v\u1eadt li\u1ec7u pha b\u1ed9t g\u1ed1m ho\u1eb7c s\u00e1p t\u1ea1o m\u1eabu \u0111\u00fac.<\/p>\n<\/li>\n<li data-start=\"1261\" data-end=\"1353\">\n<p data-start=\"1263\" data-end=\"1353\">&#x267b;&#xfe0f; <strong data-start=\"1266\" data-end=\"1285\">T\u00e1i ch\u1ebf d\u1ec5 d\u00e0ng<\/strong>: C\u00f3 th\u1ec3 d\u00f9ng l\u1ea1i nh\u1ef1a t\u00e1i sinh ho\u1eb7c v\u1eadt li\u1ec7u c\u00f3 ngu\u1ed3n g\u1ed1c b\u1ec1n v\u1eefng.<\/p>\n<\/li>\n<\/ul>\n<hr data-start=\"1355\" data-end=\"1358\" \/>\n<h2 data-start=\"1360\" data-end=\"1396\">C\u00e1c Model M\u00e1y In Khu\u00f4n 3D Kh\u1ed5 L\u1edbn<\/h2>\n<div class=\"_tableContainer_16hzy_1\">\n<div class=\"_tableWrapper_16hzy_14 group flex w-fit flex-col-reverse\" tabindex=\"-1\">\n<table class=\"w-fit min-w-(--thread-content-width)\" data-start=\"1398\" data-end=\"2132\">\n<thead data-start=\"1398\" data-end=\"1497\">\n<tr data-start=\"1398\" data-end=\"1497\">\n<th data-start=\"1398\" data-end=\"1419\" data-col-size=\"sm\">Model<\/th>\n<th data-start=\"1419\" data-end=\"1447\" data-col-size=\"sm\">Kh\u1ed5 In (D\u00e0i x R\u1ed9ng x Cao)<\/th>\n<th data-start=\"1447\" data-end=\"1459\" data-col-size=\"sm\">T\u1ed1c \u0110\u1ed9 In<\/th>\n<th data-start=\"1459\" data-end=\"1480\" data-col-size=\"sm\">L\u01b0u L\u01b0\u1ee3ng V\u1eadt Li\u1ec7u<\/th>\n<th data-start=\"1480\" data-end=\"1497\" data-col-size=\"sm\">Gi\u00e1 Tham Kh\u1ea3o<\/th>\n<\/tr>\n<\/thead>\n<tbody data-start=\"1601\" data-end=\"2132\">\n<tr data-start=\"1601\" data-end=\"1705\">\n<td data-start=\"1601\" data-end=\"1622\" data-col-size=\"sm\"><strong data-start=\"1603\" data-end=\"1614\">3D-K800<\/strong><\/td>\n<td data-col-size=\"sm\" data-start=\"1622\" data-end=\"1651\">800 \u00d7 800 \u00d7 800 mm<\/td>\n<td data-col-size=\"sm\" data-start=\"1651\" data-end=\"1663\">80 mm\/s<\/td>\n<td data-col-size=\"sm\" data-start=\"1663\" data-end=\"1687\">~60 mm\u00b3\/s (~0.2 kg\/h)<\/td>\n<td data-col-size=\"sm\" data-start=\"1687\" data-end=\"1705\">T\u1eeb 80 tri\u1ec7u<\/td>\n<\/tr>\n<tr data-start=\"1706\" data-end=\"1811\">\n<td data-start=\"1706\" data-end=\"1727\" data-col-size=\"sm\"><strong data-start=\"1708\" data-end=\"1720\">3D-K1000<\/strong><\/td>\n<td data-col-size=\"sm\" data-start=\"1727\" data-end=\"1757\">1000 \u00d7 1000 \u00d7 1000 mm<\/td>\n<td data-col-size=\"sm\" data-start=\"1757\" data-end=\"1769\">80 mm\/s<\/td>\n<td data-col-size=\"sm\" data-start=\"1769\" data-end=\"1793\">~80 mm\u00b3\/s (~0.3 kg\/h)<\/td>\n<td data-col-size=\"sm\" data-start=\"1793\" data-end=\"1811\">T\u1eeb 120 tri\u1ec7u<\/td>\n<\/tr>\n<tr data-start=\"1812\" data-end=\"1918\">\n<td data-start=\"1812\" data-end=\"1833\" data-col-size=\"sm\"><strong data-start=\"1814\" data-end=\"1826\">3D-K1500<\/strong><\/td>\n<td data-col-size=\"sm\" data-start=\"1833\" data-end=\"1863\">1500 \u00d7 1500 \u00d7 1200 mm<\/td>\n<td data-col-size=\"sm\" data-start=\"1863\" data-end=\"1875\">100 mm\/s<\/td>\n<td data-col-size=\"sm\" data-start=\"1875\" data-end=\"1900\">~120 mm\u00b3\/s (~0.5 kg\/h)<\/td>\n<td data-col-size=\"sm\" data-start=\"1900\" data-end=\"1918\">T\u1eeb 190 tri\u1ec7u<\/td>\n<\/tr>\n<tr data-start=\"1919\" data-end=\"2025\">\n<td data-start=\"1919\" data-end=\"1940\" data-col-size=\"sm\"><strong data-start=\"1921\" data-end=\"1933\">3D-K2000<\/strong><\/td>\n<td data-col-size=\"sm\" data-start=\"1940\" data-end=\"1970\">2000 \u00d7 2000 \u00d7 1500 mm<\/td>\n<td data-col-size=\"sm\" data-start=\"1970\" data-end=\"1982\">120 mm\/s<\/td>\n<td data-col-size=\"sm\" data-start=\"1982\" data-end=\"2007\">~160 mm\u00b3\/s (~0.7 kg\/h)<\/td>\n<td data-col-size=\"sm\" data-start=\"2007\" data-end=\"2025\">T\u1eeb 280 tri\u1ec7u<\/td>\n<\/tr>\n<tr data-start=\"2026\" data-end=\"2132\">\n<td data-start=\"2026\" data-end=\"2047\" data-col-size=\"sm\"><strong data-start=\"2028\" data-end=\"2040\">3D-K3000<\/strong><\/td>\n<td data-col-size=\"sm\" data-start=\"2047\" data-end=\"2077\">3000 \u00d7 2000 \u00d7 1500 mm<\/td>\n<td data-col-size=\"sm\" data-start=\"2077\" data-end=\"2089\">140 mm\/s<\/td>\n<td data-col-size=\"sm\" data-start=\"2089\" data-end=\"2114\">~200 mm\u00b3\/s (~0.9 kg\/h)<\/td>\n<td data-col-size=\"sm\" data-start=\"2114\" data-end=\"2132\">T\u1eeb 350 tri\u1ec7u<\/td>\n<\/tr>\n<\/tbody>\n<\/table>\n<div class=\"sticky end-(--thread-content-margin) h-0 self-end select-none\">\n<div class=\"absolute end-0 flex items-end\"><\/div>\n<\/div>\n<\/div>\n<\/div>\n<blockquote data-start=\"2134\" data-end=\"2247\">\n<p data-start=\"2136\" data-end=\"2247\">&#x2705; <em data-start=\"2138\" data-end=\"2247\">T\u00f9y ch\u1ecdn n\u00e2ng c\u1ea5p t\u1ed1c \u0111\u1ed9 \u0111\u00f9n, s\u1ed1 \u0111\u1ea7u in, t\u00edch h\u1ee3p s\u1ea5y h\u1ea1t, gia nhi\u1ec7t n\u1ec1n, g\u1eafn camera gi\u00e1m s\u00e1t, t\u1ee7 kh\u00e9p k\u00edn\u2026<\/em><\/p>\n<\/blockquote>\n<hr data-start=\"2249\" data-end=\"2252\" \/>\n<h2 data-start=\"2254\" data-end=\"2299\">\u1ee8ng D\u1ee5ng M\u00e1y In Khu\u00f4n 3D Trong C\u00f4ng Nghi\u1ec7p<\/h2>\n<ul data-start=\"2301\" data-end=\"2665\">\n<li data-start=\"2301\" data-end=\"2384\">\n<p data-start=\"2303\" data-end=\"2384\"><strong data-start=\"2303\" data-end=\"2329\">\u0110\u00fac b\u00ea t\u00f4ng, GFRC, GRC<\/strong>: In tr\u1ef1c ti\u1ebfp khu\u00f4n \u00e2m\/d\u01b0\u01a1ng, b\u1ec1 m\u1eb7t hoa v\u0103n ph\u1ee9c t\u1ea1p.<\/p>\n<\/li>\n<li data-start=\"2385\" data-end=\"2462\">\n<p data-start=\"2387\" data-end=\"2462\"><strong data-start=\"2387\" data-end=\"2411\">Khu\u00f4n \u0111\u00fac nh\u00f4m, \u0111\u1ed3ng<\/strong>: In b\u1eb1ng nh\u1ef1a k\u1ef9 thu\u1eadt ho\u1eb7c m\u1eabu s\u00e1p t\u1ea1o khu\u00f4n c\u00e1t.<\/p>\n<\/li>\n<li data-start=\"2463\" data-end=\"2527\">\n<p data-start=\"2465\" data-end=\"2527\"><strong data-start=\"2465\" data-end=\"2484\">Khu\u00f4n composite<\/strong>: Thay th\u1ebf khu\u00f4n g\u1ed7\/th\u1ea1ch cao truy\u1ec1n th\u1ed1ng.<\/p>\n<\/li>\n<li data-start=\"2528\" data-end=\"2599\">\n<p data-start=\"2530\" data-end=\"2599\"><strong data-start=\"2530\" data-end=\"2565\">Gia c\u00f4ng nhanh khu\u00f4n nguy\u00ean m\u1eabu<\/strong>: H\u1ed7 tr\u1ee3 R&amp;D, s\u1ea3n xu\u1ea5t th\u1eed nghi\u1ec7m.<\/p>\n<\/li>\n<li data-start=\"2600\" data-end=\"2665\">\n<p data-start=\"2602\" data-end=\"2665\"><strong data-start=\"2602\" data-end=\"2664\">Khu\u00f4n t\u1ea1o h\u00ecnh s\u1ea3n ph\u1ea9m n\u1ed9i th\u1ea5t, \u0111i\u00eau kh\u1eafc, t\u01b0\u1ee3ng, g\u1ed1m s\u1ee9<\/strong>.<\/p>\n<\/li>\n<\/ul>\n<blockquote data-start=\"2667\" data-end=\"2963\">\n<p data-start=\"2669\" data-end=\"2963\">Xem th\u00eam:<br data-start=\"2678\" data-end=\"2681\" \/>&#x1f517; <a class=\"cursor-pointer\" href=\"https:\/\/3dprinter.vn\/en\/product\/may-in-tuong-3d\/\" target=\"_new\" rel=\"noopener\" data-start=\"2686\" data-end=\"2748\">In 3D t\u01b0\u1ee3ng \u0111i\u00eau kh\u1eafc l\u1edbn<\/a><br data-start=\"2748\" data-end=\"2751\" \/>&#x1f517; <a class=\"cursor-pointer\" href=\"https:\/\/3dprinter.vn\/en\/product\/may-in-3d-noi-that\/\" target=\"_new\" rel=\"noopener\" data-start=\"2756\" data-end=\"2818\">In 3D n\u1ed9i th\u1ea5t \u0111\u1ed9c b\u1ea3n<\/a><br data-start=\"2818\" data-end=\"2821\" \/>&#x1f517; <a class=\"cursor-pointer\" href=\"https:\/\/3dprinter.vn\/en\/product\/may-in-3d-gom\/\" target=\"_new\" rel=\"noopener\" data-start=\"2826\" data-end=\"2886\">In 3D g\u1ed1m s\u1ee9 khu\u00f4n \u0111\u00fac<\/a><br data-start=\"2886\" data-end=\"2889\" \/>&#x1f517; <a class=\"cursor-pointer\" href=\"https:\/\/3dprinter.vn\/en\/product\/may-in-3d-san-xuat-body-kit\/\" target=\"_new\" rel=\"noopener\" data-start=\"2894\" data-end=\"2963\">In khu\u00f4n body kit \u00f4 t\u00f4 xe m\u00e1y<\/a><\/p>\n<\/blockquote>\n<hr data-start=\"2965\" data-end=\"2968\" \/>\n<h2 data-start=\"2970\" data-end=\"3006\">L\u1ee3i Th\u1ebf So V\u1edbi Khu\u00f4n Truy\u1ec1n Th\u1ed1ng<\/h2>\n<div class=\"_tableContainer_16hzy_1\">\n<div class=\"_tableWrapper_16hzy_14 group flex w-fit flex-col-reverse\" tabindex=\"-1\">\n<table class=\"w-fit min-w-(--thread-content-width)\" data-start=\"3008\" data-end=\"3472\">\n<thead data-start=\"3008\" data-end=\"3082\">\n<tr data-start=\"3008\" data-end=\"3082\">\n<th data-start=\"3008\" data-end=\"3033\" data-col-size=\"sm\">Ti\u00eau ch\u00ed<\/th>\n<th data-start=\"3033\" data-end=\"3057\" data-col-size=\"sm\">Khu\u00f4n truy\u1ec1n th\u1ed1ng<\/th>\n<th data-start=\"3057\" data-end=\"3082\" data-col-size=\"sm\">M\u00e1y in khu\u00f4n 3D FDM<\/th>\n<\/tr>\n<\/thead>\n<tbody data-start=\"3160\" data-end=\"3472\">\n<tr data-start=\"3160\" data-end=\"3236\">\n<td data-start=\"3160\" data-end=\"3185\" data-col-size=\"sm\"><strong data-start=\"3162\" data-end=\"3183\">Th\u1eddi gian ch\u1ebf t\u1ea1o<\/strong><\/td>\n<td data-col-size=\"sm\" data-start=\"3185\" data-end=\"3210\">3\u201310 ng\u00e0y<\/td>\n<td data-col-size=\"sm\" data-start=\"3210\" data-end=\"3236\">1\u20132 ng\u00e0y<\/td>\n<\/tr>\n<tr data-start=\"3237\" data-end=\"3315\">\n<td data-start=\"3237\" data-end=\"3262\" data-col-size=\"sm\"><strong data-start=\"3239\" data-end=\"3256\">Chi ph\u00ed khu\u00f4n<\/strong><\/td>\n<td data-col-size=\"sm\" data-start=\"3262\" data-end=\"3289\">Cao (nh\u00e2n c\u00f4ng + v\u1eadt t\u01b0)<\/td>\n<td data-col-size=\"sm\" data-start=\"3289\" data-end=\"3315\">Th\u1ea5p (nh\u1ef1a h\u1ea1t r\u1ebb)<\/td>\n<\/tr>\n<tr data-start=\"3316\" data-end=\"3393\">\n<td data-start=\"3316\" data-end=\"3341\" data-col-size=\"sm\"><strong data-start=\"3318\" data-end=\"3340\">T\u00f9y bi\u1ebfn h\u00ecnh d\u1ea1ng<\/strong><\/td>\n<td data-col-size=\"sm\" data-start=\"3341\" data-end=\"3366\">Gi\u1edbi h\u1ea1n<\/td>\n<td data-col-size=\"sm\" data-start=\"3366\" data-end=\"3393\">T\u1ef1 do, ph\u1ee9c t\u1ea1p d\u1ec5 d\u00e0ng<\/td>\n<\/tr>\n<tr data-start=\"3394\" data-end=\"3472\">\n<td data-start=\"3394\" data-end=\"3422\" data-col-size=\"sm\"><strong data-start=\"3396\" data-end=\"3421\">Kh\u1ea3 n\u0103ng thay \u0111\u1ed5i m\u1eabu<\/strong><\/td>\n<td data-col-size=\"sm\" data-start=\"3422\" data-end=\"3446\">Kh\u00f3, t\u1ed1n k\u00e9m<\/td>\n<td data-col-size=\"sm\" data-start=\"3446\" data-end=\"3472\">D\u1ec5 d\u00e0ng in m\u1eabu m\u1edbi<\/td>\n<\/tr>\n<\/tbody>\n<\/table>\n<div class=\"sticky end-(--thread-content-margin) h-0 self-end select-none\">\n<div class=\"absolute end-0 flex items-end\"><\/div>\n<\/div>\n<\/div>\n<\/div>\n<hr data-start=\"3474\" data-end=\"3477\" \/>\n<h2 data-start=\"3479\" data-end=\"3490\">K\u1ebft Lu\u1eadn<\/h2>\n<p data-start=\"3492\" data-end=\"3835\"><strong data-start=\"3492\" data-end=\"3519\">M\u00e1y in khu\u00f4n 3D kh\u1ed5 l\u1edbn<\/strong> l\u00e0 xu h\u01b0\u1edbng t\u1ea5t y\u1ebfu gi\u00fap doanh nghi\u1ec7p s\u1ea3n xu\u1ea5t khu\u00f4n ti\u1ebft ki\u1ec7m th\u1eddi gian, chi ph\u00ed v\u00e0 n\u00e2ng cao t\u00ednh linh ho\u1ea1t trong thi\u1ebft k\u1ebf s\u1ea3n ph\u1ea9m. V\u1edbi kh\u1ea3 n\u0103ng t\u00f9y bi\u1ebfn cao, t\u1ed1c \u0111\u1ed9 in nhanh, th\u00f4ng l\u01b0\u1ee3ng l\u1edbn v\u00e0 chi ph\u00ed \u0111\u1ea7u t\u01b0 h\u1ee3p l\u00fd, \u0111\u00e2y l\u00e0 l\u1ef1a ch\u1ecdn th\u00f4ng minh cho c\u00e1c \u0111\u01a1n v\u1ecb ch\u1ebf t\u1ea1o khu\u00f4n, x\u01b0\u1edfng \u0111\u00fac v\u00e0 c\u00f4ng ty thi\u1ebft k\u1ebf t\u1ea1o m\u1eabu.<\/p>\n<p data-start=\"3837\" data-end=\"3945\">&#x1f4de; <strong data-start=\"3840\" data-end=\"3856\">Li\u00ean h\u1ec7 ngay<\/strong> v\u1edbi ch\u00fang t\u00f4i \u0111\u1ec3 \u0111\u01b0\u1ee3c t\u01b0 v\u1ea5n model ph\u00f9 h\u1ee3p v\u1edbi nhu c\u1ea7u !<\/p>\n<h3>T\u1ea1i Sao N\u00ean Ch\u1ecdn M\u00e1y In 3D Khu\u00f4n C\u1ee7a Ch\u00fang T\u00f4i?<\/h3>\n<ul>\n<li><strong>C\u00f4ng Ngh\u1ec7 Hi\u1ec7n \u0110\u1ea1i v\u00e0 \u0110\u1ed9 Ch\u00ednh X\u00e1c Cao<\/strong>: M\u00e1y in 3D khu\u00f4n c\u00f4ng nghi\u1ec7p c\u1ee7a ch\u00fang t\u00f4i t\u00edch h\u1ee3p c\u00f4ng ngh\u1ec7 in ti\u00ean ti\u1ebfn nh\u1ea5t, cho ra s\u1ea3n ph\u1ea9m s\u1eafc n\u00e9t, b\u1ec1 m\u1eb7t m\u1ecbn v\u00e0 \u0111\u1ed9 ch\u00ednh x\u00e1c cao.<\/li>\n<li><strong>D\u1ecbch V\u1ee5 H\u1ed7 Tr\u1ee3 T\u1eadn T\u00ecnh<\/strong>: \u0110\u1ed9i ng\u0169 k\u1ef9 thu\u1eadt gi\u00e0u kinh nghi\u1ec7m c\u1ee7a ch\u00fang t\u00f4i lu\u00f4n s\u1eb5n s\u00e0ng h\u1ed7 tr\u1ee3 t\u1eeb kh\u00e2u l\u1eafp \u0111\u1eb7t \u0111\u1ebfn \u0111\u00e0o t\u1ea1o s\u1eed d\u1ee5ng, gi\u00fap kh\u00e1ch h\u00e0ng d\u1ec5 d\u00e0ng l\u00e0m ch\u1ee7 c\u00f4ng ngh\u1ec7 in 3D khu\u00f4n.<\/li>\n<li><strong>Gi\u00e1 C\u1ea3 C\u1ea1nh Tranh, Chi Ph\u00ed Hi\u1ec7u Qu\u1ea3<\/strong>: Ch\u00fang t\u00f4i cung c\u1ea5p <strong>m\u00e1y in 3D c\u00f4ng nghi\u1ec7p<\/strong> v\u1edbi m\u1ee9c gi\u00e1 h\u1ee3p l\u00fd v\u00e0 chi ph\u00ed v\u1eadn h\u00e0nh th\u1ea5p, ph\u00f9 h\u1ee3p v\u1edbi nhi\u1ec1u quy m\u00f4 doanh nghi\u1ec7p.<\/li>\n<\/ul>\n<p>&nbsp;<\/p>\n<hr data-start=\"3820\" data-end=\"3823\" \/>\n<h2 data-start=\"3929\" data-end=\"3968\">&#x1f91d; Th\u00f4ng s\u1ed1 k\u1ef9 thu\u1eadt v\u00e0 gi\u00e1 b\u00e1n m\u00e1y in 3D kh\u1ed5 l\u1edbn 1-3 M t\u1ea1i \u0111\u00e2y<\/h2>\n<blockquote data-start=\"3969\" data-end=\"4124\">\n<p data-start=\"3971\" data-end=\"4124\">&#x1f517; Ph\u1ee5c v\u1ee5 chuy\u00ean in chuy\u00ean in s\u1ea3n ph\u1ea9m c\u00f3 k\u00edch th\u01b0\u1edbc l\u1edbn tr\u00ean 1M?<br data-start=\"4028\" data-end=\"4031\" \/>&#x1f449; <a class=\"\" href=\"https:\/\/3dprinter.vn\/en\/product\/may-in-3d-kho-lon\/\" target=\"_new\" rel=\"noopener\" data-start=\"4034\" data-end=\"4124\">Xem d\u00f2ng m\u00e1y in 3D kh\u1ed5 l\u1edbn 1\u20133M<\/a><\/p>\n<\/blockquote>\n<hr data-start=\"3820\" data-end=\"3823\" \/>\n<h2 data-start=\"3929\" data-end=\"3968\">&#x1f91d; Th\u00f4ng s\u1ed1 k\u1ef9 thu\u1eadt v\u00e0 gi\u00e1 b\u00e1n m\u00e1y in 3D c\u00f4ng nghi\u1ec7p 1-3 M t\u1ea1i \u0111\u00e2y<\/h2>\n<blockquote data-start=\"3969\" data-end=\"4124\">\n<p data-start=\"3971\" data-end=\"4124\">&#x1f517; Ph\u1ee5c v\u1ee5 chuy\u00ean in chuy\u00ean in m\u00f4 h\u00ecnh l\u1edbn, n\u1ed9i th\u1ea5t, t\u01b0\u1ee3ng, body kit?<br data-start=\"4028\" data-end=\"4031\" \/>&#x1f449; <a class=\"\" href=\"https:\/\/3dprinter.vn\/en\/may-in-3d-cong-nghiep\/\" target=\"_new\" rel=\"noopener\" data-start=\"4034\" data-end=\"4124\">Xem d\u00f2ng m\u00e1y in 3D c\u00f4ng nghi\u1ec7p 1\u20133M<\/a><\/p>\n<\/blockquote>\n<hr data-start=\"3820\" data-end=\"3823\" \/>\n<h2 data-start=\"3929\" data-end=\"3968\">&#x1f91d; Th\u00f4ng s\u1ed1 k\u1ef9 thu\u1eadt v\u00e0 gi\u00e1 b\u00e1n m\u00e1y in 3D c\u00f4ng nghi\u1ec7p tr\u00ean 3M t\u1ea1i \u0111\u00e2y<\/h2>\n<blockquote data-start=\"3969\" data-end=\"4124\">\n<p data-start=\"3971\" data-end=\"4124\">&#x1f517; Ph\u1ee5c v\u1ee5 chuy\u00ean in m\u00f4 h\u00ecnh l\u1edbn, t\u01b0\u1ee3ng l\u1edbn, n\u1ed9i th\u1ea5t l\u1edbn, ngo\u1ea1i th\u1ea5t l\u1edbn, t\u00e0u thuy\u1ec1n,&#8230;?<br data-start=\"4028\" data-end=\"4031\" \/>&#x1f449; <a class=\"\" href=\"https:\/\/3dprinter.vn\/en\/product\/may-in-3d-cong-nghiep\/\" target=\"_new\" rel=\"noopener\" data-start=\"4034\" data-end=\"4124\">Xem d\u00f2ng m\u00e1y in 3D c\u00f4ng nghi\u1ec7p tr\u00ean 3M<\/a><\/p>\n<\/blockquote>\n<hr data-start=\"3924\" data-end=\"3927\" \/>\n<blockquote data-start=\"3969\" data-end=\"4124\">\n<h2 data-start=\"3553\" data-end=\"3583\">&#x1f4de; Li\u00ean h\u1ec7 t\u01b0 v\u1ea5n &amp; b\u00e1o gi\u00e1<\/h2>\n<ul data-start=\"3585\" data-end=\"3755\">\n<li data-start=\"3585\" data-end=\"3622\">\n<p data-start=\"3587\" data-end=\"3622\">&#x260e;&#xfe0f;\u00a0<strong data-start=\"3590\" data-end=\"3606\">Hotline\/Zalo<\/strong>: 090 292 7599<\/p>\n<\/li>\n<li data-start=\"3623\" data-end=\"3663\">\n<p data-start=\"3625\" data-end=\"3663\">&#x1f4e7;\u00a0<strong data-start=\"3628\" data-end=\"3637\">Email<\/strong>:\u00a0<a class=\"cursor-pointer\" rel=\"noopener\" data-start=\"3639\" data-end=\"3661\">3dprinter.vn@gmail.com<\/a><\/p>\n<\/li>\n<li data-start=\"3664\" data-end=\"3755\">\n<p data-start=\"3666\" data-end=\"3755\">&#x1f3e0;\u00a0<strong data-start=\"3669\" data-end=\"3680\">\u0110\u1ecba ch\u1ec9<\/strong>: 1000 Nguy\u1ec5n Duy Trinh (Valencia Riverside), P.Ph\u00fa H\u1eefu, TP.Th\u1ee7 \u0110\u1ee9c, TP.HCM<\/p>\n<\/li>\n<\/ul>\n<\/blockquote>\n<p><iframe loading=\"lazy\" title=\"M\u00e1y l\u00e0m khu\u00f4n \u0111\u00fac 3D k\u00edch th\u01b0\u1edbc l\u1edbn (m\u00e1y in 3D l\u00e0m khu\u00f4n c\u00f4ng nghi\u1ec7p)\" width=\"500\" height=\"281\" src=\"https:\/\/www.youtube.com\/embed\/H0aL1b6vWns?feature=oembed\" frameborder=\"0\" allow=\"accelerometer; autoplay; clipboard-write; encrypted-media; gyroscope; picture-in-picture; web-share\" referrerpolicy=\"strict-origin-when-cross-origin\" allowfullscreen><\/iframe><\/p>\n<p>&nbsp;<\/p>","protected":false},"excerpt":{"rendered":"<p>M\u00e1y in 3D khu\u00f4n \u0111\u00fac t\u1ed1c \u0111\u1ed9 cao, kh\u1ed5 in linh ho\u1ea1t, ph\u00f9 h\u1ee3p l\u00e0m khu\u00f4n nhanh cho nh\u1ef1a, composite. Gi\u00e1 t\u1eeb 60 tri\u1ec7u, b\u1ea3o h\u00e0nh k\u1ef9 thu\u1eadt to\u00e0n qu\u1ed1c. M\u00e1y in khu\u00f4n 3D c\u1ee7a ch\u00fang t\u00f4i n\u1ed5i b\u1eadt v\u1edbi t\u1ed1c \u0111\u1ed9 l\u00e0m vi\u1ec7c cao (ho\u00e0n th\u00e0nh khu\u00f4n cao 1m ch\u1ec9 trong 12 gi\u1edd), k\u00edch th\u01b0\u1edbc in l\u1edbn linh ho\u1ea1t, v\u00e0 chi ph\u00ed v\u1eadt li\u1ec7u th\u1ea5p h\u01a1n nhi\u1ec1u so v\u1edbi c\u00e1c d\u00f2ng m\u00e1y 3D kh\u00f4\u0309 l\u01a1\u0301n kh\u00e1c tr\u00ean th\u1ecb tr\u01b0\u1eddng. \u0110\u00e2y l\u00e0 l\u1ef1a ch\u1ecdn t\u1ed1i \u01b0u cho nh\u1eefng ai c\u1ea7n s\u1ea3n xu\u1ea5t nhanh ch\u00f3ng, ti\u1ebft ki\u1ec7m v\u00e0 hi\u1ec7u qu\u1ea3.<\/p>","protected":false},"featured_media":540,"template":"","meta":[],"product_brand":[],"product_cat":[32,30],"product_tag":[],"class_list":{"0":"post-251","1":"product","2":"type-product","3":"status-publish","4":"has-post-thumbnail","6":"product_cat-may-in-3d-composite","7":"product_cat-may-in-3d-kho-lon","9":"first","10":"instock","11":"shipping-taxable","12":"product-type-simple"},"_links":{"self":[{"href":"https:\/\/3dprinter.vn\/en\/wp-json\/wp\/v2\/product\/251","targetHints":{"allow":["GET"]}}],"collection":[{"href":"https:\/\/3dprinter.vn\/en\/wp-json\/wp\/v2\/product"}],"about":[{"href":"https:\/\/3dprinter.vn\/en\/wp-json\/wp\/v2\/types\/product"}],"wp:featuredmedia":[{"embeddable":true,"href":"https:\/\/3dprinter.vn\/en\/wp-json\/wp\/v2\/media\/540"}],"wp:attachment":[{"href":"https:\/\/3dprinter.vn\/en\/wp-json\/wp\/v2\/media?parent=251"}],"wp:term":[{"taxonomy":"product_brand","embeddable":true,"href":"https:\/\/3dprinter.vn\/en\/wp-json\/wp\/v2\/product_brand?post=251"},{"taxonomy":"product_cat","embeddable":true,"href":"https:\/\/3dprinter.vn\/en\/wp-json\/wp\/v2\/product_cat?post=251"},{"taxonomy":"product_tag","embeddable":true,"href":"https:\/\/3dprinter.vn\/en\/wp-json\/wp\/v2\/product_tag?post=251"}],"curies":[{"name":"wp","href":"https:\/\/api.w.org\/{rel}","templated":true}]}}