{"id":345,"date":"2024-11-16T14:53:14","date_gmt":"2024-11-16T14:53:14","guid":{"rendered":"https:\/\/3dprinter.vn\/?post_type=product&#038;p=345"},"modified":"2025-06-26T07:16:29","modified_gmt":"2025-06-26T07:16:29","slug":"ak-extreme-888","status":"publish","type":"product","link":"https:\/\/3dprinter.vn\/en\/product\/ak-extreme-888\/","title":{"rendered":"M\u00e1y In 3D C\u00f4ng Nghi\u1ec7p AK EXTREME (d\u00f9ng s\u1ee3i nh\u1ef1a)"},"content":{"rendered":"<p>T\u1ea5t c\u1ea3 model m\u00e1y in 3D kh\u1ed5 l\u1edbn, m\u00e1y in 3D c\u00f4ng nghi\u1ec7p AK s\u1eed d\u1ee5ng v\u1eadt li\u1ec7u s\u1ee3i nh\u1ef1a in 3D truy\u1ec1n th\u1ed1ng s\u1ea3n xu\u1ea5t t\u1eeb n\u0103m 2025 \u0111\u1ec1u \u0111\u01b0\u1ee3c c\u1ea3i ti\u1ebfn n\u00e2ng c\u1ea5p t\u1ed1c \u0111\u1ed9 n\u00f3ng ch\u1ea3y v\u00e0 ti\u00eau th\u1ee5 v\u1eadt li\u1ec7u l\u00ean g\u1ea5p 2,5 l\u1ea7n m\u00e1y in 3D kh\u1ed5 l\u1edbn kh\u00e1c tr\u00ean th\u1ecb tr\u01b0\u1eddng. Nh\u1edd c\u1ee5m \u0111\u1ea7u phun thi\u1ebft k\u1ebf \u0111\u1eb7c bi\u1ec7t gi\u00fap ti\u00eau th\u1ee5 tr\u00ean 1kg nh\u1ef1a \/ 1 ng\u00e0y, nh\u1edd v\u1eady c\u00f3 th\u1ec3 \u0111\u00e1p \u1ee9ng t\u1ed1t ph\u00e2n kh\u00fac y\u00eau c\u1ea7u v\u1ec1 \u0111\u1ed9 ph\u00e2n gi\u1ea3i t\u01b0\u01a1ng \u0111\u1ed1i cao v\u00e0 t\u1ed1c \u0111\u1ed9 l\u00e0m vi\u1ec7c nhanh.<\/p>\n<figure id=\"attachment_422\" aria-describedby=\"caption-attachment-422\" style=\"width: 1024px\" class=\"wp-caption alignnone\"><img loading=\"lazy\" decoding=\"async\" class=\"size-full wp-image-422\" src=\"https:\/\/3dprinter.vn\/wp-content\/uploads\/2024\/11\/may-in-3d-AK.png\" alt=\"m\u00e1y in 3D c\u00f4ng nghi\u1ec7p AK (d\u00f9ng s\u1ee3i nh\u1ef1a)\" width=\"1024\" height=\"768\" title=\"\"><figcaption id=\"caption-attachment-422\" class=\"wp-caption-text\">m\u00e1y in 3D c\u00f4ng nghi\u1ec7p AK (d\u00f9ng s\u1ee3i nh\u1ef1a)<\/figcaption><\/figure>\n<hr data-start=\"3820\" data-end=\"3823\" \/>\n<h2 data-start=\"3929\" data-end=\"3968\">&#x1f91d; Th\u00f4ng s\u1ed1 k\u1ef9 thu\u1eadt v\u00e0 gi\u00e1 b\u00e1n m\u00e1y in 3D kh\u1ed5 l\u1edbn 1-3 M t\u1ea1i \u0111\u00e2y<\/h2>\n<blockquote data-start=\"3969\" data-end=\"4124\">\n<p data-start=\"3971\" data-end=\"4124\">&#x1f517; Ph\u1ee5c v\u1ee5 chuy\u00ean in chuy\u00ean in s\u1ea3n ph\u1ea9m c\u00f3 k\u00edch th\u01b0\u1edbc l\u1edbn tr\u00ean 1M?<br data-start=\"4028\" data-end=\"4031\" \/>&#x1f449; <a class=\"\" href=\"https:\/\/3dprinter.vn\/en\/product\/may-in-3d-kho-lon\/\" target=\"_new\" rel=\"noopener\" data-start=\"4034\" data-end=\"4124\">Xem d\u00f2ng m\u00e1y in 3D kh\u1ed5 l\u1edbn 1\u20133M<\/a><\/p>\n<\/blockquote>\n<hr data-start=\"3820\" data-end=\"3823\" \/>\n<h2 data-start=\"3929\" data-end=\"3968\">&#x1f91d; Th\u00f4ng s\u1ed1 k\u1ef9 thu\u1eadt v\u00e0 gi\u00e1 b\u00e1n m\u00e1y in 3D c\u00f4ng nghi\u1ec7p 1-3 M t\u1ea1i \u0111\u00e2y<\/h2>\n<blockquote data-start=\"3969\" data-end=\"4124\">\n<p data-start=\"3971\" data-end=\"4124\">&#x1f517; Ph\u1ee5c v\u1ee5 chuy\u00ean in chuy\u00ean in m\u00f4 h\u00ecnh l\u1edbn, n\u1ed9i th\u1ea5t, t\u01b0\u1ee3ng, body kit?<br data-start=\"4028\" data-end=\"4031\" \/>&#x1f449; <a class=\"\" href=\"https:\/\/3dprinter.vn\/en\/may-in-3d-cong-nghiep\/\" target=\"_new\" rel=\"noopener\" data-start=\"4034\" data-end=\"4124\">Xem d\u00f2ng m\u00e1y in 3D c\u00f4ng nghi\u1ec7p 1\u20133M<\/a><\/p>\n<\/blockquote>\n<hr data-start=\"3820\" data-end=\"3823\" \/>\n<h2 data-start=\"3929\" data-end=\"3968\">&#x1f91d; Th\u00f4ng s\u1ed1 k\u1ef9 thu\u1eadt v\u00e0 gi\u00e1 b\u00e1n m\u00e1y in 3D c\u00f4ng nghi\u1ec7p tr\u00ean 3M t\u1ea1i \u0111\u00e2y<\/h2>\n<blockquote data-start=\"3969\" data-end=\"4124\">\n<p data-start=\"3971\" data-end=\"4124\">&#x1f517; Ph\u1ee5c v\u1ee5 chuy\u00ean in m\u00f4 h\u00ecnh l\u1edbn, t\u01b0\u1ee3ng l\u1edbn, n\u1ed9i th\u1ea5t l\u1edbn, ngo\u1ea1i th\u1ea5t l\u1edbn, t\u00e0u thuy\u1ec1n,&#8230;?<br data-start=\"4028\" data-end=\"4031\" \/>&#x1f449; <a class=\"\" href=\"https:\/\/3dprinter.vn\/en\/product\/may-in-3d-cong-nghiep\/\" target=\"_new\" rel=\"noopener\" data-start=\"4034\" data-end=\"4124\">Xem d\u00f2ng m\u00e1y in 3D c\u00f4ng nghi\u1ec7p tr\u00ean 3M<\/a><\/p>\n<\/blockquote>\n<hr data-start=\"3924\" data-end=\"3927\" \/>\n<blockquote data-start=\"3969\" data-end=\"4124\">\n<h2 data-start=\"3553\" data-end=\"3583\">&#x1f4de; Li\u00ean h\u1ec7 t\u01b0 v\u1ea5n &amp; b\u00e1o gi\u00e1<\/h2>\n<ul data-start=\"3585\" data-end=\"3755\">\n<li data-start=\"3585\" data-end=\"3622\">\n<p data-start=\"3587\" data-end=\"3622\">&#x260e;&#xfe0f;\u00a0<strong data-start=\"3590\" data-end=\"3606\">Hotline\/Zalo<\/strong>: 090 292 7599<\/p>\n<\/li>\n<li data-start=\"3623\" data-end=\"3663\">\n<p data-start=\"3625\" data-end=\"3663\">&#x1f4e7;\u00a0<strong data-start=\"3628\" data-end=\"3637\">Email<\/strong>:\u00a0<a class=\"cursor-pointer\" rel=\"noopener\" data-start=\"3639\" data-end=\"3661\">3dprinter.vn@gmail.com<\/a><\/p>\n<\/li>\n<li data-start=\"3664\" data-end=\"3755\">\n<p data-start=\"3666\" data-end=\"3755\">&#x1f3e0;\u00a0<strong data-start=\"3669\" data-end=\"3680\">\u0110\u1ecba ch\u1ec9<\/strong>: 1000 Nguy\u1ec5n Duy Trinh (Valencia Riverside), P.Ph\u00fa H\u1eefu, TP.Th\u1ee7 \u0110\u1ee9c, TP.HCM<\/p>\n<\/li>\n<\/ul>\n<\/blockquote>\n<h2><\/h2>\n<h2><strong>L\u1ecbch s\u1eed ph\u00e1t tri\u1ec3n m\u00e1y in 3D c\u1ee7a ch\u00fang t\u00f4i<\/strong><\/h2>\n<p>T\u1eeb n\u0103m 2013, ch\u00fang t\u00f4i \u0111\u00e3 ti\u00ean phong trong vi\u1ec7c s\u1ea3n xu\u1ea5t v\u00e0 cung c\u1ea5p m\u00e1y in 3D t\u1ea1i Vi\u1ec7t Nam, t\u1eeb nh\u1eefng m\u00e1y in 3D desktop nh\u1ecf g\u1ecdn \u0111\u00ea\u0301n M\u00e1y In 3D C\u00f4ng Nghi\u1ec7p, m\u00e1y in 3D c\u1ee1 l\u1edbn, \u1ee9ng d\u1ee5ng trong ng\u00e0nh x\u00e2y d\u1ef1ng v\u00e0 n\u1ed9i th\u1ea5t. D\u01b0\u1edbi \u0111\u00e2y l\u00e0 m\u1ed9t s\u1ed1 model n\u1ed5i b\u1eadt m\u00e0 ch\u00fang t\u00f4i \u0111\u00e3 s\u1ea3n xu\u1ea5t v\u00e0 ph\u00e1t tri\u1ec3n trong su\u1ed1t 10 n\u0103m qua.<\/p>\n<h3>1. <strong>M\u00e1y In 3D Desktop &#8211; Phi\u00ean B\u1ea3n \u0110\u1ea7u Ti\u00ean (2013-2015)<\/strong><\/h3>\n<p>Nh\u1eefng chi\u1ebfc m\u00e1y in 3D desktop \u0111\u1ea7u ti\u00ean c\u1ee7a ch\u00fang t\u00f4i \u0111\u01b0\u1ee3c thi\u1ebft k\u1ebf \u0111\u1ec3 ph\u1ee5c v\u1ee5 nhu c\u1ea7u in m\u1eabu v\u00e0 t\u1ea1o prototype cho c\u00e1c nh\u00e0 thi\u1ebft k\u1ebf, k\u1ef9 s\u01b0 v\u00e0 c\u00e1c b\u1ea1n tr\u1ebb \u0111am m\u00ea c\u00f4ng ngh\u1ec7. C\u00e1c m\u00e1y n\u00e0y c\u00f3 kh\u1ea3 n\u0103ng in v\u1edbi \u0111\u1ed9 ch\u00ednh x\u00e1c cao, chi ph\u00ed h\u1ee3p l\u00fd v\u00e0 d\u1ec5 d\u00e0ng s\u1eed d\u1ee5ng.<\/p>\n<p><img loading=\"lazy\" decoding=\"async\" class=\"alignnone size-full wp-image-346\" src=\"https:\/\/3dprinter.vn\/wp-content\/uploads\/2024\/11\/AK-MID-600600-510x510-1.png\" alt=\"AK MID\" width=\"510\" height=\"510\" title=\"\"><img loading=\"lazy\" decoding=\"async\" class=\"alignnone size-full wp-image-348\" src=\"https:\/\/3dprinter.vn\/wp-content\/uploads\/2024\/11\/AK-Pro-M.png\" alt=\"AK PRO\" width=\"400\" height=\"400\" title=\"\"><\/p>\n<p><img loading=\"lazy\" decoding=\"async\" class=\"alignnone size-full wp-image-347\" src=\"https:\/\/3dprinter.vn\/wp-content\/uploads\/2024\/11\/i3-3d-printer-1.jpg\" alt=\"AK I3\" width=\"1040\" height=\"780\" title=\"\"><\/p>\n<p>&nbsp;<\/p>\n<h3>2. <strong>M\u00e1y In 3D C\u00f4ng Nghi\u1ec7p AK EXTREME &#8211; T\u1eeb 2015-2019<\/strong><\/h3>\n<p>V\u1edbi s\u1ef1 ph\u00e1t tri\u1ec3n kh\u00f4ng ng\u1eebng c\u1ee7a c\u00f4ng ngh\u1ec7, ch\u00fang t\u00f4i \u0111\u00e3 n\u00e2ng c\u1ea5p c\u00e1c d\u00f2ng m\u00e1y in 3D c\u00f4ng nghi\u1ec7p c\u00f3 kh\u1ea3 n\u0103ng in v\u1edbi v\u1eadt li\u1ec7u \u0111a d\u1ea1ng h\u01a1n nh\u01b0 ma\u0301y in 3D ha\u0323t nh\u1ef1a , ph\u1ee5c v\u1ee5 cho c\u00e1c \u1ee9ng d\u1ee5ng trong ng\u00e0nh ch\u1ebf t\u1ea1o c\u01a1 kh\u00ed, \u0111i\u1ec7n t\u1eed v\u00e0 \u00f4 t\u00f4.<\/p>\n<p><img loading=\"lazy\" decoding=\"async\" class=\"alignnone size-full wp-image-350\" src=\"https:\/\/3dprinter.vn\/wp-content\/uploads\/2024\/11\/mid-metal-1024x768-1.png\" alt=\"AK MID METAL\" width=\"1024\" height=\"768\" title=\"\"><\/p>\n<p><img loading=\"lazy\" decoding=\"async\" class=\"alignnone wp-image-349 size-full\" src=\"https:\/\/3dprinter.vn\/wp-content\/uploads\/2024\/11\/extreme2018.png\" alt=\"M\u00e1y In 3D C\u00f4ng Nghi\u1ec7p extreme 888\" width=\"2560\" height=\"1920\" title=\"\"><\/p>\n<h3>3. <strong>M\u00e1y In 3D B\u00ea T\u00f4ng &#8211; D\u1ef1 \u00c1n \u0110\u1ea7u Ti\u00ean (2020-2022)<\/strong><\/h3>\n<p>V\u00e0o n\u0103m 2020, ch\u00fang t\u00f4i b\u1eaft \u0111\u1ea7u ph\u00e1t tri\u1ec3n m\u00e1y in 3D b\u00ea t\u00f4ng v\u1edbi quy m\u00f4 l\u1edbn, \u1ee9ng d\u1ee5ng trong x\u00e2y d\u1ef1ng nh\u00e0 c\u1eeda. D\u1ef1 \u00e1n \u0111\u1ea7u ti\u00ean n\u00e0y \u0111\u00e1nh d\u1ea5u m\u1ed9t b\u01b0\u1edbc ngo\u1eb7t quan tr\u1ecdng, v\u1edbi kh\u1ea3 n\u0103ng in c\u00e1c c\u1ea5u ki\u1ec7n b\u00ea t\u00f4ng ph\u1ee9c t\u1ea1p, gi\u00fap gi\u1ea3m chi ph\u00ed v\u00e0 th\u1eddi gian thi c\u00f4ng.<\/p>\n<figure id=\"attachment_197\" aria-describedby=\"caption-attachment-197\" style=\"width: 1024px\" class=\"wp-caption alignnone\"><img loading=\"lazy\" decoding=\"async\" class=\"size-full wp-image-197\" src=\"https:\/\/3dprinter.vn\/wp-content\/uploads\/2024\/11\/may-in-3d-be-tong-01w.jpg\" alt=\"Ma\u0301y in 3D b\u00ea t\u00f4ng\" width=\"1024\" height=\"768\" title=\"\"><figcaption id=\"caption-attachment-197\" class=\"wp-caption-text\">Ma\u0301y in 3d b\u00ea t\u00f4ng AK<\/figcaption><\/figure>\n<h3>4. <strong>M\u00e1y In 3D Composite C\u1ee1 L\u1edbn &#8211; 2022-2023<\/strong><\/h3>\n<p>\u0110\u1ebfn n\u0103m 2020, c\u00f4ng ty ch\u00fang t\u00f4i \u0111\u00e3 cho ra m\u1eaft m\u00e1y in 3D composite c\u1ee1 l\u1edbn, v\u1edbi kh\u1ea3 n\u0103ng in c\u00e1c v\u1eadt th\u1ec3 c\u00f3 k\u00edch th\u01b0\u1edbc l\u00ean \u0111\u1ebfn 6m x 9m x 3.5m. \u0110\u00e2y l\u00e0 m\u1ed9t trong nh\u1eefng <a href=\"https:\/\/3dhome.vn\/\" target=\"_blank\" rel=\"noopener\">m\u00e1y in 3D composite<\/a> \u0111\u1ea7u ti\u00ean t\u1ea1i Vi\u1ec7t Nam v\u00e0 l\u00e0 m\u00e1y in 3D composite l\u1edbn th\u1ee9 hai tr\u00ean th\u1ebf gi\u1edbi sau \u0111a\u0323i ho\u0323c Maine (Hoa Ky\u0300). M\u00e1y n\u00e0y c\u00f3 th\u1ec3 in c\u00e1c s\u1ea3n ph\u1ea9m nh\u01b0 nh\u00e0 \u1edf, k\u1ebft c\u1ea5u n\u1ed9i th\u1ea5t v\u00e0 nhi\u1ec1u \u1ee9ng d\u1ee5ng kh\u00e1c trong ng\u00e0nh x\u00e2y d\u1ef1ng.<\/p>\n<figure id=\"attachment_14\" aria-describedby=\"caption-attachment-14\" style=\"width: 1920px\" class=\"wp-caption alignnone\"><img loading=\"lazy\" decoding=\"async\" class=\"size-full wp-image-14\" src=\"https:\/\/3dprinter.vn\/wp-content\/uploads\/2024\/10\/ma\u0301y-in-3d-be-tong.jpg\" alt=\"Ma\u0301y in 3D b\u00ea t\u00f4ng (Ma\u0301y in 3D x\u00e2y d\u01b0\u0323ng)\" width=\"1920\" height=\"1080\" title=\"\"><figcaption id=\"caption-attachment-14\" class=\"wp-caption-text\">Ma\u0301y in 3D x\u00e2y nha\u0300<\/figcaption><\/figure>\n<h3>Hi\u00ea\u0323n ta\u0323i <strong>M\u00e1y In 3D C\u00f4ng Nghi\u1ec7p AK EXTREME chi\u0309 sa\u0309n xu\u00e2\u0301t khi quy\u0301 kha\u0301ch \u0111\u0103\u0323t ha\u0300ng. Sa\u0309n ph\u00e2\u0309m na\u0300y \u0111\u01b0\u01a1\u0323c thay th\u00ea\u0301 qua do\u0300ng sa\u0309n ph\u00e2\u0309m m\u01a1\u0301i ti\u00ean ti\u00ea\u0301n h\u01a1n, hi\u00ea\u0323u qua\u0309 h\u01a1n la\u0300 <a href=\"https:\/\/3dprinter.vn\/en\/product\/may-in-3d-kho-lon\/\">Ma\u0301y in 3D kh\u00f4\u0309 l\u01a1\u0301n<\/a>, <a href=\"https:\/\/3dprinter.vn\/en\/product\/may-in-khuon-3d\/\">Ma\u0301y in khu\u00f4n 3D<\/a>, <a href=\"https:\/\/3dprinter.vn\/en\/product\/may-in-tuong-3d\/\">Ma\u0301y in t\u01b0\u01a1\u0323ng 3D<\/a><\/strong><\/h3>\n<h3>T\u1ea7m Nh\u00ecn V\u00e0 S\u1ee9 M\u1ec7nh<\/h3>\n<p>Ch\u00fang t\u00f4i lu\u00f4n n\u1ed7 l\u1ef1c kh\u00f4ng ng\u1eebng \u0111\u1ec3 ph\u00e1t tri\u1ec3n c\u00e1c d\u00f2ng m\u00e1y in 3D m\u1edbi, ti\u00ean ti\u1ebfn h\u01a1n, nh\u1eb1m \u0111\u00e1p \u1ee9ng nhu c\u1ea7u \u0111a d\u1ea1ng c\u1ee7a th\u1ecb tr\u01b0\u1eddng v\u00e0 \u0111\u00f3ng g\u00f3p v\u00e0o s\u1ef1 ph\u00e1t tri\u1ec3n c\u1ee7a ng\u00e0nh c\u00f4ng nghi\u1ec7p s\u1ea3n xu\u1ea5t t\u1ea1i Vi\u1ec7t Nam. Nh\u1eefng b\u01b0\u1edbc \u0111i v\u1eefng ch\u1eafc trong su\u1ed1t 10 n\u0103m qua l\u00e0 n\u1ec1n t\u1ea3ng \u0111\u1ec3 ch\u00fang t\u00f4i ti\u1ebfp t\u1ee5c c\u1ea3i ti\u1ebfn c\u00f4ng ngh\u1ec7 v\u00e0 \u0111\u01b0a nh\u1eefng s\u1ea3n ph\u1ea9m in 3D ch\u1ea5t l\u01b0\u1ee3ng cao \u0111\u1ebfn v\u1edbi ng\u01b0\u1eddi ti\u00eau d\u00f9ng.<\/p>\n<p>H\u00e3y c\u00f9ng ch\u00fang t\u00f4i ti\u1ebfp t\u1ee5c h\u00e0nh tr\u00ecnh \u0111\u1ed5i m\u1edbi v\u00e0 s\u00e1ng t\u1ea1o \u0111\u1ec3 mang l\u1ea1i nh\u1eefng gi\u1ea3i ph\u00e1p in 3D ti\u00ean ti\u1ebfn cho ng\u00e0nh x\u00e2y d\u1ef1ng v\u00e0 n\u1ed9i th\u1ea5t, \u0111\u1ed3ng th\u1eddi m\u1edf ra c\u01a1 h\u1ed9i ph\u00e1t tri\u1ec3n b\u1ec1n v\u1eefng trong t\u01b0\u01a1ng lai.<\/p>\n<p>Ha\u0303y li\u00ean h\u1ec7 ngay v\u1edbi ch\u00fang t\u00f4i \u0111\u1ec3 \u0111\u01b0\u1ee3c t\u01b0 v\u1ea5n gi\u1ea3i ph\u00e1p ph\u00f9 h\u1ee3p nh\u1ea5t cho d\u1ef1 \u00e1n X\u00e2y nha\u0300 3D c\u1ee7a b\u1ea1n.<\/p>\n<p><strong>Hotline<\/strong>: 090 292 7599<br \/>\n<strong>Email<\/strong>:\u00a0<a rel=\"noopener\">3dprinter.vn@gmail.com<\/a><br \/>\n<strong>Website<\/strong>:\u00a0<a href=\"https:\/\/3dprinter.vn\/en\/\">3dprinter.vn<\/a><\/p>","protected":false},"excerpt":{"rendered":"<p>T\u1ea5t c\u1ea3 model m\u00e1y in 3D kh\u1ed5 l\u1edbn, m\u00e1y in 3D c\u00f4ng nghi\u1ec7p AK s\u1eed d\u1ee5ng v\u1eadt li\u1ec7u s\u1ee3i nh\u1ef1a in 3D truy\u1ec1n th\u1ed1ng s\u1ea3n xu\u1ea5t t\u1eeb n\u0103m 2025 \u0111\u1ec1u \u0111\u01b0\u1ee3c c\u1ea3i ti\u1ebfn n\u00e2ng c\u1ea5p t\u1ed1c \u0111\u1ed9 n\u00f3ng ch\u1ea3y v\u00e0 ti\u00eau th\u1ee5 v\u1eadt li\u1ec7u l\u00ean g\u1ea5p 2,5 l\u1ea7n m\u00e1y in 3D kh\u1ed5 l\u1edbn kh\u00e1c tr\u00ean [&hellip;]<\/p>","protected":false},"featured_media":422,"template":"","meta":[],"product_brand":[],"product_cat":[30],"product_tag":[],"class_list":{"0":"post-345","1":"product","2":"type-product","3":"status-publish","4":"has-post-thumbnail","6":"product_cat-may-in-3d-kho-lon","8":"first","9":"instock","10":"shipping-taxable","11":"product-type-simple"},"_links":{"self":[{"href":"https:\/\/3dprinter.vn\/en\/wp-json\/wp\/v2\/product\/345","targetHints":{"allow":["GET"]}}],"collection":[{"href":"https:\/\/3dprinter.vn\/en\/wp-json\/wp\/v2\/product"}],"about":[{"href":"https:\/\/3dprinter.vn\/en\/wp-json\/wp\/v2\/types\/product"}],"wp:featuredmedia":[{"embeddable":true,"href":"https:\/\/3dprinter.vn\/en\/wp-json\/wp\/v2\/media\/422"}],"wp:attachment":[{"href":"https:\/\/3dprinter.vn\/en\/wp-json\/wp\/v2\/media?parent=345"}],"wp:term":[{"taxonomy":"product_brand","embeddable":true,"href":"https:\/\/3dprinter.vn\/en\/wp-json\/wp\/v2\/product_brand?post=345"},{"taxonomy":"product_cat","embeddable":true,"href":"https:\/\/3dprinter.vn\/en\/wp-json\/wp\/v2\/product_cat?post=345"},{"taxonomy":"product_tag","embeddable":true,"href":"https:\/\/3dprinter.vn\/en\/wp-json\/wp\/v2\/product_tag?post=345"}],"curies":[{"name":"wp","href":"https:\/\/api.w.org\/{rel}","templated":true}]}}