{"id":394,"date":"2024-12-05T04:02:24","date_gmt":"2024-12-05T04:02:24","guid":{"rendered":"https:\/\/3dprinter.vn\/?post_type=product&#038;p=394"},"modified":"2025-06-26T07:17:57","modified_gmt":"2025-06-26T07:17:57","slug":"may-in-3d-noi-that","status":"publish","type":"product","link":"https:\/\/3dprinter.vn\/en\/product\/may-in-3d-noi-that\/","title":{"rendered":"Ma\u0301y in 3D n\u1ed9i th\u1ea5t &#8211; T\u00f4\u0301c \u0111\u00f4\u0323 cao &#8211; V\u00e2\u0323t li\u00ea\u0323u h\u1ea1t nh\u1ef1a Composite"},"content":{"rendered":"<figure id=\"attachment_411\" aria-describedby=\"caption-attachment-411\" style=\"width: 1024px\" class=\"wp-caption alignnone\"><img loading=\"lazy\" decoding=\"async\" class=\"wp-image-411 size-full\" src=\"https:\/\/3dprinter.vn\/wp-content\/uploads\/2024\/12\/may-in-3d-noi-that.png\" alt=\"Ma\u0301y in 3D n\u1ed9i th\u1ea5t\" width=\"1024\" height=\"768\" title=\"\"><figcaption id=\"caption-attachment-411\" class=\"wp-caption-text\">Ma\u0301y in 3D n\u1ed9i th\u1ea5t<\/figcaption><\/figure>\n<h3><strong>M\u00e1y in 3D n\u1ed9i th\u1ea5t &#8211; Gi\u1ea3i ph\u00e1p t\u1ed1c \u0111\u1ed9 cao v\u1edbi chi ph\u00ed th\u1ea5p &#8211; V\u00f9ng l\u00e0m vi\u1ec7c t\u1eeb 1 \u0111\u1ebfn 3 m\u00e9t<\/strong><\/h3>\n<p>\u0110\u1ed1i v\u1edbi c\u00e1c doanh nghi\u1ec7p c\u1ea7n s\u1ea3n xu\u1ea5t nhanh c\u00e1c s\u1ea3n ph\u1ea9m n\u1ed9i th\u1ea5t k\u00edch th\u01b0\u1edbc l\u1edbn v\u00e0 ti\u1ebft ki\u1ec7m chi ph\u00ed, Ma\u0301y in 3D n\u1ed9i th\u1ea5t l\u00e0 l\u1ef1a ch\u1ecdn ho\u00e0n h\u1ea3o. S\u1ea3n ph\u1ea9m c\u1ee7a ch\u00fang t\u00f4i kh\u00f4ng ch\u1ec9 \u0111\u00e1p \u1ee9ng c\u00e1c ti\u00eau chu\u1ea9n cao m\u00e0 c\u00f2n h\u1ed7 tr\u1ee3 s\u1ea3n xu\u1ea5t hi\u1ec7u qu\u1ea3 v\u1edbi c\u00f4ng ngh\u1ec7 ti\u00ean ti\u1ebfn.<\/p>\n<p>Ma\u0301y in nh\u01b0\u0323a 3D n\u1ed9i th\u1ea5t cu\u0309a chu\u0301ng t\u00f4i t\u01b0\u01a1ng t\u01b0\u0323 <a href=\"https:\/\/www.thermwood.com\/lsam_home.htm\" target=\"_blank\" rel=\"noopener\">ma\u0301y in 3D FDM kh\u00f4\u0309 l\u01a1\u0301n<\/a>\u00a0tr\u00ean th\u00ea\u0301 gi\u01a1\u0301i nh\u01b0 LSAM Thermwood nh\u01b0ng chi phi\u0301 pha\u0309i ch\u0103ng h\u01a1n va\u0300 cu\u0303ng t\u01b0\u01a1ng t\u01b0\u0323 <a href=\"https:\/\/3dprinter.vn\/en\/product\/may-in-tuong-3d\/\">Ma\u0301y in t\u01b0\u01a1\u0323ng 3D kh\u00f4\u0309 l\u01a1\u0301n <\/a>kha\u0301c ma\u0300 chu\u0301ng t\u00f4i sa\u0309n xu\u00e2\u0301t.<\/p>\n<h3>\u01afu \u0111i\u1ec3m v\u01b0\u1ee3t tr\u1ed9i c\u1ee7a M\u00e1y in 3D n\u1ed9i th\u1ea5t<\/h3>\n<ul>\n<li><strong>T\u1ed1c \u0111\u1ed9 in 3D cao \u2013 \u0110\u1ea1t t\u1eeb 2kg\/gi\u1edd tr\u1edf l\u00ean<\/strong>: V\u1edbi kh\u1ea3 n\u0103ng l\u00e0m vi\u1ec7c nhanh, M\u00e1y in 3D l\u1edbn gi\u00fap t\u1ed1i \u01b0u h\u00f3a quy tr\u00ecnh s\u1ea3n xu\u1ea5t, gi\u1ea3m \u0111\u00e1ng k\u1ec3 th\u1eddi gian ho\u00e0n th\u00e0nh s\u1ea3n ph\u1ea9m.<\/li>\n<li><strong>V\u00f9ng in kh\u1ed5 l\u1edbn &#8211; Linh ho\u1ea1t t\u1eeb 1 \u0110\u1ebfn 3 m\u00e9t<\/strong>: S\u1ea3n ph\u1ea9m c\u1ee7a ch\u00fang t\u00f4i cho ph\u00e9p b\u1ea1n in c\u00e1c chi ti\u1ebft k\u00edch th\u01b0\u1edbc l\u1edbn t\u1eeb <strong>1m \u0111\u1ebfn 3m<\/strong>, gi\u1ea3m thi\u1ec3u gh\u00e9p n\u1ed1i v\u00e0 t\u0103ng t\u00ednh li\u1ec1n m\u1ea1ch cho s\u1ea3n ph\u1ea9m cu\u1ed1i.<\/li>\n<li><strong>S\u1eed d\u1ee5ng v\u1eadt li\u1ec7u Composite chi ph\u00ed th\u1ea5p<\/strong>: V\u1edbi v\u1eadt li\u1ec7u Composite ch\u1ea5t l\u01b0\u1ee3ng cao, M\u00e1y in nh\u1ef1a 3D kh\u1ed5 l\u1edbn gi\u00fap gi\u1ea3m chi ph\u00ed v\u1eadn h\u00e0nh \u0111\u00e1ng k\u1ec3 m\u00e0 v\u1eabn duy tr\u00ec \u0111\u1ed9 b\u1ec1n, t\u00ednh ch\u00ednh x\u00e1c v\u00e0 th\u1ea9m m\u1ef9 cao.<\/li>\n<\/ul>\n<h3>\u1ee8ng d\u1ee5ng c\u1ee7a Ma\u0301y in 3D FDM n\u1ed9i th\u1ea5t kh\u00f4\u0309 l\u01a1\u0301n trong s\u1ea3n xu\u1ea5t<\/h3>\n<p>M\u00e1y in 3D FDM kh\u1ed5 l\u1edbn mang \u0111\u1ebfn gi\u1ea3i ph\u00e1p linh ho\u1ea1t cho nhi\u1ec1u ng\u00e0nh c\u00f4ng nghi\u1ec7p. V\u1edbi <strong>v\u00f9ng in r\u1ed9ng<\/strong> v\u00e0 <strong>t\u1ed1c \u0111\u1ed9 cao<\/strong>, m\u00e1y d\u1ec5 d\u00e0ng \u1ee9ng d\u1ee5ng trong s\u1ea3n xu\u1ea5t c\u00e1c m\u00f4 h\u00ecnh ki\u1ebfn tr\u00fac, ta\u0301c ph\u00e2\u0309m \u0111i\u00eau kh\u0103\u0301c, s\u1ea3n ph\u1ea9m n\u1ed9i th\u1ea5t, v\u00e0 c\u1ea3 c\u00e1c c\u00f4ng c\u1ee5 s\u1ea3n xu\u1ea5t quy m\u00f4 l\u1edbn. Chi ph\u00ed th\u1ea5p t\u1eeb v\u1eadt li\u1ec7u Composite c\u00e0ng l\u00e0m t\u0103ng gi\u00e1 tr\u1ecb c\u1ee7a Ma\u0301y in 3D l\u01a1\u0301n\u00a0trong s\u1ea3n xu\u1ea5t h\u00e0ng lo\u1ea1t.<\/p>\n<h3>T\u1ea1i sao n\u00ean ch\u1ecdn Ma\u0301y in nh\u01b0\u0323a 3D n\u1ed9i th\u1ea5t kh\u00f4\u0309 l\u01a1\u0301n t\u1eeb ch\u00fang t\u00f4i?<\/h3>\n<ol>\n<li><strong>Gi\u00e1 m\u00e1y in 3D kh\u1ed5 l\u1edbn c\u1ea1nh tranh<\/strong>: Ch\u00fang t\u00f4i cung c\u1ea5p <strong>M\u00e1y in 3D nh\u1ef1a kh\u1ed5 l\u1edbn<\/strong> v\u1edbi chi ph\u00ed h\u1ee3p l\u00fd, \u0111\u00e1p \u1ee9ng nhu c\u1ea7u c\u1ee7a nhi\u1ec1u doanh nghi\u1ec7p s\u1ea3n xu\u1ea5t.<\/li>\n<li><strong>D\u1ec5 s\u1eed d\u1ee5ng v\u00e0 b\u1ea3o tr\u00ec<\/strong>: Thi\u1ebft k\u1ebf th\u00e2n thi\u1ec7n gi\u00fap m\u00e1y v\u1eadn h\u00e0nh \u0111\u01a1n gi\u1ea3n, ph\u00f9 h\u1ee3p cho c\u1ea3 nh\u1eefng \u0111\u01a1n v\u1ecb m\u1edbi ti\u1ebfp c\u1eadn c\u00f4ng ngh\u1ec7 in 3D kh\u1ed5 l\u1edbn, \u0111\u00f4\u0323i ngu\u0303 lu\u00f4n h\u01b0\u01a1\u0301ng d\u00e2\u0303n h\u00f4\u0303 tr\u01a1\u0323 t\u00e2\u0323n ti\u0300nh \u0111\u00ea\u0309 doanh nghi\u00ea\u0323p co\u0301 th\u00ea\u0309 n\u0103\u0301m b\u0103\u0301t va\u0300 v\u00e2\u0323n ha\u0300nh t\u00f4\u0301t.<\/li>\n<li><strong>Hi\u1ec7u qu\u1ea3 s\u1ea3n xu\u1ea5t cao<\/strong>: Ma\u0301y in 3D l\u01a1\u0301n\u00a0kh\u00f4ng ch\u1ec9 ti\u1ebft ki\u1ec7m th\u1eddi gian m\u00e0 c\u00f2n t\u1ed1i \u01b0u h\u00f3a chi ph\u00ed v\u1eadn h\u00e0nh, gi\u00fap doanh nghi\u1ec7p t\u0103ng hi\u1ec7u qu\u1ea3 s\u1ea3n xu\u1ea5t.<\/li>\n<\/ol>\n<p>&nbsp;<\/p>\n<hr data-start=\"3820\" data-end=\"3823\" \/>\n<h2 data-start=\"3929\" data-end=\"3968\">&#x1f91d; Th\u00f4ng s\u1ed1 k\u1ef9 thu\u1eadt v\u00e0 gi\u00e1 b\u00e1n m\u00e1y in 3D kh\u1ed5 l\u1edbn 1-3 M t\u1ea1i \u0111\u00e2y<\/h2>\n<blockquote data-start=\"3969\" data-end=\"4124\">\n<p data-start=\"3971\" data-end=\"4124\">&#x1f517; Ph\u1ee5c v\u1ee5 chuy\u00ean in chuy\u00ean in s\u1ea3n ph\u1ea9m c\u00f3 k\u00edch th\u01b0\u1edbc l\u1edbn tr\u00ean 1M?<br data-start=\"4028\" data-end=\"4031\" \/>&#x1f449; <a class=\"\" href=\"https:\/\/3dprinter.vn\/en\/product\/may-in-3d-kho-lon\/\" target=\"_new\" rel=\"noopener\" data-start=\"4034\" data-end=\"4124\">Xem d\u00f2ng m\u00e1y in 3D kh\u1ed5 l\u1edbn 1\u20133M<\/a><\/p>\n<\/blockquote>\n<hr data-start=\"3820\" data-end=\"3823\" \/>\n<h2 data-start=\"3929\" data-end=\"3968\">&#x1f91d; Th\u00f4ng s\u1ed1 k\u1ef9 thu\u1eadt v\u00e0 gi\u00e1 b\u00e1n m\u00e1y in 3D c\u00f4ng nghi\u1ec7p 1-3 M t\u1ea1i \u0111\u00e2y<\/h2>\n<blockquote data-start=\"3969\" data-end=\"4124\">\n<p data-start=\"3971\" data-end=\"4124\">&#x1f517; Ph\u1ee5c v\u1ee5 chuy\u00ean in chuy\u00ean in m\u00f4 h\u00ecnh l\u1edbn, n\u1ed9i th\u1ea5t, t\u01b0\u1ee3ng, body kit?<br data-start=\"4028\" data-end=\"4031\" \/>&#x1f449; <a class=\"\" href=\"https:\/\/3dprinter.vn\/en\/may-in-3d-cong-nghiep\/\" target=\"_new\" rel=\"noopener\" data-start=\"4034\" data-end=\"4124\">Xem d\u00f2ng m\u00e1y in 3D c\u00f4ng nghi\u1ec7p 1\u20133M<\/a><\/p>\n<\/blockquote>\n<hr data-start=\"3820\" data-end=\"3823\" \/>\n<h2 data-start=\"3929\" data-end=\"3968\">&#x1f91d; Th\u00f4ng s\u1ed1 k\u1ef9 thu\u1eadt v\u00e0 gi\u00e1 b\u00e1n m\u00e1y in 3D c\u00f4ng nghi\u1ec7p tr\u00ean 3M t\u1ea1i \u0111\u00e2y<\/h2>\n<blockquote data-start=\"3969\" data-end=\"4124\">\n<p data-start=\"3971\" data-end=\"4124\">&#x1f517; Ph\u1ee5c v\u1ee5 chuy\u00ean in m\u00f4 h\u00ecnh l\u1edbn, t\u01b0\u1ee3ng l\u1edbn, n\u1ed9i th\u1ea5t l\u1edbn, ngo\u1ea1i th\u1ea5t l\u1edbn, t\u00e0u thuy\u1ec1n,&#8230;?<br data-start=\"4028\" data-end=\"4031\" \/>&#x1f449; <a class=\"\" href=\"https:\/\/3dprinter.vn\/en\/product\/may-in-3d-cong-nghiep\/\" target=\"_new\" rel=\"noopener\" data-start=\"4034\" data-end=\"4124\">Xem d\u00f2ng m\u00e1y in 3D c\u00f4ng nghi\u1ec7p tr\u00ean 3M<\/a><\/p>\n<\/blockquote>\n<hr data-start=\"3924\" data-end=\"3927\" \/>\n<blockquote data-start=\"3969\" data-end=\"4124\">\n<h2 data-start=\"3553\" data-end=\"3583\">&#x1f4de; Li\u00ean h\u1ec7 t\u01b0 v\u1ea5n &amp; b\u00e1o gi\u00e1<\/h2>\n<ul data-start=\"3585\" data-end=\"3755\">\n<li data-start=\"3585\" data-end=\"3622\">\n<p data-start=\"3587\" data-end=\"3622\">&#x260e;&#xfe0f;\u00a0<strong data-start=\"3590\" data-end=\"3606\">Hotline\/Zalo<\/strong>: 090 292 7599<\/p>\n<\/li>\n<li data-start=\"3623\" data-end=\"3663\">\n<p data-start=\"3625\" data-end=\"3663\">&#x1f4e7;\u00a0<strong data-start=\"3628\" data-end=\"3637\">Email<\/strong>:\u00a0<a class=\"cursor-pointer\" rel=\"noopener\" data-start=\"3639\" data-end=\"3661\">3dprinter.vn@gmail.com<\/a><\/p>\n<\/li>\n<li data-start=\"3664\" data-end=\"3755\">\n<p data-start=\"3666\" data-end=\"3755\">&#x1f3e0;\u00a0<strong data-start=\"3669\" data-end=\"3680\">\u0110\u1ecba ch\u1ec9<\/strong>: 1000 Nguy\u1ec5n Duy Trinh (Valencia Riverside), P.Ph\u00fa H\u1eefu, TP.Th\u1ee7 \u0110\u1ee9c, TP.HCM<\/p>\n<\/li>\n<\/ul>\n<\/blockquote>\n<p><iframe loading=\"lazy\" title=\"M\u00e1y in 3D n\u1ed9i th\u1ea5t in b\u00e0n tr\u00f2n h\u00ecnh g\u1ed1c c\u00e2y.\" width=\"500\" height=\"375\" src=\"https:\/\/www.youtube.com\/embed\/1JC8X_ELb4c?feature=oembed\" frameborder=\"0\" allow=\"accelerometer; autoplay; clipboard-write; encrypted-media; gyroscope; picture-in-picture; web-share\" referrerpolicy=\"strict-origin-when-cross-origin\" allowfullscreen><\/iframe><\/p>\n<p><iframe loading=\"lazy\" title=\"M\u00e1y in 3D n\u1ed9i th\u1ea5t in ch\u1eadu c\u00e2y trang tr\u00ed.\" width=\"500\" height=\"375\" src=\"https:\/\/www.youtube.com\/embed\/UqH-3jiqo8U?feature=oembed\" frameborder=\"0\" allow=\"accelerometer; autoplay; clipboard-write; encrypted-media; gyroscope; picture-in-picture; web-share\" referrerpolicy=\"strict-origin-when-cross-origin\" allowfullscreen><\/iframe><\/p>\n<p>M\u1ed9t s\u1ed1 s\u1ea3n ph\u1ea9m in \u0111\u01b0\u1ee3c t\u1eeb m\u00e1y in 3D n\u1ed9i th\u1ea5t :<br \/>\n<img loading=\"lazy\" decoding=\"async\" class=\"alignnone size-full wp-image-398\" src=\"https:\/\/3dprinter.vn\/wp-content\/uploads\/2024\/12\/49f4e2a3799b9f33074a021412b2ff9c.jpg\" alt=\"\" width=\"735\" height=\"489\" title=\"\"><\/p>\n<p><img loading=\"lazy\" decoding=\"async\" class=\"alignnone size-full wp-image-399\" src=\"https:\/\/3dprinter.vn\/wp-content\/uploads\/2024\/12\/278027738f22ac8a486463d2bd994e26.jpg\" alt=\"\" width=\"720\" height=\"1074\" title=\"\"><\/p>\n<p><img loading=\"lazy\" decoding=\"async\" class=\"alignnone size-full wp-image-400\" src=\"https:\/\/3dprinter.vn\/wp-content\/uploads\/2024\/12\/c788ef318fb280c3e3caae5aae1ecc21.jpg\" alt=\"\" width=\"736\" height=\"919\" title=\"\"><\/p>\n<p><img loading=\"lazy\" decoding=\"async\" class=\"alignnone size-full wp-image-401\" src=\"https:\/\/3dprinter.vn\/wp-content\/uploads\/2024\/12\/d18cacc19244024eb7845dcc66c19b83.jpg\" alt=\"\" width=\"512\" height=\"512\" title=\"\"><\/p>\n<p><img loading=\"lazy\" decoding=\"async\" class=\"alignnone size-full wp-image-402\" src=\"https:\/\/3dprinter.vn\/wp-content\/uploads\/2024\/12\/Zero-waste-lab-8.jpeg\" alt=\"\" width=\"818\" height=\"973\" title=\"\"><\/p>","protected":false},"excerpt":{"rendered":"<p>Ma\u0301y in 3D n\u1ed9i th\u1ea5t v\u1edbi t\u1ed1c \u0111\u1ed9 in cao tr\u00ean 2 kg\/h, v\u00f9ng in t\u1eeb 1-3 m\u00e9t, s\u1eed d\u1ee5ng v\u1eadt li\u1ec7u composite chi ph\u00ed th\u1ea5p. Th\u00edch h\u1ee3p cho s\u1ea3n xu\u1ea5t n\u1ed9i th\u1ea5t, m\u00f4 h\u00ecnh ki\u1ebfn tr\u00fac, c\u00f4ng c\u1ee5 quy m\u00f4 l\u1edbn. Li\u00ean h\u1ec7 \u0111\u1ec3 bi\u1ebft gi\u00e1 m\u00e1y in 3D kh\u1ed5 l\u1edbn!<\/p>","protected":false},"featured_media":411,"template":"","meta":[],"product_brand":[],"product_cat":[32,30],"product_tag":[],"class_list":{"0":"post-394","1":"product","2":"type-product","3":"status-publish","4":"has-post-thumbnail","6":"product_cat-may-in-3d-composite","7":"product_cat-may-in-3d-kho-lon","9":"first","10":"instock","11":"shipping-taxable","12":"product-type-simple"},"_links":{"self":[{"href":"https:\/\/3dprinter.vn\/en\/wp-json\/wp\/v2\/product\/394","targetHints":{"allow":["GET"]}}],"collection":[{"href":"https:\/\/3dprinter.vn\/en\/wp-json\/wp\/v2\/product"}],"about":[{"href":"https:\/\/3dprinter.vn\/en\/wp-json\/wp\/v2\/types\/product"}],"wp:featuredmedia":[{"embeddable":true,"href":"https:\/\/3dprinter.vn\/en\/wp-json\/wp\/v2\/media\/411"}],"wp:attachment":[{"href":"https:\/\/3dprinter.vn\/en\/wp-json\/wp\/v2\/media?parent=394"}],"wp:term":[{"taxonomy":"product_brand","embeddable":true,"href":"https:\/\/3dprinter.vn\/en\/wp-json\/wp\/v2\/product_brand?post=394"},{"taxonomy":"product_cat","embeddable":true,"href":"https:\/\/3dprinter.vn\/en\/wp-json\/wp\/v2\/product_cat?post=394"},{"taxonomy":"product_tag","embeddable":true,"href":"https:\/\/3dprinter.vn\/en\/wp-json\/wp\/v2\/product_tag?post=394"}],"curies":[{"name":"wp","href":"https:\/\/api.w.org\/{rel}","templated":true}]}}