{"id":406,"date":"2025-02-21T03:26:38","date_gmt":"2025-02-21T03:26:38","guid":{"rendered":"https:\/\/3dprinter.vn\/?post_type=product&#038;p=406"},"modified":"2025-06-26T07:12:40","modified_gmt":"2025-06-26T07:12:40","slug":"may-in-3d-cho-do-xe","status":"publish","type":"product","link":"https:\/\/3dprinter.vn\/en\/product\/may-in-3d-cho-do-xe\/","title":{"rendered":"M\u00e1y In 3D Cho \u0110\u1ed9 Xe \u2013 Gi\u1ea3i Ph\u00e1p Hi\u1ec7n \u0110\u1ea1i Cho Ng\u00e0nh \u0110\u1ed9 Body Kit \u00d4 T\u00f4"},"content":{"rendered":"<figure id=\"attachment_410\" aria-describedby=\"caption-attachment-410\" style=\"width: 1024px\" class=\"wp-caption alignnone\"><img loading=\"lazy\" decoding=\"async\" class=\"wp-image-410 size-full\" src=\"https:\/\/3dprinter.vn\/wp-content\/uploads\/2025\/02\/may-in-3d-do-oto.png\" alt=\"Ma\u0301y in 3D cho \u0111\u1ed9 xe\" width=\"1024\" height=\"768\" title=\"\"><figcaption id=\"caption-attachment-410\" class=\"wp-caption-text\">Ma\u0301y in 3D cho \u0111\u1ed9 xe<\/figcaption><\/figure>\n<h2 data-pm-slice=\"1 1 []\"><strong>1. Gi\u1edbi thi\u1ec7u v\u1ec1 m\u00e1y in 3D cho \u0111\u1ed9 xe<\/strong><\/h2>\n<p>C\u00f4ng ngh\u1ec7 in 3D \u0111ang ph\u00e1t tri\u1ec3n r\u1ea5t nhanh v\u00e0 \u0111\u00e3 \u1ee9ng d\u1ee5ng r\u1ed9ng r\u00e3i tr\u00ean nhi\u1ec1u l\u0129nh v\u1ef1c \u0111\u1eddi s\u1ed1ng t\u1eeb nh\u1eefng chi ti\u1ebft nh\u1ecf cho \u0111\u1ebfn k\u00edch th\u01b0\u1edbc l\u1edbn nh\u01b0 thuy\u1ec1n, nh\u00e0 \u1edf, t\u00e0u v\u0169 tr\u1ee5&#8230; L\u0129nh v\u1ef1c \u00f4 t\u00f4 c\u0169ng kh\u00f4ng ngo\u1ea1i l\u1ec7, \u0111\u00e2y th\u1ef1c s\u1ef1 l\u00e0 c\u00e1ch m\u1ea1ng h\u00f3a ng\u00e0nh c\u00f4ng nghi\u1ec7p \u0111\u1ed9 xe, gi\u00fap c\u00e1c x\u01b0\u1edfng s\u1ea3n xu\u1ea5t body kit\u00a0 t\u1ea1o ra c\u00e1c thi\u1ebft k\u1ebf \u0111\u1ed9c \u0111\u00e1o v\u1edbi chi ph\u00ed th\u1ea5p v\u00e0 th\u1eddi gian s\u1ea3n xu\u1ea5t nhanh h\u01a1n. M\u00e1y in 3D cho \u0111\u1ed9 xe l\u00e0 gi\u1ea3i ph\u00e1p t\u1ed1i \u01b0u \u0111\u1ec3 ch\u1ebf t\u1ea1o ph\u1ee5 ki\u1ec7n t\u00f9y ch\u1ec9nh, t\u1eeb c\u1ea3n xe, h\u1ed1c gi\u00f3, v\u00f2m b\u00e1nh xe \u0111\u1ebfn c\u00e1c b\u1ed9 ph\u1eadn n\u1ed9i th\u1ea5t theo y\u00eau c\u1ea7u.<\/p>\n<h2><strong>2. L\u1ee3i \u00edch c\u1ee7a m\u00e1y in 3D trong \u0111\u1ed9 xe<\/strong><\/h2>\n<ul data-spread=\"false\">\n<li><strong>Thi\u1ebft k\u1ebf linh ho\u1ea1t:<\/strong> D\u1ec5 d\u00e0ng t\u00f9y ch\u1ec9nh k\u00edch th\u01b0\u1edbc, ki\u1ec3u d\u00e1ng theo y\u00eau c\u1ea7u.<\/li>\n<li><strong>Ti\u1ebft ki\u1ec7m chi ph\u00ed:<\/strong> Gi\u1ea3m thi\u1ec3u l\u00e3ng ph\u00ed nguy\u00ean li\u1ec7u so v\u1edbi ph\u01b0\u01a1ng ph\u00e1p truy\u1ec1n th\u1ed1ng. Ngo\u00e0i ra v\u1eadt li\u1ec7u s\u1eed d\u1ee5ng cho m\u00e1y c\u00f3 gi\u00e1 th\u00e0nh th\u1ea5p nh\u01b0ng v\u1eabn c\u00f3 \u0111\u1ed9 b\u1ec1n cao, gi\u00fap t\u0103ng hi\u1ec7u qu\u1ea3 kinh doanh.<\/li>\n<li><strong>T\u0103ng t\u1ed1c \u0111\u1ed9 s\u1ea3n xu\u1ea5t:<\/strong> In nhanh ch\u00f3ng c\u00e1c m\u1eabu th\u1eed nghi\u1ec7m v\u00e0 s\u1ea3n ph\u1ea9m ho\u00e0n ch\u1ec9nh d\u00f9ng tr\u1ef1c ti\u1ebfp. Kh\u00f4ng c\u00f2n ph\u1ea3i \u0111\u1eafp \u0111\u1ea5t s\u00e9t g\u1ecdt th\u1ee7 c\u00f4ng, thi\u1ebfu ch\u00ednh x\u00e1c, r\u1ea5t ph\u00f9 h\u1ee3p cho custom body kit.<\/li>\n<li><strong>Ch\u1ea5t li\u1ec7u \u0111a d\u1ea1ng:<\/strong> C\u00f3 th\u1ec3 s\u1eed d\u1ee5ng nh\u1ef1a ABS, PP, glass fiber, carbon fiber, v\u00e0 nhi\u1ec1u lo\u1ea1i v\u1eadt li\u1ec7u kh\u00e1c t\u00f9y thu\u1ed9c nhu c\u1ea7u th\u1ef1c t\u1ebf.<\/li>\n<li><strong>\u0110\u1ed9 ch\u00ednh x\u00e1c cao:<\/strong> T\u1ea1o ra c\u00e1c s\u1ea3n ph\u1ea9m c\u00f3 \u0111\u1ed9 chi ti\u1ebft c\u1ef1c k\u1ef3 cao, ph\u00f9 h\u1ee3p v\u1edbi c\u00e1c b\u1ed9 ph\u1eadn ph\u1ee9c t\u1ea1p c\u1ee7a \u00f4 t\u00f4.<\/li>\n<li><strong>Ch\u1ee7 \u0111\u1ed9ng th\u1eddi gian thi c\u00f4ng s\u1ea3n ph\u1ea9m:<\/strong> Kh\u00f4ng ph\u1ea3i ch\u1edd \u0111\u1ee3i mua t\u1eeb n\u01b0\u1edbc ngo\u00e0i, c\u00f3 th\u1ec3 ti\u1ebfn h\u00e0nh ch\u1ebf t\u1ea1o ngay l\u1eadp t\u1ee9c.T\u1eeb body kit VF3, ford Mustang, Camaro, Cayenne, cho \u0111\u1ebfn body kit Lamborghini, McLaren , Ferari &#8230; \u0111\u1ec1u n\u1eb1m trong t\u1ea7m tay.<\/li>\n<\/ul>\n<h2><strong>3. \u1ee8ng d\u1ee5ng c\u1ee7a m\u00e1y in 3D trong \u0111\u1ed9 xe<\/strong><\/h2>\n<ul data-spread=\"false\">\n<li>S\u1ea3n xu\u1ea5t body kit \u00f4 t\u00f4 \u0111\u1ed9c quy\u1ec1n.<\/li>\n<li>Ch\u1ebf t\u1ea1o linh ki\u1ec7n n\u1ed9i th\u1ea5t v\u00e0 ngo\u1ea1i th\u1ea5t.<\/li>\n<li>T\u1ea1o m\u1eabu th\u1eed nghi\u1ec7m nhanh tr\u01b0\u1edbc khi s\u1ea3n xu\u1ea5t h\u00e0ng lo\u1ea1t.<\/li>\n<li>L\u00e0m khu\u00f4n m\u1eabu ho\u1eb7c ph\u1ee5 t\u00f9ng thay th\u1ebf nh\u01b0 \u0111\u00e8n, body th\u00e2n r\u1ed9ng, lippo, n\u1eafp capo, bumper,&#8230; cho nh\u1eefng xe phi\u00ean b\u1ea3n gi\u1edbi h\u1ea1n ho\u1eb7c kh\u00f4ng c\u00f2n s\u1ea3n xu\u1ea5t.<\/li>\n<\/ul>\n<h2><strong>4. Nh\u00e0 cung c\u1ea5p m\u00e1y in 3D cho ng\u00e0nh \u0111\u1ed9 xe<\/strong><\/h2>\n<p>Ch\u00fang t\u00f4i l\u00e0 \u0111\u01a1n v\u1ecb chuy\u00ean s\u1ea3n xu\u1ea5t v\u00e0 cung c\u1ea5p c\u00e1c d\u00f2ng M\u00e1y in 3D ch\u1ebf t\u1ea1o ph\u1ee5 ki\u1ec7n \u00f4 t\u00f4 ch\u1ea5t l\u01b0\u1ee3ng cao , v\u00f9ng l\u00e0m vi\u1ec7c t\u1eeb 1 m\u00e9t \u0111\u1ebfn 5 m\u00e9t cho ng\u00e0nh \u0111\u1ed9 xe, \u0111\u1ed9 body kit, n\u1ed9i th\u1ea5t, ngo\u1ea1i th\u1ea5t, th\u1eadm ch\u00ed in 3D nguy\u00ean th\u00e2n v\u1ecf xe li\u1ec1n kh\u1ed1i v\u1edbi k\u00edch th\u01b0\u1edbc th\u1eadt.<\/p>\n<p>C\u00e1c s\u1ea3n ph\u1ea9m c\u1ee7a ch\u00fang t\u00f4i gi\u00fap t\u1ed1i \u01b0u chi ph\u00ed<a href=\"https:\/\/www.bodykits.com\/\" target=\"_blank\" rel=\"noopener\"> s\u1ea3n xu\u1ea5t body kit b\u1eb1ng in 3D<\/a>, mang \u0111\u1ebfn gi\u1ea3i ph\u00e1p hi\u1ec7n \u0111\u1ea1i v\u00e0 hi\u1ec7u qu\u1ea3 nh\u1ea5t cho c\u00e1c x\u01b0\u1edfng \u0111\u1ed9 \u00f4 t\u00f4 v\u1edbi c<a href=\"https:\/\/3dprinter.vn\/en\/product\/may-in-3d-san-xuat-body-kit\/\">\u00f4ng ngh\u1ec7 s\u1ea3n xu\u1ea5t body kit<\/a> b\u1eb1ng in 3D.<\/p>\n<hr data-start=\"3820\" data-end=\"3823\" \/>\n<h2 data-start=\"3929\" data-end=\"3968\">&#x1f91d; Th\u00f4ng s\u1ed1 k\u1ef9 thu\u1eadt v\u00e0 gi\u00e1 b\u00e1n m\u00e1y in 3D kh\u1ed5 l\u1edbn 1-3 M t\u1ea1i \u0111\u00e2y<\/h2>\n<blockquote data-start=\"3969\" data-end=\"4124\">\n<p data-start=\"3971\" data-end=\"4124\">&#x1f517; Ph\u1ee5c v\u1ee5 chuy\u00ean in chuy\u00ean in s\u1ea3n ph\u1ea9m c\u00f3 k\u00edch th\u01b0\u1edbc l\u1edbn tr\u00ean 1M?<br data-start=\"4028\" data-end=\"4031\" \/>&#x1f449; <a class=\"\" href=\"https:\/\/3dprinter.vn\/en\/product\/may-in-3d-kho-lon\/\" target=\"_new\" rel=\"noopener\" data-start=\"4034\" data-end=\"4124\">Xem d\u00f2ng m\u00e1y in 3D kh\u1ed5 l\u1edbn 1\u20133M<\/a><\/p>\n<\/blockquote>\n<hr data-start=\"3820\" data-end=\"3823\" \/>\n<h2 data-start=\"3929\" data-end=\"3968\">&#x1f91d; Th\u00f4ng s\u1ed1 k\u1ef9 thu\u1eadt v\u00e0 gi\u00e1 b\u00e1n m\u00e1y in 3D c\u00f4ng nghi\u1ec7p 1-3 M t\u1ea1i \u0111\u00e2y<\/h2>\n<blockquote data-start=\"3969\" data-end=\"4124\">\n<p data-start=\"3971\" data-end=\"4124\">&#x1f517; Ph\u1ee5c v\u1ee5 chuy\u00ean in chuy\u00ean in m\u00f4 h\u00ecnh l\u1edbn, n\u1ed9i th\u1ea5t, t\u01b0\u1ee3ng, body kit?<br data-start=\"4028\" data-end=\"4031\" \/>&#x1f449; <a class=\"\" href=\"https:\/\/3dprinter.vn\/en\/may-in-3d-cong-nghiep\/\" target=\"_new\" rel=\"noopener\" data-start=\"4034\" data-end=\"4124\">Xem d\u00f2ng m\u00e1y in 3D c\u00f4ng nghi\u1ec7p 1\u20133M<\/a><\/p>\n<\/blockquote>\n<hr data-start=\"3820\" data-end=\"3823\" \/>\n<h2 data-start=\"3929\" data-end=\"3968\">&#x1f91d; Th\u00f4ng s\u1ed1 k\u1ef9 thu\u1eadt v\u00e0 gi\u00e1 b\u00e1n m\u00e1y in 3D c\u00f4ng nghi\u1ec7p tr\u00ean 3M t\u1ea1i \u0111\u00e2y<\/h2>\n<blockquote data-start=\"3969\" data-end=\"4124\">\n<p data-start=\"3971\" data-end=\"4124\">&#x1f517; Ph\u1ee5c v\u1ee5 chuy\u00ean in m\u00f4 h\u00ecnh l\u1edbn, t\u01b0\u1ee3ng l\u1edbn, n\u1ed9i th\u1ea5t l\u1edbn, ngo\u1ea1i th\u1ea5t l\u1edbn, t\u00e0u thuy\u1ec1n,&#8230;?<br data-start=\"4028\" data-end=\"4031\" \/>&#x1f449; <a class=\"\" href=\"https:\/\/3dprinter.vn\/en\/product\/may-in-3d-cong-nghiep\/\" target=\"_new\" rel=\"noopener\" data-start=\"4034\" data-end=\"4124\">Xem d\u00f2ng m\u00e1y in 3D c\u00f4ng nghi\u1ec7p tr\u00ean 3M<\/a><\/p>\n<\/blockquote>\n<hr data-start=\"3924\" data-end=\"3927\" \/>\n<blockquote data-start=\"3969\" data-end=\"4124\">\n<h2 data-start=\"3553\" data-end=\"3583\">&#x1f4de; Li\u00ean h\u1ec7 t\u01b0 v\u1ea5n &amp; b\u00e1o gi\u00e1<\/h2>\n<ul data-start=\"3585\" data-end=\"3755\">\n<li data-start=\"3585\" data-end=\"3622\">\n<p data-start=\"3587\" data-end=\"3622\">&#x260e;&#xfe0f;\u00a0<strong data-start=\"3590\" data-end=\"3606\">Hotline\/Zalo<\/strong>: 090 292 7599<\/p>\n<\/li>\n<li data-start=\"3623\" data-end=\"3663\">\n<p data-start=\"3625\" data-end=\"3663\">&#x1f4e7;\u00a0<strong data-start=\"3628\" data-end=\"3637\">Email<\/strong>:\u00a0<a class=\"cursor-pointer\" rel=\"noopener\" data-start=\"3639\" data-end=\"3661\">3dprinter.vn@gmail.com<\/a><\/p>\n<\/li>\n<li data-start=\"3664\" data-end=\"3755\">\n<p data-start=\"3666\" data-end=\"3755\">&#x1f3e0;\u00a0<strong data-start=\"3669\" data-end=\"3680\">\u0110\u1ecba ch\u1ec9<\/strong>: 1000 Nguy\u1ec5n Duy Trinh (Valencia Riverside), P.Ph\u00fa H\u1eefu, TP.Th\u1ee7 \u0110\u1ee9c, TP.HCM<\/p>\n<\/li>\n<\/ul>\n<\/blockquote>\n<p><iframe loading=\"lazy\" title=\"C\u00f4ng ngh\u00ea\u0323 in 3D trong x\u00e2y d\u01b0\u0323ng\" width=\"500\" height=\"281\" src=\"https:\/\/www.youtube.com\/embed\/zwaK7N1mqdU?feature=oembed\" frameborder=\"0\" allow=\"accelerometer; autoplay; clipboard-write; encrypted-media; gyroscope; picture-in-picture; web-share\" referrerpolicy=\"strict-origin-when-cross-origin\" allowfullscreen><\/iframe><\/p>\n<p>&nbsp;<\/p>","protected":false},"excerpt":{"rendered":"<p>M\u00e1y In 3D Cho \u0110\u1ed9 Xe v\u1edbi t\u1ed1c \u0111\u1ed9 in cao tr\u00ean 2 kg\/h, v\u00f9ng in t\u1eeb 1-3 m\u00e9t, s\u1eed d\u1ee5ng v\u1eadt li\u1ec7u h\u1ea1t nh\u1ef1a composite chi ph\u00ed th\u1ea5p, hi\u1ec7u qu\u1ea3 cao. Th\u00edch h\u1ee3p cho s\u1ea3n xu\u1ea5t n\u1ed9i th\u1ea5t \u00f4 t\u00f4, ngo\u1ea1i th\u1ea5t \u00f4 t\u00f4, custom body kit. Li\u00ean h\u1ec7 \u0111\u1ec3 c\u00f3 th\u00f4ng tin chi ti\u1ebft v\u1ec1 M\u00e1y In 3D Cho \u0110\u1ed9 Xe.<\/p>","protected":false},"featured_media":410,"template":"","meta":[],"product_brand":[],"product_cat":[32,30],"product_tag":[],"class_list":{"0":"post-406","1":"product","2":"type-product","3":"status-publish","4":"has-post-thumbnail","6":"product_cat-may-in-3d-composite","7":"product_cat-may-in-3d-kho-lon","9":"first","10":"instock","11":"shipping-taxable","12":"product-type-simple"},"_links":{"self":[{"href":"https:\/\/3dprinter.vn\/en\/wp-json\/wp\/v2\/product\/406","targetHints":{"allow":["GET"]}}],"collection":[{"href":"https:\/\/3dprinter.vn\/en\/wp-json\/wp\/v2\/product"}],"about":[{"href":"https:\/\/3dprinter.vn\/en\/wp-json\/wp\/v2\/types\/product"}],"wp:featuredmedia":[{"embeddable":true,"href":"https:\/\/3dprinter.vn\/en\/wp-json\/wp\/v2\/media\/410"}],"wp:attachment":[{"href":"https:\/\/3dprinter.vn\/en\/wp-json\/wp\/v2\/media?parent=406"}],"wp:term":[{"taxonomy":"product_brand","embeddable":true,"href":"https:\/\/3dprinter.vn\/en\/wp-json\/wp\/v2\/product_brand?post=406"},{"taxonomy":"product_cat","embeddable":true,"href":"https:\/\/3dprinter.vn\/en\/wp-json\/wp\/v2\/product_cat?post=406"},{"taxonomy":"product_tag","embeddable":true,"href":"https:\/\/3dprinter.vn\/en\/wp-json\/wp\/v2\/product_tag?post=406"}],"curies":[{"name":"wp","href":"https:\/\/api.w.org\/{rel}","templated":true}]}}