{"id":407,"date":"2025-02-21T06:30:56","date_gmt":"2025-02-21T06:30:56","guid":{"rendered":"https:\/\/3dprinter.vn\/?post_type=product&#038;p=407"},"modified":"2025-06-26T07:13:48","modified_gmt":"2025-06-26T07:13:48","slug":"may-in-3d-san-xuat-body-kit","status":"publish","type":"product","link":"https:\/\/3dprinter.vn\/en\/product\/may-in-3d-san-xuat-body-kit\/","title":{"rendered":"M\u00e1y In 3D S\u1ea3n Xu\u1ea5t Body Kit \u2013 Gi\u1ea3i Ph\u00e1p T\u1ed1i \u01afu Cho X\u01b0\u1edfng \u0110\u1ed9 Xe"},"content":{"rendered":"<figure id=\"attachment_408\" aria-describedby=\"caption-attachment-408\" style=\"width: 1024px\" class=\"wp-caption alignnone\"><img loading=\"lazy\" decoding=\"async\" class=\"wp-image-408 size-full\" src=\"https:\/\/3dprinter.vn\/wp-content\/uploads\/2025\/02\/may-in-3d-body-kit.png\" alt=\"M\u00e1y In 3D S\u1ea3n Xu\u1ea5t Body Kit\" width=\"1024\" height=\"768\" title=\"\"><figcaption id=\"caption-attachment-408\" class=\"wp-caption-text\">M\u00e1y In 3D S\u1ea3n Xu\u1ea5t Body Kit<\/figcaption><\/figure>\n<h2 data-pm-slice=\"1 1 []\"><strong>1. M\u00e1y in 3D s\u1ea3n xu\u1ea5t body kit l\u00e0 g\u00ec?<\/strong><\/h2>\n<p>M\u00e1y in 3D s\u1ea3n xu\u1ea5t body kit l\u00e0 c\u00f4ng ngh\u1ec7 ti\u00ean ti\u1ebfn gi\u00fap t\u1ea1o ra c\u00e1c b\u1ed9 ph\u1eadn t\u00f9y ch\u1ec9nh cho \u00f4 t\u00f4, t\u1eeb c\u1ea3n tr\u01b0\u1edbc, \u1ed1p h\u00f4ng, v\u00f2m b\u00e1nh xe \u0111\u1ebfn c\u00e1nh gi\u00f3. Nh\u1edd kh\u1ea3 n\u0103ng s\u1ea3n xu\u1ea5t nhanh ch\u00f3ng v\u00e0 ch\u00ednh x\u00e1c, c\u00f4ng ngh\u1ec7 in 3D \u0111\u00e3 tr\u1edf th\u00e0nh gi\u1ea3i ph\u00e1p kh\u00f4ng th\u1ec3 thi\u1ebfu cho c\u00e1c x\u01b0\u1edfng \u0111\u1ed9 body kit \u00f4 t\u00f4, gi\u00fap ti\u1ebft ki\u1ec7m th\u1eddi gian v\u00e0 t\u1ed1i \u01b0u chi ph\u00ed s\u1ea3n xu\u1ea5t.<\/p>\n<p>C\u00f4ng ngh\u1ec7 s\u1ea3n xu\u1ea5t body kit b\u1eb1ng in 3D \u0111ang d\u1ea7n thay th\u1ebf ph\u01b0\u01a1ng ph\u00e1p truy\u1ec1n th\u1ed1ng, nh\u1edd v\u00e0o s\u1ef1 linh ho\u1ea1t trong thi\u1ebft k\u1ebf, kh\u1ea3 n\u0103ng t\u1ea1o ra c\u00e1c chi ti\u1ebft ph\u1ee9c t\u1ea1p v\u1edbi \u0111\u1ed9 ch\u00ednh x\u00e1c cao. C\u00e1c x\u01b0\u1edfng \u0111\u1ed9 xe c\u00f3 th\u1ec3 d\u1ec5 d\u00e0ng s\u1ea3n xu\u1ea5t body kit \u0111\u1ed9c \u0111\u00e1o, mang l\u1ea1i phong c\u00e1ch ri\u00eang bi\u1ec7t cho t\u1eebng d\u00f2ng xe m\u00e0 kh\u00f4ng c\u1ea7n ph\u1ee5 thu\u1ed9c v\u00e0o khu\u00f4n m\u1eabu c\u1ed1 \u0111\u1ecbnh.<\/p>\n<h2><strong>2. V\u00ec sao n\u00ean \u0111\u1ea7u t\u01b0 m\u00e1y in 3D s\u1ea3n xu\u1ea5t body kit?<\/strong><\/h2>\n<ul data-spread=\"false\">\n<li><strong>T\u0103ng t\u1ed1c \u0111\u1ed9 s\u1ea3n xu\u1ea5t:<\/strong> Ho\u00e0n th\u00e0nh s\u1ea3n ph\u1ea9m ch\u1ec9 trong v\u00e0i gi\u1edd thay v\u00ec nhi\u1ec1u ng\u00e0y, gi\u00fap r\u00fat ng\u1eafn th\u1eddi gian \u0111\u01b0a s\u1ea3n ph\u1ea9m ra th\u1ecb tr\u01b0\u1eddng.<\/li>\n<li><strong>T\u1ed1i \u01b0u chi ph\u00ed:<\/strong> Gi\u1ea3m thi\u1ec3u nguy\u00ean li\u1ec7u d\u01b0 th\u1eeba, ti\u1ebft ki\u1ec7m chi ph\u00ed s\u1ea3n xu\u1ea5t body kit b\u1eb1ng in 3D so v\u1edbi ph\u01b0\u01a1ng ph\u00e1p truy\u1ec1n th\u1ed1ng.<\/li>\n<li><strong>T\u1ea1o m\u1eabu th\u1eed nghi\u1ec7m d\u1ec5 d\u00e0ng:<\/strong> D\u1ec5 d\u00e0ng ki\u1ec3m tra thi\u1ebft k\u1ebf tr\u01b0\u1edbc khi s\u1ea3n xu\u1ea5t h\u00e0ng lo\u1ea1t, gi\u1ea3m thi\u1ec3u sai s\u00f3t v\u00e0 \u0111\u1ea3m b\u1ea3o ch\u1ea5t l\u01b0\u1ee3ng s\u1ea3n ph\u1ea9m.<\/li>\n<li><strong>Ch\u1ea5t li\u1ec7u b\u1ec1n b\u1ec9:<\/strong> In 3D b\u1eb1ng nh\u1ef1a ABS, PLA, composite, s\u1ee3i carbon\u2026 gi\u00fap body kit c\u00f3 \u0111\u1ed9 b\u1ec1n cao, kh\u1ea3 n\u0103ng ch\u1ecbu l\u1ef1c t\u1ed1t.<\/li>\n<li><strong>Thi\u1ebft k\u1ebf linh ho\u1ea1t:<\/strong> M\u00e1y in 3D cho \u0111\u1ed9 xe gi\u00fap s\u1ea3n xu\u1ea5t body kit theo y\u00eau c\u1ea7u kh\u00e1ch h\u00e0ng, t\u1ea1o ra c\u00e1c m\u1eabu thi\u1ebft k\u1ebf \u0111\u1ed9c \u0111\u00e1o, kh\u00f4ng gi\u1edbi h\u1ea1n v\u1ec1 ki\u1ec3u d\u00e1ng.<\/li>\n<\/ul>\n<h2><strong>3. Gi\u00e1 m\u00e1y in 3D s\u1ea3n xu\u1ea5t <a href=\"https:\/\/body-kit.com\/\" target=\"_blank\" rel=\"noopener\">body kit<\/a> \u00f4 t\u00f4<\/strong><\/h2>\n<p>T\u00f9y theo nhu c\u1ea7u s\u1eed d\u1ee5ng, gi\u00e1 m\u00e1y in 3D s\u1ea3n xu\u1ea5t body kit dao \u0111\u1ed9ng t\u1eeb <strong>50 tri\u1ec7u \u2013 500 tri\u1ec7u VN\u0110<\/strong>. Ch\u00fang t\u00f4i cung c\u1ea5p nhi\u1ec1u l\u1ef1a ch\u1ecdn t\u1eeb m\u00e1y in 3D \u0111\u1ec3 b\u00e0n cho c\u00e1c x\u01b0\u1edfng nh\u1ecf \u0111\u1ebfn m\u00e1y in c\u00f4ng nghi\u1ec7p c\u1ee1 l\u1edbn. N\u1ebfu b\u1ea1n \u0111ang c\u00e2n nh\u1eafc <strong>\u0111\u1ea7u t\u01b0 m\u00e1y in 3D s\u1ea3n xu\u1ea5t body kit<\/strong>, h\u00e3y tham kh\u1ea3o c\u00e1c d\u00f2ng m\u00e1y c\u00f3 c\u00f4ng su\u1ea5t ph\u00f9 h\u1ee3p v\u1edbi quy m\u00f4 x\u01b0\u1edfng c\u1ee7a m\u00ecnh.<\/p>\n<p>M\u1ed9t s\u1ed1 y\u1ebfu t\u1ed1 \u1ea3nh h\u01b0\u1edfng \u0111\u1ebfn <strong>gi\u00e1 m\u00e1y in 3D s\u1ea3n xu\u1ea5t linh ki\u1ec7n xe h\u01a1i<\/strong> bao g\u1ed3m:<\/p>\n<ul data-spread=\"false\">\n<li>K\u00edch th\u01b0\u1edbc v\u00f9ng in v\u00e0 t\u1ed1c \u0111\u1ed9 in.<\/li>\n<li>Ch\u1ea5t li\u1ec7u in 3D h\u1ed7 tr\u1ee3.<\/li>\n<li>C\u00f4ng ngh\u1ec7 in (FDM, SLA, SLS\u2026).<\/li>\n<\/ul>\n<p>N\u1ebfu b\u1ea1n \u0111ang t\u00ecm ki\u1ebfm <strong>m\u00e1y in 3D s\u1ea3n xu\u1ea5t linh ki\u1ec7n xe h\u01a1i<\/strong> ho\u1eb7c <strong>m\u00e1y in 3D ch\u1ebf t\u1ea1o ph\u1ee5 ki\u1ec7n \u00f4 t\u00f4<\/strong>, h\u00e3y li\u00ean h\u1ec7 v\u1edbi ch\u00fang t\u00f4i \u0111\u1ec3 \u0111\u01b0\u1ee3c t\u01b0 v\u1ea5n.<\/p>\n<h2><strong>4. Nh\u00e0 cung c\u1ea5p m\u00e1y in 3D s\u1ea3n xu\u1ea5t body kit uy t\u00edn<\/strong><\/h2>\n<p>Ch\u00fang t\u00f4i l\u00e0 <strong>nh\u00e0 cung c\u1ea5p <a href=\"https:\/\/3dprinter.vn\/en\/product\/may-in-3d-cho-do-xe\/\">m\u00e1y in 3D cho ng\u00e0nh \u0111\u1ed9 xe<\/a><\/strong>, chuy\u00ean t\u01b0 v\u1ea5n c\u00f4ng ngh\u1ec7 in 3D cho \u0111\u1ed9 xe v\u00e0 h\u1ed7 tr\u1ee3 c\u00e1c x\u01b0\u1edfng \u0111\u1ed9 xe t\u1ed1i \u01b0u quy tr\u00ecnh s\u1ea3n xu\u1ea5t. V\u1edbi kinh nghi\u1ec7m trong l\u0129nh v\u1ef1c in 3D, ch\u00fang t\u00f4i cam k\u1ebft mang \u0111\u1ebfn gi\u1ea3i ph\u00e1p hi\u1ec7u qu\u1ea3 nh\u1ea5t cho kh\u00e1ch h\u00e0ng.<\/p>\n<p>Ch\u00fang t\u00f4i cung c\u1ea5p c\u00e1c d\u00f2ng m\u00e1y in 3D ch\u1ea5t l\u01b0\u1ee3ng cao, gi\u00fap x\u01b0\u1edfng \u0111\u1ed9 xe:<\/p>\n<ul data-spread=\"false\">\n<li>T\u0103ng n\u0103ng su\u1ea5t, gi\u1ea3m th\u1eddi gian s\u1ea3n xu\u1ea5t.<\/li>\n<li>\u0110\u00e1p \u1ee9ng nhanh c\u00e1c y\u00eau c\u1ea7u thi\u1ebft k\u1ebf body kit t\u00f9y ch\u1ec9nh.<\/li>\n<li>Ti\u1ebft ki\u1ec7m chi ph\u00ed s\u1ea3n xu\u1ea5t so v\u1edbi c\u00e1c ph\u01b0\u01a1ng ph\u00e1p truy\u1ec1n th\u1ed1ng.<\/li>\n<\/ul>\n<hr data-start=\"3820\" data-end=\"3823\" \/>\n<h2 data-start=\"3929\" data-end=\"3968\">&#x1f91d; Th\u00f4ng s\u1ed1 k\u1ef9 thu\u1eadt v\u00e0 gi\u00e1 b\u00e1n m\u00e1y in 3D kh\u1ed5 l\u1edbn 1-3 M t\u1ea1i \u0111\u00e2y<\/h2>\n<blockquote data-start=\"3969\" data-end=\"4124\">\n<p data-start=\"3971\" data-end=\"4124\">&#x1f517; Ph\u1ee5c v\u1ee5 chuy\u00ean in chuy\u00ean in s\u1ea3n ph\u1ea9m c\u00f3 k\u00edch th\u01b0\u1edbc l\u1edbn tr\u00ean 1M?<br data-start=\"4028\" data-end=\"4031\" \/>&#x1f449; <a class=\"\" href=\"https:\/\/3dprinter.vn\/en\/product\/may-in-3d-kho-lon\/\" target=\"_new\" rel=\"noopener\" data-start=\"4034\" data-end=\"4124\">Xem d\u00f2ng m\u00e1y in 3D kh\u1ed5 l\u1edbn 1\u20133M<\/a><\/p>\n<\/blockquote>\n<hr data-start=\"3820\" data-end=\"3823\" \/>\n<h2 data-start=\"3929\" data-end=\"3968\">&#x1f91d; Th\u00f4ng s\u1ed1 k\u1ef9 thu\u1eadt v\u00e0 gi\u00e1 b\u00e1n m\u00e1y in 3D c\u00f4ng nghi\u1ec7p 1-3 M t\u1ea1i \u0111\u00e2y<\/h2>\n<blockquote data-start=\"3969\" data-end=\"4124\">\n<p data-start=\"3971\" data-end=\"4124\">&#x1f517; Ph\u1ee5c v\u1ee5 chuy\u00ean in chuy\u00ean in m\u00f4 h\u00ecnh l\u1edbn, n\u1ed9i th\u1ea5t, t\u01b0\u1ee3ng, body kit?<br data-start=\"4028\" data-end=\"4031\" \/>&#x1f449; <a class=\"\" href=\"https:\/\/3dprinter.vn\/en\/may-in-3d-cong-nghiep\/\" target=\"_new\" rel=\"noopener\" data-start=\"4034\" data-end=\"4124\">Xem d\u00f2ng m\u00e1y in 3D c\u00f4ng nghi\u1ec7p 1\u20133M<\/a><\/p>\n<\/blockquote>\n<hr data-start=\"3820\" data-end=\"3823\" \/>\n<h2 data-start=\"3929\" data-end=\"3968\">&#x1f91d; Th\u00f4ng s\u1ed1 k\u1ef9 thu\u1eadt v\u00e0 gi\u00e1 b\u00e1n m\u00e1y in 3D c\u00f4ng nghi\u1ec7p tr\u00ean 3M t\u1ea1i \u0111\u00e2y<\/h2>\n<blockquote data-start=\"3969\" data-end=\"4124\">\n<p data-start=\"3971\" data-end=\"4124\">&#x1f517; Ph\u1ee5c v\u1ee5 chuy\u00ean in m\u00f4 h\u00ecnh l\u1edbn, t\u01b0\u1ee3ng l\u1edbn, n\u1ed9i th\u1ea5t l\u1edbn, ngo\u1ea1i th\u1ea5t l\u1edbn, t\u00e0u thuy\u1ec1n,&#8230;?<br data-start=\"4028\" data-end=\"4031\" \/>&#x1f449; <a class=\"\" href=\"https:\/\/3dprinter.vn\/en\/product\/may-in-3d-cong-nghiep\/\" target=\"_new\" rel=\"noopener\" data-start=\"4034\" data-end=\"4124\">Xem d\u00f2ng m\u00e1y in 3D c\u00f4ng nghi\u1ec7p tr\u00ean 3M<\/a><\/p>\n<\/blockquote>\n<hr data-start=\"3924\" data-end=\"3927\" \/>\n<blockquote data-start=\"3969\" data-end=\"4124\">\n<h2 data-start=\"3553\" data-end=\"3583\">&#x1f4de; Li\u00ean h\u1ec7 t\u01b0 v\u1ea5n &amp; b\u00e1o gi\u00e1<\/h2>\n<ul data-start=\"3585\" data-end=\"3755\">\n<li data-start=\"3585\" data-end=\"3622\">\n<p data-start=\"3587\" data-end=\"3622\">&#x260e;&#xfe0f;\u00a0<strong data-start=\"3590\" data-end=\"3606\">Hotline\/Zalo<\/strong>: 090 292 7599<\/p>\n<\/li>\n<li data-start=\"3623\" data-end=\"3663\">\n<p data-start=\"3625\" data-end=\"3663\">&#x1f4e7;\u00a0<strong data-start=\"3628\" data-end=\"3637\">Email<\/strong>:\u00a0<a class=\"cursor-pointer\" rel=\"noopener\" data-start=\"3639\" data-end=\"3661\">3dprinter.vn@gmail.com<\/a><\/p>\n<\/li>\n<li data-start=\"3664\" data-end=\"3755\">\n<p data-start=\"3666\" data-end=\"3755\">&#x1f3e0;\u00a0<strong data-start=\"3669\" data-end=\"3680\">\u0110\u1ecba ch\u1ec9<\/strong>: 1000 Nguy\u1ec5n Duy Trinh (Valencia Riverside), P.Ph\u00fa H\u1eefu, TP.Th\u1ee7 \u0110\u1ee9c, TP.HCM<\/p>\n<\/li>\n<\/ul>\n<\/blockquote>\n<p><iframe loading=\"lazy\" title=\"C\u00f4ng ngh\u00ea\u0323 in 3D trong x\u00e2y d\u01b0\u0323ng\" width=\"500\" height=\"281\" src=\"https:\/\/www.youtube.com\/embed\/zwaK7N1mqdU?feature=oembed\" frameborder=\"0\" allow=\"accelerometer; autoplay; clipboard-write; encrypted-media; gyroscope; picture-in-picture; web-share\" referrerpolicy=\"strict-origin-when-cross-origin\" allowfullscreen><\/iframe><\/p>\n<p>&nbsp;<\/p>","protected":false},"excerpt":{"rendered":"<p>M\u00e1y In 3D S\u1ea3n Xu\u1ea5t Body Kit v\u1edbi t\u1ed1c \u0111\u1ed9 in cao tr\u00ean 2 kg\/h, v\u00f9ng in t\u1eeb 1-3 m\u00e9t, s\u1eed d\u1ee5ng v\u1eadt li\u1ec7u h\u1ea1t nh\u1ef1a ABS, PP, Carbon Fiber, Glass Fiber chi ph\u00ed th\u1ea5p, hi\u1ec7u qu\u1ea3 cao. Th\u00edch h\u1ee3p cho s\u1ea3n xu\u1ea5t n\u1ed9i th\u1ea5t \u00f4 t\u00f4, ngo\u1ea1i th\u1ea5t \u00f4 t\u00f4, S\u1ea3n Xu\u1ea5t Body Kit. Li\u00ean h\u1ec7 \u0111\u1ec3 c\u00f3 th\u00f4ng tin chi ti\u1ebft v\u1ec1 M\u00e1y In 3D S\u1ea3n Xu\u1ea5t Body Kit.<\/p>","protected":false},"featured_media":408,"template":"","meta":[],"product_brand":[],"product_cat":[32,30],"product_tag":[],"class_list":{"0":"post-407","1":"product","2":"type-product","3":"status-publish","4":"has-post-thumbnail","6":"product_cat-may-in-3d-composite","7":"product_cat-may-in-3d-kho-lon","9":"first","10":"instock","11":"shipping-taxable","12":"product-type-simple"},"_links":{"self":[{"href":"https:\/\/3dprinter.vn\/en\/wp-json\/wp\/v2\/product\/407","targetHints":{"allow":["GET"]}}],"collection":[{"href":"https:\/\/3dprinter.vn\/en\/wp-json\/wp\/v2\/product"}],"about":[{"href":"https:\/\/3dprinter.vn\/en\/wp-json\/wp\/v2\/types\/product"}],"wp:featuredmedia":[{"embeddable":true,"href":"https:\/\/3dprinter.vn\/en\/wp-json\/wp\/v2\/media\/408"}],"wp:attachment":[{"href":"https:\/\/3dprinter.vn\/en\/wp-json\/wp\/v2\/media?parent=407"}],"wp:term":[{"taxonomy":"product_brand","embeddable":true,"href":"https:\/\/3dprinter.vn\/en\/wp-json\/wp\/v2\/product_brand?post=407"},{"taxonomy":"product_cat","embeddable":true,"href":"https:\/\/3dprinter.vn\/en\/wp-json\/wp\/v2\/product_cat?post=407"},{"taxonomy":"product_tag","embeddable":true,"href":"https:\/\/3dprinter.vn\/en\/wp-json\/wp\/v2\/product_tag?post=407"}],"curies":[{"name":"wp","href":"https:\/\/api.w.org\/{rel}","templated":true}]}}