{"id":430,"date":"2025-02-26T07:30:04","date_gmt":"2025-02-26T07:30:04","guid":{"rendered":"https:\/\/3dprinter.vn\/?post_type=product&#038;p=430"},"modified":"2025-02-26T11:00:19","modified_gmt":"2025-02-26T11:00:19","slug":"may-in-3d-gom","status":"publish","type":"product","link":"https:\/\/3dprinter.vn\/en\/product\/may-in-3d-gom\/","title":{"rendered":"M\u00e1y In 3D G\u1ed1m S\u1ee9 &#8211; Ceramic 3D Printing \u2013 Gi\u1ea3i Ph\u00e1p \u0110\u1ed9t Ph\u00e1 S\u1ea3n Xu\u1ea5t G\u1ed1m M\u1ef9 Ngh\u1ec7."},"content":{"rendered":"<figure id=\"attachment_431\" aria-describedby=\"caption-attachment-431\" style=\"width: 1024px\" class=\"wp-caption alignnone\"><img loading=\"lazy\" decoding=\"async\" class=\"wp-image-431 size-full\" src=\"https:\/\/3dprinter.vn\/wp-content\/uploads\/2025\/02\/may-in-3d-gom-su.png\" alt=\"m\u00e1y in 3D g\u1ed1m s\u1ee9\" width=\"1024\" height=\"768\" title=\"\"><figcaption id=\"caption-attachment-431\" class=\"wp-caption-text\">m\u00e1y in 3D g\u1ed1m s\u1ee9<\/figcaption><\/figure>\n<h1 data-start=\"101\" data-end=\"171\"><strong data-start=\"103\" data-end=\"169\">M\u00e1y In 3D G\u1ed1m S\u1ee9 \u2013 C\u00f4ng Ngh\u1ec7 \u0110\u1ed9t Ph\u00e1 Trong S\u00e1ng T\u1ea1o &amp; S\u1ea3n Xu\u1ea5t<\/strong><\/h1>\n<h2 data-start=\"173\" data-end=\"209\"><strong data-start=\"176\" data-end=\"207\">Gi\u1edbi Thi\u1ec7u M\u00e1y In 3D G\u1ed1m S\u1ee9<\/strong><\/h2>\n<p data-start=\"210\" data-end=\"497\">M\u00e1y in 3D g\u1ed1m s\u1ee9 l\u00e0 thi\u1ebft b\u1ecb s\u1eed d\u1ee5ng c\u00f4ng ngh\u1ec7 in 3D \u0111\u1ec3 t\u1ea1o ra c\u00e1c s\u1ea3n ph\u1ea9m t\u1eeb \u0111\u1ea5t s\u00e9t, s\u1ee9, g\u1ed1m ho\u1eb7c c\u00e1c v\u1eadt li\u1ec7u t\u01b0\u01a1ng t\u1ef1. Kh\u00e1c v\u1edbi c\u00e1c d\u00f2ng m\u00e1y in 3D nh\u1ef1a hay kim lo\u1ea1i, m\u00e1y in 3D g\u1ed1m hay m\u00e1y in 3D \u0111\u1ea5t s\u00e9t s\u1eed d\u1ee5ng \u0111\u1ea7u \u0111\u00f9n \u0111\u1eb7c bi\u1ec7t \u0111\u1ec3 \u0111\u1ea9y v\u1eadt li\u1ec7u d\u1ea1ng b\u00f9n ho\u1eb7c s\u1ec7t qua v\u00f2i phun, sau \u0111\u00f3 t\u1ea1o h\u00ecnh theo thi\u1ebft k\u1ebf 3D. S\u1ea3n ph\u1ea9m sau khi in c\u00f3 th\u1ec3 \u0111\u01b0\u1ee3c nung \u0111\u1ec3 t\u0103ng \u0111\u1ed9 c\u1ee9ng v\u00e0 ho\u00e0n thi\u1ec7n b\u1ec1 m\u1eb7t..<\/p>\n<p data-start=\"499\" data-end=\"694\">V\u1edbi kh\u1ea3 n\u0103ng in ch\u00ednh x\u00e1c t\u1eebng l\u1edbp v\u1eadt li\u1ec7u, m\u00e1y in 3D g\u1ed1m c\u00f4ng nghi\u1ec7p m\u1edf ra c\u01a1 h\u1ed9i m\u1edbi trong l\u0129nh v\u1ef1c ngh\u1ec7 thu\u1eadt, trang tr\u00ed n\u1ed9i th\u1ea5t, s\u1ea3n xu\u1ea5t \u0111\u1ed3 g\u1ed1m gia d\u1ee5ng v\u00e0 th\u1eadm ch\u00ed l\u00e0 ng\u00e0nh c\u00f4ng nghi\u1ec7p x\u00e2y d\u1ef1ng.<\/p>\n<p data-start=\"499\" data-end=\"694\">Nhi\u1ec1u qu\u1ed1c gia tr\u00ean th\u1ebf gi\u1edbi \u0111\u00e3 v\u00e0 \u0111ang \u1ee9ng d\u1ee5ng <strong data-start=\"49\" data-end=\"69\">m\u00e1y in 3D g\u1ed1m s\u1ee9<\/strong> v\u00e0o s\u1ea3n xu\u1ea5t, ngh\u1ec7 thu\u1eadt v\u00e0 ki\u1ebfn tr\u00fac. D\u01b0\u1edbi \u0111\u00e2y l\u00e0 m\u1ed9t s\u1ed1 v\u00ed d\u1ee5 ti\u00eau bi\u1ec3u:<\/p>\n<h3 data-start=\"148\" data-end=\"198\"><strong data-start=\"152\" data-end=\"196\">1. Trung Qu\u1ed1c \u2013 S\u1ea3n Xu\u1ea5t G\u1ed1m S\u1ee9 Tinh X\u1ea3o<\/strong><\/h3>\n<p data-start=\"199\" data-end=\"449\">C\u00e1c c\u00f4ng ty nh\u01b0 <strong data-start=\"347\" data-end=\"364\">Porcelains 3D<\/strong> \u0111ang s\u1eed d\u1ee5ng c\u00f4ng ngh\u1ec7 n\u00e0y \u0111\u1ec3 t\u1ea1o ra c\u00e1c s\u1ea3n ph\u1ea9m g\u1ed1m cao c\u1ea5p v\u1edbi \u0111\u1ed9 chi ti\u1ebft cao.<\/p>\n<h3 data-start=\"451\" data-end=\"497\"><strong data-start=\"455\" data-end=\"495\">2. H\u00e0 Lan \u2013 \u1ee8ng D\u1ee5ng Trong Ki\u1ebfn Tr\u00fac<\/strong><\/h3>\n<p data-start=\"498\" data-end=\"731\">Studio <strong data-start=\"505\" data-end=\"523\">DUS Architects<\/strong> c\u1ee7a H\u00e0 Lan \u0111\u00e3 s\u1eed d\u1ee5ng m\u00e1y in 3D g\u1ed1m \u0111\u1ec3 t\u1ea1o n\u00ean c\u00e1c c\u00f4ng tr\u00ecnh ki\u1ebfn tr\u00fac \u0111\u1ed9c \u0111\u00e1o, <strong data-start=\"609\" data-end=\"628\">Maggie\u2019s Centre<\/strong> \u2013 m\u1ed9t trung t\u00e2m y t\u1ebf c\u00f3 ph\u1ea7n m\u1eb7t d\u1ef1ng \u0111\u01b0\u1ee3c l\u00e0m t\u1eeb g\u1ed1m in 3D, gi\u00fap t\u1ed1i \u01b0u h\u00f3a \u00e1nh s\u00e1ng v\u00e0 c\u00e1ch nhi\u1ec7t.<\/p>\n<h3 data-start=\"733\" data-end=\"783\"><strong data-start=\"737\" data-end=\"781\">3. M\u1ef9 \u2013 Nghi\u00ean C\u1ee9u &amp; S\u1ea3n Xu\u1ea5t Th\u01b0\u01a1ng M\u1ea1i<\/strong><\/h3>\n<p data-start=\"784\" data-end=\"1046\">C\u00e1c vi\u1ec7n nghi\u00ean c\u1ee9u v\u00e0 doanh nghi\u1ec7p nh\u01b0 <strong data-start=\"824\" data-end=\"844\">Emerging Objects<\/strong> \u1edf California \u0111ang ph\u00e1t tri\u1ec3n c\u00e1c \u1ee9ng d\u1ee5ng in 3D g\u1ed1m s\u1ee9 trong <strong data-start=\"906\" data-end=\"941\">x\u00e2y d\u1ef1ng, n\u1ed9i th\u1ea5t v\u00e0 trang s\u1ee9c<\/strong>. H\u1ecd \u0111\u00e3 ch\u1ebf t\u1ea1o c\u00e1c b\u1ee9c t\u01b0\u1eddng g\u1ed1m in 3D c\u00f3 kh\u1ea3 n\u0103ng l\u00e0m m\u00e1t kh\u00f4ng gian nh\u1edd thi\u1ebft k\u1ebf th\u00f4ng gi\u00f3 \u0111\u1eb7c bi\u1ec7t.<\/p>\n<h3 data-start=\"1048\" data-end=\"1106\"><strong data-start=\"1052\" data-end=\"1104\">4. Italia \u2013 \u1ee8ng D\u1ee5ng Trong Ngh\u1ec7 Thu\u1eadt &amp; Thi\u1ebft K\u1ebf<\/strong><\/h3>\n<p data-start=\"1107\" data-end=\"1418\">Italia n\u1ed5i ti\u1ebfng v\u1edbi ngh\u1ec7 thu\u1eadt g\u1ed1m s\u1ee9 v\u00e0 hi\u1ec7n \u0111ang s\u1eed d\u1ee5ng m\u00e1y in 3D \u0111\u1ec3 t\u1ea1o ra <strong data-start=\"1187\" data-end=\"1236\">c\u00e1c t\u00e1c ph\u1ea9m \u0111i\u00eau kh\u1eafc, \u0111\u1ed3 trang tr\u00ed n\u1ed9i th\u1ea5t<\/strong> c\u00f3 h\u00ecnh d\u1ea1ng ph\u1ee9c t\u1ea1p, kh\u00f4ng th\u1ec3 th\u1ef1c hi\u1ec7n b\u1eb1ng ph\u01b0\u01a1ng ph\u00e1p truy\u1ec1n th\u1ed1ng. C\u00f4ng ty <strong data-start=\"1319\" data-end=\"1327\">WASP<\/strong> \u0111\u00e3 ph\u00e1t tri\u1ec3n d\u00f2ng m\u00e1y in 3D g\u1ed1m gi\u00fap t\u1ea1o ra c\u00e1c s\u1ea3n ph\u1ea9m t\u1eeb \u0111\u1ea5t s\u00e9t v\u1edbi k\u00edch th\u01b0\u1edbc l\u1edbn.<\/p>\n<h3 data-start=\"1420\" data-end=\"1467\"><strong data-start=\"1424\" data-end=\"1465\">5. T\u00e2y Ban Nha \u2013 S\u1ea3n Xu\u1ea5t \u0110\u1ed3 Gia D\u1ee5ng<\/strong><\/h3>\n<p data-start=\"1468\" data-end=\"1680\">C\u00e1c th\u01b0\u01a1ng hi\u1ec7u g\u1ed1m s\u1ee9 t\u1ea1i T\u00e2y Ban Nha nh\u01b0 <strong data-start=\"1511\" data-end=\"1531\">Cer\u00e0mica Cumella<\/strong> \u0111\u00e3 b\u1eaft \u0111\u1ea7u \u1ee9ng d\u1ee5ng c\u00f4ng ngh\u1ec7 in 3D v\u00e0o <strong data-start=\"1572\" data-end=\"1619\">s\u1ea3n xu\u1ea5t b\u00e1t, \u0111\u0129a, l\u1ecd hoa v\u00e0 g\u1ea1ch trang tr\u00ed<\/strong> v\u1edbi h\u1ecda ti\u1ebft ph\u1ee9c t\u1ea1p, t\u1ed1i \u01b0u h\u00f3a theo y\u00eau c\u1ea7u kh\u00e1ch h\u00e0ng.<\/p>\n<h2 data-start=\"701\" data-end=\"758\"><strong data-start=\"704\" data-end=\"756\">T\u1ea1i Sao N\u00ean Ch\u1ecdn M\u00e1y In 3D G\u1ed1m S\u1ee9 C\u1ee7a Ch\u00fang T\u00f4i?<\/strong><\/h2>\n<p data-start=\"760\" data-end=\"1230\">&#x2705; <strong data-start=\"762\" data-end=\"785\">C\u00f4ng ngh\u1ec7 ti\u00ean ti\u1ebfn<\/strong> \u2013 S\u1eed d\u1ee5ng h\u1ec7 th\u1ed1ng \u0111\u00f9n \u0111\u1ea5t s\u00e9t hi\u1ec7n \u0111\u1ea1i, t\u1ea1o ra s\u1ea3n ph\u1ea9m c\u00f3 \u0111\u1ed9 chi ti\u1ebft cao.<br data-start=\"862\" data-end=\"865\" \/>&#x2705; <strong data-start=\"867\" data-end=\"889\">Thi\u1ebft k\u1ebf linh ho\u1ea1t<\/strong> \u2013 H\u1ed7 tr\u1ee3 nhi\u1ec1u k\u00edch th\u01b0\u1edbc v\u00f2i phun, \u0111\u00e1p \u1ee9ng nhu c\u1ea7u t\u1eeb \u0111\u1ed3 th\u1ee7 c\u00f4ng m\u1ef9 ngh\u1ec7 \u0111\u1ebfn s\u1ea3n xu\u1ea5t quy m\u00f4 l\u1edbn.<br data-start=\"989\" data-end=\"992\" \/>&#x2705; <strong data-start=\"994\" data-end=\"1016\">Ch\u1ea5t l\u01b0\u1ee3ng \u1ed5n \u0111\u1ecbnh<\/strong> \u2013 V\u1eadn h\u00e0nh b\u1ec1n b\u1ec9, d\u1ec5 s\u1eed d\u1ee5ng v\u00e0 b\u1ea3o tr\u00ec.<br data-start=\"1058\" data-end=\"1061\" \/>&#x2705; <strong data-start=\"1063\" data-end=\"1088\">Ti\u1ebft ki\u1ec7m nguy\u00ean li\u1ec7u<\/strong> \u2013 H\u1ea1n ch\u1ebf l\u00e3ng ph\u00ed so v\u1edbi ph\u01b0\u01a1ng ph\u00e1p truy\u1ec1n th\u1ed1ng.<br data-start=\"1140\" data-end=\"1143\" \/>&#x2705; <strong data-start=\"1145\" data-end=\"1171\">T\u00f9y ch\u1ec9nh theo nhu c\u1ea7u<\/strong> \u2013 Nh\u1eadn thi\u1ebft k\u1ebf v\u00e0 s\u1ea3n xu\u1ea5t theo y\u00eau c\u1ea7u c\u1ee7a kh\u00e1ch h\u00e0ng.<\/p>\n<h2 data-start=\"1237\" data-end=\"1289\"><strong data-start=\"1240\" data-end=\"1287\">Ch\u00fang T\u00f4i Cung C\u1ea5p <\/strong><strong data-start=\"1240\" data-end=\"1287\">M\u00e1y In 3D G\u1ed1m S\u1ee9 T\u00f9y Ch\u1ec9nh<\/strong><\/h2>\n<ul data-start=\"1668\" data-end=\"1784\">\n<li data-start=\"1668\" data-end=\"1699\">Thi\u1ebft k\u1ebf theo y\u00eau c\u1ea7u ri\u00eang<\/li>\n<li data-start=\"1700\" data-end=\"1738\">K\u00edch th\u01b0\u1edbc l\u1edbn l\u00ean \u0111\u1ebfn 1m ho\u1eb7c h\u01a1n<\/li>\n<li data-start=\"1739\" data-end=\"1784\">Ph\u00f9 h\u1ee3p cho ki\u1ebfn tr\u00fac, trang tr\u00ed n\u1ed9i th\u1ea5t<\/li>\n<\/ul>\n<h2 data-start=\"1791\" data-end=\"1829\"><strong data-start=\"1794\" data-end=\"1827\">\u1ee8ng D\u1ee5ng C\u1ee7a <a href=\"https:\/\/3dprinter.vn\/en\/product\/may-in-3d-gom\/\">M\u00e1y In 3D G\u1ed1m S\u1ee9<\/a><\/strong><\/h2>\n<p data-start=\"1831\" data-end=\"2141\">&#x2714;&#xfe0f; <strong data-start=\"1834\" data-end=\"1861\">S\u1ea3n xu\u1ea5t \u0111\u1ed3 g\u1ed1m m\u1ef9 ngh\u1ec7<\/strong> \u2013 B\u00ecnh hoa, t\u01b0\u1ee3ng trang tr\u00ed, ch\u00e9n, \u0111\u0129a\u2026<br data-start=\"1901\" data-end=\"1904\" \/>&#x2714;&#xfe0f; <strong data-start=\"1907\" data-end=\"1931\">N\u1ed9i th\u1ea5t &amp; trang tr\u00ed<\/strong> \u2013 \u0110\u00e8n g\u1ed1m, g\u1ea1ch hoa, ph\u00f9 \u0111i\u00eau 3D\u2026<br data-start=\"1965\" data-end=\"1968\" \/>&#x2714;&#xfe0f; <strong data-start=\"1971\" data-end=\"1995\">Ki\u1ebfn tr\u00fac &amp; x\u00e2y d\u1ef1ng<\/strong> \u2013 V\u1eadt li\u1ec7u g\u1ed1m in 3D cho m\u1eb7t d\u1ef1ng, g\u1ea1ch trang tr\u00ed\u2026<br data-start=\"2046\" data-end=\"2049\" \/>&#x2714;&#xfe0f; <strong data-start=\"2052\" data-end=\"2074\">S\u1ea3n ph\u1ea9m t\u00f9y ch\u1ec9nh<\/strong> \u2013 Theo thi\u1ebft k\u1ebf c\u1ee7a kh\u00e1ch h\u00e0ng, s\u1ea3n xu\u1ea5t s\u1ed1 l\u01b0\u1ee3ng nh\u1ecf linh ho\u1ea1t.<\/p>\n<h2 data-start=\"2477\" data-end=\"2520\"><strong data-start=\"2480\" data-end=\"2518\">Mua M\u00e1y In G\u1ed1m 3D<\/strong><strong data-start=\"2480\" data-end=\"2518\">\u00a0\u1ede \u0110\u00e2u Uy T\u00edn?<\/strong><\/h2>\n<p data-start=\"2521\" data-end=\"2714\">Ch\u00fang t\u00f4i l\u00e0 \u0111\u01a1n v\u1ecb chuy\u00ean cung c\u1ea5p <a href=\"https:\/\/3dpotter.com\/\" target=\"_blank\" rel=\"noopener\">m\u00e1y in 3D g\u1ed1m<\/a> s\u1ee9 ch\u1ea5t l\u01b0\u1ee3ng cao v\u1edbi d\u1ecbch v\u1ee5 h\u1ed7 tr\u1ee3 t\u1eadn t\u00e2m. N\u1ebfu b\u1ea1n \u0111ang t\u00ecm ki\u1ebfm m\u1ed9t gi\u1ea3i ph\u00e1p in 3D cho g\u1ed1m s\u1ee9, h\u00e3y li\u00ean h\u1ec7 ngay \u0111\u1ec3 \u0111\u01b0\u1ee3c t\u01b0 v\u1ea5n chi ti\u1ebft.<\/p>\n<p><strong>Hotline<\/strong>: 090 292 7599<br \/>\n<strong>Email<\/strong>:\u00a0<a rel=\"noopener\">3dprinter.vn@gmail.com<\/a><br \/>\n<strong>Website<\/strong>:\u00a0<a href=\"https:\/\/3dprinter.vn\/en\/\">3dprinter.vn<\/a><\/p>\n<p><iframe loading=\"lazy\" title=\"M\u00e1y in 3D g\u1ed1m s\u1ee9 - Ceramic 3D Printing\" width=\"500\" height=\"281\" src=\"https:\/\/www.youtube.com\/embed\/-k7kyfhzwqk?feature=oembed\" frameborder=\"0\" allow=\"accelerometer; autoplay; clipboard-write; encrypted-media; gyroscope; picture-in-picture; web-share\" referrerpolicy=\"strict-origin-when-cross-origin\" allowfullscreen><\/iframe><\/p>\n<p>&nbsp;<\/p>","protected":false},"excerpt":{"rendered":"<p><strong data-start=\"0\" data-end=\"20\" data-is-only-node=\"\">M\u00e1y in 3D g\u1ed1m s\u1ee9<\/strong> l\u00e0 gi\u1ea3i ph\u00e1p ti\u00ean ti\u1ebfn gi\u00fap t\u1ea1o ra c\u00e1c s\u1ea3n ph\u1ea9m t\u1eeb \u0111\u1ea5t s\u00e9t, g\u1ed1m v\u00e0 s\u1ee9 v\u1edbi \u0111\u1ed9 ch\u00ednh x\u00e1c cao, thi\u1ebft k\u1ebf linh ho\u1ea1t v\u00e0 ti\u1ebft ki\u1ec7m nguy\u00ean li\u1ec7u. C\u00f4ng ngh\u1ec7 in 3D gi\u00fap s\u1ea3n xu\u1ea5t nhanh ch\u00f3ng c\u00e1c s\u1ea3n ph\u1ea9m ngh\u1ec7 thu\u1eadt, trang tr\u00ed n\u1ed9i th\u1ea5t, \u0111\u1ed3 g\u1ed1m gia d\u1ee5ng v\u00e0 v\u1eadt li\u1ec7u ki\u1ebfn tr\u00fac. Ch\u00fang t\u00f4i cung c\u1ea5p c\u00e1c d\u00f2ng m\u00e1y in 3D g\u1ed1m mini, c\u00f4ng nghi\u1ec7p v\u00e0 t\u00f9y ch\u1ec9nh theo nhu c\u1ea7u, \u0111\u1ea3m b\u1ea3o ch\u1ea5t l\u01b0\u1ee3ng, h\u1ed7 tr\u1ee3 k\u1ef9 thu\u1eadt v\u00e0 gi\u00e1 c\u1ea3 c\u1ea1nh tranh<\/p>","protected":false},"featured_media":431,"template":"","meta":[],"product_brand":[],"product_cat":[32,30],"product_tag":[],"class_list":{"0":"post-430","1":"product","2":"type-product","3":"status-publish","4":"has-post-thumbnail","6":"product_cat-may-in-3d-composite","7":"product_cat-may-in-3d-kho-lon","9":"first","10":"instock","11":"shipping-taxable","12":"product-type-simple"},"_links":{"self":[{"href":"https:\/\/3dprinter.vn\/en\/wp-json\/wp\/v2\/product\/430","targetHints":{"allow":["GET"]}}],"collection":[{"href":"https:\/\/3dprinter.vn\/en\/wp-json\/wp\/v2\/product"}],"about":[{"href":"https:\/\/3dprinter.vn\/en\/wp-json\/wp\/v2\/types\/product"}],"wp:featuredmedia":[{"embeddable":true,"href":"https:\/\/3dprinter.vn\/en\/wp-json\/wp\/v2\/media\/431"}],"wp:attachment":[{"href":"https:\/\/3dprinter.vn\/en\/wp-json\/wp\/v2\/media?parent=430"}],"wp:term":[{"taxonomy":"product_brand","embeddable":true,"href":"https:\/\/3dprinter.vn\/en\/wp-json\/wp\/v2\/product_brand?post=430"},{"taxonomy":"product_cat","embeddable":true,"href":"https:\/\/3dprinter.vn\/en\/wp-json\/wp\/v2\/product_cat?post=430"},{"taxonomy":"product_tag","embeddable":true,"href":"https:\/\/3dprinter.vn\/en\/wp-json\/wp\/v2\/product_tag?post=430"}],"curies":[{"name":"wp","href":"https:\/\/api.w.org\/{rel}","templated":true}]}}