{"id":438,"date":"2025-06-11T07:43:23","date_gmt":"2025-06-11T07:43:23","guid":{"rendered":"https:\/\/3dprinter.vn\/?post_type=product&#038;p=438"},"modified":"2025-06-11T09:25:55","modified_gmt":"2025-06-11T09:25:55","slug":"may-cnc-3d-5-truc","status":"publish","type":"product","link":"https:\/\/3dprinter.vn\/en\/product\/may-cnc-3d-5-truc\/","title":{"rendered":"M\u00c1Y CNC 3D 5 TR\u1ee4C \u2013 GI\u1ea2I PH\u00c1P GIA C\u00d4NG T\u1ed0I \u01afU CHO DOANH NGHI\u1ec6P HI\u1ec6N \u0110\u1ea0I."},"content":{"rendered":"<h3 data-start=\"210\" data-end=\"238\"><img loading=\"lazy\" decoding=\"async\" class=\"alignnone size-full wp-image-441\" src=\"https:\/\/3dprinter.vn\/wp-content\/uploads\/2025\/06\/cnc-3d-5-truc.jpg\" alt=\"cnc-3d-5-truc\" width=\"1024\" height=\"576\" title=\"\"><\/h3>\n<figure id=\"attachment_442\" aria-describedby=\"caption-attachment-442\" style=\"width: 1024px\" class=\"wp-caption alignnone\"><img loading=\"lazy\" decoding=\"async\" class=\"size-full wp-image-442\" src=\"https:\/\/3dprinter.vn\/wp-content\/uploads\/2025\/06\/cnc-3d-5-truc-1.jpg\" alt=\"m\u00e1y cnc t\u1ea1o khu\u00f4n 3d\" width=\"1024\" height=\"576\" title=\"\"><figcaption id=\"caption-attachment-442\" class=\"wp-caption-text\">m\u00e1y cnc t\u1ea1o khu\u00f4n<\/figcaption><\/figure>\n<h3 data-start=\"210\" data-end=\"238\">&#x2705; <strong data-start=\"216\" data-end=\"238\">\u00a0l\u00e0 g\u00ec?<\/strong><\/h3>\n<p data-start=\"240\" data-end=\"458\">M\u00e1y CNC 3D 5 tr\u1ee5c l\u00e0 d\u00f2ng m\u00e1y chuy\u00ean gia c\u00f4ng g\u1ed7 3D d\u1ea1ng kh\u1ed1i vu\u00f4ng, ch\u1eef nh\u1eadt 5 m\u1eb7t thay v\u00ec kh\u1ed1i tr\u1ee5. M\u00e1y cho ph\u00e9p t\u1ea1o h\u00ecnh c\u00e1c chi ti\u1ebft ph\u1ee9c t\u1ea1p v\u1edbi \u0111\u1ed9 tinh x\u1ea3o cao. V\u1edbi kh\u1ea3 n\u0103ng di chuy\u1ec3n linh ho\u1ea1t theo 5 tr\u1ee5c (X, Y, Z, A, B), m\u00e1y \u0111\u00e1p \u1ee9ng ho\u00e0n h\u1ea3o cho c\u00e1c ng\u00e0nh:<\/p>\n<ul data-start=\"460\" data-end=\"588\">\n<li data-start=\"460\" data-end=\"483\">\n<p data-start=\"462\" data-end=\"483\">Khu\u00f4n g\u1ed7 c\u00f4ng nghi\u1ec7p<\/p>\n<\/li>\n<li data-start=\"484\" data-end=\"504\">\n<p data-start=\"486\" data-end=\"504\">G\u1ed7 m\u1ef9 ngh\u1ec7 cao c\u1ea5p<\/p>\n<\/li>\n<li data-start=\"505\" data-end=\"536\">\n<p data-start=\"507\" data-end=\"536\">C\u00f4ng nghi\u1ec7p \u0111\u00fac th\u00e2n, ph\u1ee5 ki\u1ec7n \u00f4 t\u00f4, t\u00e0u thuy\u1ec1n, t\u01b0\u1ee3ng&#8230;<\/p>\n<\/li>\n<li data-start=\"537\" data-end=\"563\">\n<p data-start=\"539\" data-end=\"563\">Nh\u1ef1a k\u1ef9 thu\u1eadt v\u1edbi t\u00ean g\u1ecdi M\u00e1y cnc l\u00e0m khu\u00f4n composite<\/p>\n<\/li>\n<\/ul>\n<hr data-start=\"590\" data-end=\"593\" \/>\n<h3 data-start=\"595\" data-end=\"642\">&#x2699;&#xfe0f; <strong data-start=\"602\" data-end=\"642\">Th\u00f4ng s\u1ed1 k\u1ef9 thu\u1eadt (c\u00f3 th\u1ec3 t\u00f9y ch\u1ec9nh)<\/strong><\/h3>\n<div class=\"_tableContainer_16hzy_1\">\n<div class=\"_tableWrapper_16hzy_14 group flex w-fit flex-col-reverse\" tabindex=\"-1\">\n<table class=\"w-fit min-w-(--thread-content-width)\" data-start=\"644\" data-end=\"1313\">\n<thead data-start=\"644\" data-end=\"711\">\n<tr data-start=\"644\" data-end=\"711\">\n<th data-start=\"644\" data-end=\"675\" data-col-size=\"sm\"><strong data-start=\"646\" data-end=\"658\">Th\u00f4ng s\u1ed1<\/strong><\/th>\n<th data-start=\"675\" data-end=\"711\" data-col-size=\"sm\"><strong data-start=\"677\" data-end=\"689\">Chi ti\u1ebft<\/strong><\/th>\n<\/tr>\n<\/thead>\n<tbody data-start=\"779\" data-end=\"1313\">\n<tr data-start=\"779\" data-end=\"845\">\n<td data-start=\"779\" data-end=\"809\" data-col-size=\"sm\">H\u00e0nh tr\u00ecnh tr\u1ee5c X\/Y\/Z<\/td>\n<td data-col-size=\"sm\" data-start=\"809\" data-end=\"845\">1800mm x 1800mm x 1000mm (t\u00f9y ch\u1ecdn)<\/td>\n<\/tr>\n<tr data-start=\"846\" data-end=\"912\">\n<td data-start=\"846\" data-end=\"876\" data-col-size=\"sm\">G\u00f3c quay tr\u1ee5c A\/B<\/td>\n<td data-col-size=\"sm\" data-start=\"876\" data-end=\"912\">\u00b1120\u00b0 \/ \u00b1360\u00b0<\/td>\n<\/tr>\n<tr data-start=\"913\" data-end=\"979\">\n<td data-start=\"913\" data-end=\"943\" data-col-size=\"sm\">T\u1ed1c \u0111\u1ed9 tr\u1ee5c ch\u00ednh<\/td>\n<td data-col-size=\"sm\" data-start=\"943\" data-end=\"979\">18.000 v\u00f2ng\/ph\u00fat<\/td>\n<\/tr>\n<tr data-start=\"980\" data-end=\"1046\">\n<td data-start=\"980\" data-end=\"1010\" data-col-size=\"sm\">C\u00f4ng su\u1ea5t tr\u1ee5c ch\u00ednh<\/td>\n<td data-col-size=\"sm\" data-start=\"1010\" data-end=\"1046\">5.5kW &#8211; l\u00e0m m\u00e1t b\u1eb1ng n\u01b0\u1edbc<\/td>\n<\/tr>\n<tr data-start=\"1047\" data-end=\"1113\">\n<td data-start=\"1047\" data-end=\"1077\" data-col-size=\"sm\">T\u1ed1c \u0111\u1ed9 di chuy\u1ec3n<\/td>\n<td data-col-size=\"sm\" data-start=\"1077\" data-end=\"1113\">15.000 mm\/ph\u00fat<\/td>\n<\/tr>\n<tr data-start=\"1114\" data-end=\"1180\">\n<td data-start=\"1114\" data-end=\"1144\" data-col-size=\"sm\">\u0110\u1ed9 ch\u00ednh x\u00e1c \u0111\u1ecbnh v\u1ecb<\/td>\n<td data-col-size=\"sm\" data-start=\"1144\" data-end=\"1180\">\u00b10.01mm<\/td>\n<\/tr>\n<tr data-start=\"1181\" data-end=\"1247\">\n<td data-start=\"1181\" data-end=\"1211\" data-col-size=\"sm\">H\u1ec7 \u0111i\u1ec1u khi\u1ec3n<\/td>\n<td data-col-size=\"sm\" data-start=\"1211\" data-end=\"1247\">MCU\/ Syntec \/ Fanuc (t\u00f9y ch\u1ecdn)<\/td>\n<\/tr>\n<tr data-start=\"1248\" data-end=\"1313\">\n<td data-start=\"1248\" data-end=\"1278\" data-col-size=\"sm\">K\u1ebft n\u1ed1i ph\u1ea7n m\u1ec1m<\/td>\n<td data-col-size=\"sm\" data-start=\"1278\" data-end=\"1313\">H\u1ed7 tr\u1ee3 G-code, ArtCAM, Fusion360<\/td>\n<\/tr>\n<\/tbody>\n<\/table>\n<div class=\"sticky end-(--thread-content-margin) h-0 self-end select-none\">\n<div class=\"absolute end-0 flex items-end\"><\/div>\n<\/div>\n<\/div>\n<\/div>\n<hr data-start=\"1315\" data-end=\"1318\" \/>\n<h3 data-start=\"1320\" data-end=\"1348\">&#x1f680; <strong data-start=\"1327\" data-end=\"1348\">T\u00ednh n\u0103ng n\u1ed5i b\u1eadt<\/strong><\/h3>\n<ul data-start=\"1350\" data-end=\"1916\">\n<li data-start=\"1350\" data-end=\"1489\">\n<p data-start=\"1352\" data-end=\"1489\">&#x1f504; <strong data-start=\"1355\" data-end=\"1384\">Gia c\u00f4ng \u0111\u1ed3ng th\u1eddi 5 tr\u1ee5c<\/strong>: Cho ph\u00e9p m\u00e1y CNC \u0111i\u00eau kh\u1eafc g\u1ed7 t\u1ea1o h\u00ecnh chi ti\u1ebft v\u1edbi \u0111\u01b0\u1eddng cong, l\u1ed7 nghi\u00eang, r\u00e3nh xo\u1eafn \u2013 kh\u00f4ng th\u1ec3 th\u1ef1c hi\u1ec7n tr\u00ean m\u00e1y 3 tr\u1ee5c.<\/p>\n<\/li>\n<li data-start=\"1597\" data-end=\"1717\">\n<p data-start=\"1599\" data-end=\"1717\">&#x1f4d0; <strong data-start=\"1602\" data-end=\"1631\">Thi\u1ebft k\u1ebf c\u01a1 kh\u00ed c\u1ee9ng v\u1eefng<\/strong>: Khung m\u00e1y b\u1eb1ng th\u00e9p, \u0111\u1ed9 b\u1ec1n cao, ch\u1ed1ng rung trong qu\u00e1 tr\u00ecnh gia c\u00f4ng t\u1ed1c \u0111\u1ed9 cao.<\/p>\n<\/li>\n<li data-start=\"1814\" data-end=\"1916\">\n<p data-start=\"1816\" data-end=\"1916\">&#x2699;&#xfe0f; <strong data-start=\"1819\" data-end=\"1854\">H\u1ed7 tr\u1ee3 k\u1ef9 thu\u1eadt t\u1eeb xa &amp; t\u1ea1i ch\u1ed7<\/strong>: \u0110\u1ed9i ng\u0169 chuy\u00ean gia h\u1ed7 tr\u1ee3 24\/7, h\u01b0\u1edbng d\u1eabn v\u1eadn h\u00e0nh chi ti\u1ebft.<\/p>\n<\/li>\n<\/ul>\n<hr data-start=\"1918\" data-end=\"1921\" \/>\n<h3 data-start=\"1923\" data-end=\"1952\">&#x1f3af; <strong data-start=\"1930\" data-end=\"1952\">\u1ee8ng d\u1ee5ng ti\u00eau bi\u1ec3u<\/strong><\/h3>\n<ul data-start=\"1954\" data-end=\"2169\">\n<li data-start=\"1954\" data-end=\"1997\">\n<p data-start=\"1956\" data-end=\"1997\">Ch\u1ebf t\u1ea1o khu\u00f4n composite, khu\u00f4n \u0111\u00fac kim lo\u1ea1i<\/p>\n<\/li>\n<li data-start=\"1998\" data-end=\"2059\">\n<p data-start=\"2000\" data-end=\"2059\">Gia c\u00f4ng t\u01b0\u1ee3ng g\u1ed7, ch\u00e2n gh\u1ebf t\u00e2n c\u1ed5 \u0111i\u1ec3n, c\u00e1nh c\u1eeda ch\u1ea1m kh\u1eafc<\/p>\n<\/li>\n<li data-start=\"2060\" data-end=\"2110\">\n<p data-start=\"2062\" data-end=\"2110\">L\u00e0m chi ti\u1ebft m\u00e1y h\u00e0ng kh\u00f4ng v\u1edbi \u0111\u1ed9 ch\u00ednh x\u00e1c cao<\/p>\n<\/li>\n<li data-start=\"2111\" data-end=\"2169\">\n<p data-start=\"2113\" data-end=\"2169\">Phay b\u1ec1 m\u1eb7t nghi\u00eang, kh\u1eafc m\u1eb7t cong, ti\u1ec7n \u2013 phay t\u00edch h\u1ee3p<\/p>\n<\/li>\n<\/ul>\n<hr data-start=\"2171\" data-end=\"2174\" \/>\n<h3 data-start=\"2176\" data-end=\"2207\">&#x1f381; <strong data-start=\"2183\" data-end=\"2207\">G\u00f3i mua h\u00e0ng m\u00e1y cnc g\u1ed7 3D bao g\u1ed3m<\/strong><\/h3>\n<ul data-start=\"2209\" data-end=\"2402\">\n<li data-start=\"2209\" data-end=\"2251\">\n<p data-start=\"2211\" data-end=\"2251\">&#x2705; 01 m\u00e1y CNC 5 tr\u1ee5c (l\u1eafp r\u00e1p ho\u00e0n ch\u1ec9nh)<\/p>\n<\/li>\n<li data-start=\"2252\" data-end=\"2281\">\n<p data-start=\"2254\" data-end=\"2281\">&#x2705; B\u1ed9 k\u1eb9p dao, dao c\u1ee5 c\u01a1 b\u1ea3n<\/p>\n<\/li>\n<li data-start=\"2323\" data-end=\"2365\">\n<p data-start=\"2325\" data-end=\"2365\">&#x2705; T\u00e0i li\u1ec7u h\u01b0\u1edbng d\u1eabn v\u1eadn h\u00e0nh ti\u1ebfng Vi\u1ec7t<\/p>\n<\/li>\n<li data-start=\"2366\" data-end=\"2402\">\n<p data-start=\"2368\" data-end=\"2402\">&#x2705; H\u1ed7 tr\u1ee3 c\u00e0i \u0111\u1eb7t &amp; \u0111\u00e0o t\u1ea1o t\u1ea1i ch\u1ed7<\/p>\n<\/li>\n<\/ul>\n<hr data-start=\"2404\" data-end=\"2407\" \/>\n<h3 data-start=\"2409\" data-end=\"2437\">&#x1f4ac; <strong data-start=\"2416\" data-end=\"2437\">T\u01b0 v\u1ea5n v\u00e0 b\u00e1o gi\u00e1<\/strong><\/h3>\n<p data-start=\"2439\" data-end=\"2634\">&#x1f449; Li\u00ean h\u1ec7 ngay \u0111\u1ec3 \u0111\u01b0\u1ee3c t\u01b0 v\u1ea5n c\u1ea5u h\u00ecnh\u00a0ph\u00f9 h\u1ee3p nh\u1ea5t v\u1edbi nhu c\u1ea7u c\u1ee7a b\u1ea1n.<br data-start=\"2512\" data-end=\"2515\" \/>&#x260e;&#xfe0f; Hotline: 090 292 7599<br data-start=\"2539\" data-end=\"2542\" \/>&#x1f4e7; Email: 3dprinter.vn@gmail.com<br data-start=\"2571\" data-end=\"2574\" \/>&#x1f4cd; Giao h\u00e0ng to\u00e0n qu\u1ed1c \u2013 l\u1eafp \u0111\u1eb7t t\u1eadn n\u01a1i \u2013 b\u1ea3o h\u00e0nh 12 th\u00e1ng<\/p>\n<p><iframe loading=\"lazy\" title=\"CNC 3D 5 tr\u1ee5c\" width=\"500\" height=\"281\" src=\"https:\/\/www.youtube.com\/embed\/eieuih_NeRs?feature=oembed\" frameborder=\"0\" allow=\"accelerometer; autoplay; clipboard-write; encrypted-media; gyroscope; picture-in-picture; web-share\" referrerpolicy=\"strict-origin-when-cross-origin\" allowfullscreen><\/iframe><\/p>","protected":false},"excerpt":{"rendered":"<p>&#x2705; \u00a0l\u00e0 g\u00ec? M\u00e1y CNC 3D 5 tr\u1ee5c l\u00e0 d\u00f2ng m\u00e1y chuy\u00ean gia c\u00f4ng g\u1ed7 3D d\u1ea1ng kh\u1ed1i vu\u00f4ng, ch\u1eef nh\u1eadt 5 m\u1eb7t thay v\u00ec kh\u1ed1i tr\u1ee5. M\u00e1y cho ph\u00e9p t\u1ea1o h\u00ecnh c\u00e1c chi ti\u1ebft ph\u1ee9c t\u1ea1p v\u1edbi \u0111\u1ed9 tinh x\u1ea3o cao. V\u1edbi kh\u1ea3 n\u0103ng di chuy\u1ec3n linh ho\u1ea1t theo 5 tr\u1ee5c (X, Y, Z, [&hellip;]<\/p>","protected":false},"featured_media":440,"template":"","meta":[],"product_brand":[],"product_cat":[34],"product_tag":[],"class_list":{"0":"post-438","1":"product","2":"type-product","3":"status-publish","4":"has-post-thumbnail","6":"product_cat-may-cnc","8":"first","9":"instock","10":"shipping-taxable","11":"product-type-simple"},"_links":{"self":[{"href":"https:\/\/3dprinter.vn\/en\/wp-json\/wp\/v2\/product\/438","targetHints":{"allow":["GET"]}}],"collection":[{"href":"https:\/\/3dprinter.vn\/en\/wp-json\/wp\/v2\/product"}],"about":[{"href":"https:\/\/3dprinter.vn\/en\/wp-json\/wp\/v2\/types\/product"}],"wp:featuredmedia":[{"embeddable":true,"href":"https:\/\/3dprinter.vn\/en\/wp-json\/wp\/v2\/media\/440"}],"wp:attachment":[{"href":"https:\/\/3dprinter.vn\/en\/wp-json\/wp\/v2\/media?parent=438"}],"wp:term":[{"taxonomy":"product_brand","embeddable":true,"href":"https:\/\/3dprinter.vn\/en\/wp-json\/wp\/v2\/product_brand?post=438"},{"taxonomy":"product_cat","embeddable":true,"href":"https:\/\/3dprinter.vn\/en\/wp-json\/wp\/v2\/product_cat?post=438"},{"taxonomy":"product_tag","embeddable":true,"href":"https:\/\/3dprinter.vn\/en\/wp-json\/wp\/v2\/product_tag?post=438"}],"curies":[{"name":"wp","href":"https:\/\/api.w.org\/{rel}","templated":true}]}}